{"id":4817,"date":"2026-04-11T08:54:20","date_gmt":"2026-04-11T06:54:20","guid":{"rendered":"https:\/\/www.hofmann-rtv.ch\/?post_type=product&#038;p=4817"},"modified":"2026-04-15T11:11:14","modified_gmt":"2026-04-15T09:11:14","slug":"stellar-48-dr-ti-alu-brushed-concrete","status":"publish","type":"product","link":"https:\/\/www.hofmann-rtv.ch\/?product=stellar-48-dr-ti-alu-brushed-concrete","title":{"rendered":"Stellar 48 dr+ alu + concrete"},"content":{"rendered":"<h2 class=\"header-with-line\">Tizen, Loewe OLED UHD TV 48&#8243;<\/h2>\n<div class=\"mb-2\">\n<p>Das atemberaubende Design des Loewe stellar interpretiert den OLED-Flachbildschirm v\u00f6llig neu &#8211; ein geborener Showstar, der in jedem gehobenen Interieur seinen grossen Auftritt hat. Hochwertige Materialien und ein 360-Grad-Design bieten ein unvergleichliches \u00e4sthetisches Erlebnis.<\/p>\n<p>Die einzigartige Displayabdeckung aus echtem Beton und der geb\u00fcrstete Aluminium-Rahmen verleihen ein einmaliges Design. 100% Made in Germany, von der Konstruktion des OLED-Panels bis zur Fertigung, bietet dieser Loewe TV eine exzellente Bild- und Klangqualit\u00e4t, die neue Massst\u00e4be setzt.<\/p>\n<p>Erleben Sie mit dem Loewe stellar ein innovatives Lichtkonzept, das magische Momente aus Licht und Bewegung schafft.<\/p>\n<p>Das leistungsstarke integrierte aktive Soundsystem liefert eine beeindruckende Gesamtmusikleistung von 80 Watt. Der integrierte SSD-Festplattenrekorder bietet grenzenloses Entertainment.<\/p>\n<p>F\u00fcr Gaming-Enthusiasten liefert die native 144Hz VRR eine professionelle Spielerfahrung. Mit dem neuen smarten Loewe os erleben Sie grenzenlose Konnektivit\u00e4t und intuitive Bedienung. Dank des intelligenten versteckten Kabelmanagements bleibt Ihre Umgebung frei von st\u00f6rendem Kabelgewirr.<\/p>\n<p>Erleben Sie die Zukunft des Fernsehens mit dem Loewe stellar &#8211; ein Meisterwerk deutscher Ingenieurskunst und Design\u00e4sthetik.<\/p>\n<\/div>\n<div class=\"scrollable-tabs scrollable-tab-detail-page mb-3 px-3\"><\/div>\n","protected":false},"excerpt":{"rendered":"<div class=\"details__headline\">121 cm OLED-Fernseher, 48 Zoll, Aufl\u00f6sung: 3.840&#215;2.160 Pixel, 4K Ultra HD, 144 Hz Bildwiederholungsrate, OLED-Panel, High Dynamic Range (HDR), High Dynamic Range (HDR 10), Hybrid Log Gamma (HLG), integrierte Festplatte, DVB-T2, DVB-S2, DVB-C, DVB-C2, SAT&gt;IP, Twin-Tuner f\u00fcr Aufnahme, Dolby Atmos, 40 Watt maximale Gesamtleistung, integrierte Soundbar, Remote App kompatibel f\u00fcr iPhone, Android, per App steuerbar, integrierte Sprachsteuerung, kompatibel mit Amazon Alexa, SmartTV, Loewe os-Betriebssystem, Magenta TV, Internet-Radio, USB-Recording, WEB-Browser, AirPlay, Bluetooth, DLNA, Miracast (Drahtlose Bild\u00fcbertragung vom Smartphone oder Tablet auf den Fernseher), WLAN, WiFi Direkt, Wandhalterung, Energieeffizienzklasse F<\/div>\n<div class=\"details__sustainability\"><\/div>\n<div class=\"details__subline\">Das atemberaubende Design des Loewe stellar interpretiert den OLED<br \/>\nFlachbildschirm v\u00f6llig neu. Mit Echt-Beton R\u00fcckwand und geb\u00fcrstetem<br \/>\nAluminium-Rahmen. 100% Made in Germany. Erleben Sie mit dem Loewe<br \/>\nstellar ein innovatives Lichtkonzept, das magische Momente aus Licht und<br \/>\nBewegung schafft f\u00fcr einen unvergleichlichen Fernsehgenuss.Fernbedienung (inkl. Batterien): Loewe remote stellar mini\/ 4xAAA<\/div>\n<div><a href=\"https:\/\/www.telion.ch\/media\/upload\/Loewe%20stellar%2042-65%20data%20sheet%20March%202025%20DE.pdf\">Datenblatt<\/a><\/div>\n<div><a href=\"https:\/\/www.telion.ch\/media\/upload\/stellar%2048%20incl.%20TS%2042-48.pdf\">Masszeichnung<\/a><\/div>\n","protected":false},"featured_media":4820,"template":"","meta":[],"pwb-brand":[109],"product_brand":[37],"product_cat":[34,38],"product_tag":[],"class_list":{"0":"post-4817","1":"product","2":"type-product","3":"status-publish","4":"has-post-thumbnail","6":"pwb-brand-zeitloses-design-hoechste-fertigungsqualitaet-made-in-germany","7":"product_brand-loewe","8":"product_cat-fernseher","9":"product_cat-loewe","11":"first","12":"outofstock","13":"shipping-taxable","14":"purchasable","15":"product-type-simple"},"jetpack_sharing_enabled":true,"brands":[{"id":109,"name":"Loewe","slug":"zeitloses-design-hoechste-fertigungsqualitaet-made-in-germany"}],"_links":{"self":[{"href":"https:\/\/www.hofmann-rtv.ch\/index.php?rest_route=\/wp\/v2\/product\/4817","targetHints":{"allow":["GET"]}}],"collection":[{"href":"https:\/\/www.hofmann-rtv.ch\/index.php?rest_route=\/wp\/v2\/product"}],"about":[{"href":"https:\/\/www.hofmann-rtv.ch\/index.php?rest_route=\/wp\/v2\/types\/product"}],"wp:featuredmedia":[{"embeddable":true,"href":"https:\/\/www.hofmann-rtv.ch\/index.php?rest_route=\/wp\/v2\/media\/4820"}],"wp:attachment":[{"href":"https:\/\/www.hofmann-rtv.ch\/index.php?rest_route=%2Fwp%2Fv2%2Fmedia&parent=4817"}],"wp:term":[{"taxonomy":"pwb-brand","embeddable":true,"href":"https:\/\/www.hofmann-rtv.ch\/index.php?rest_route=%2Fwp%2Fv2%2Fpwb-brand&post=4817"},{"taxonomy":"product_brand","embeddable":true,"href":"https:\/\/www.hofmann-rtv.ch\/index.php?rest_route=%2Fwp%2Fv2%2Fproduct_brand&post=4817"},{"taxonomy":"product_cat","embeddable":true,"href":"https:\/\/www.hofmann-rtv.ch\/index.php?rest_route=%2Fwp%2Fv2%2Fproduct_cat&post=4817"},{"taxonomy":"product_tag","embeddable":true,"href":"https:\/\/www.hofmann-rtv.ch\/index.php?rest_route=%2Fwp%2Fv2%2Fproduct_tag&post=4817"}],"curies":[{"name":"wp","href":"https:\/\/api.w.org\/{rel}","templated":true}]}}