{"id":4845,"date":"2026-04-11T09:43:25","date_gmt":"2026-04-11T07:43:25","guid":{"rendered":"https:\/\/www.hofmann-rtv.ch\/?post_type=product&#038;p=4845"},"modified":"2026-04-17T11:18:02","modified_gmt":"2026-04-17T09:18:02","slug":"leica-laser-cinema-cine1-120","status":"publish","type":"product","link":"https:\/\/www.hofmann-rtv.ch\/?product=leica-laser-cinema-cine1-120","title":{"rendered":"Leica Laser Cinema Cine1 120&#8243;"},"content":{"rendered":"<p>Der Leica Cine 1 verbindet innovative Technik und hohe Ingenieurskunst mit puristischem, ikonischem Design zu einem Pr\u00e4zisionsprodukt, das die einzigartige Leica Qualit\u00e4t zum ersten Mal im Bewegtbild in 100\u201c erlebbar macht. Der smarte Laser-TV besticht mit 4k Aufl\u00f6sung, glasklarem Dolby Atmos\u00ae Surround-Sound und Dolby Vision f\u00fcr intensive Farbtiefe und scharfe Kontraste bis zum Rand. Kompromisslose Qualit\u00e4t \u2013 bis ins kleinste Detail. Die Garantiezeit auf Leica Cinema betr\u00e4gt 36 Monate!<\/p>\n<p>Im Zusammenspiel aus Realit\u00e4t und Fiktion treffen modernste Technologien auf maximale Konnektivit\u00e4t und h\u00f6chste Standards in Form und Funktion. Triple RGB-Laser, Leica Image Optimization und das Leica Summicron Objektiv erm\u00f6glichen die Projektion einmaliger Bildwelten selbst aus k\u00fcrzester Distanz auf die Leinwand \u2013 in 100&#8243; Bildgr\u00f6sse. Das puristische, geradlinige Design folgt einer zeitlosen, reduzierten Formensprache und l\u00e4sst sich dank Ultrakurzdistanz-Objektiv nahtlos und platzsparend in jeden Wohnraum integrieren. Dar\u00fcber hinaus machen smarte Funktionen wie Smart-TV-Oberfl\u00e4che inklusive Sprachsteuerung, Triple-Tuner, Apple AirPlay oder der direkte Zugriff auf Streaming-Plattformen diesen Laser-TV zu einem All-in-One Entertainment-System f\u00fcr ein Heimkino-Erlebnis in voller Bandbreite. Ein Designobjekt, das die Liebe zum Film feiert und das Heimkino endlich Wirklichkeit werden l\u00e4sst.<\/p>\n<p>Ikonisch und zeitlos. Vom langlebigen Aluminiumgeh\u00e4use \u00fcber das automatische Dust Cover und der perforierten Lautsprecher-Abdeckung bis zum ikonischen, roten Punkt: Leica Cine 1 vereint handwerkliche Meisterklasse mit klassischen Formen im Bauhaus-Stil und authentischem Leica Flair. F\u00fcr Generationen gebaut, f\u00fcr die Leinwand optimiert und f\u00fcr stilvolle Wohnr\u00e4ume designt.<\/p>\n<p>Das anspruchsvolle Leica Summicron Objektiv ist mit vier asph\u00e4rischen Linsen nach Leica Standard gefertigt. Fixiert auf die Bildgr\u00f6sse, sorgt es f\u00fcr eine gleichbleibend hohe Abbildungsleistung. Damit werden der unverwechselbare Charakter und die herausragende Qualit\u00e4t eines Leica Bildes erstmals in 4k Aufl\u00f6sung mit 100 Zoll Bildgr\u00f6sse erlebbar.<\/p>\n<p>Passende M\u00f6bel mit elektrischer Leinwand sind optional erh\u00e4ltlich. Fragen Sie uns diesbez\u00fcglich bitte an.<\/p>\n","protected":false},"excerpt":{"rendered":"<h2 class=\"headline dark:text-white h2 mb-6\" data-component-id=\"leica_redesign_theme:headline\">Wesentliche Merkmale<\/h2>\n<ul class=\"unordered-list--with-dots essentials-field mb-0 font-light text-lg\">\n<li>4k Aufl\u00f6sung f\u00fcr eine brilliante und faszinierende Bildqualit\u00e4t<\/li>\n<li>Pr\u00e4zise, naturgetreue und kontrastreiche Darstellung mit Triple RGB-Laser<\/li>\n<li>Leica Summicron-Objektiv und LIO\u2122 (Leica Image Optimization) machen zum ersten Mal die einzigartige Leica Bildqualit\u00e4t als Bewegtbild erlebbar<\/li>\n<li>Dolby Vision HDR 10 f\u00fcr atemberaubende Farbtiefe bis zum Rand<\/li>\n<li>Lebendige, faszinierende Farbwelten auch am Tag dank mehr als 100% BT.2020 Farbaum und bis zu 3000 ANSI-Lumen Bildhelligkeit<\/li>\n<li>Enzigartiges, puristisches Leica Design im hochwertigen Alumium-Geh\u00e4use mit automatischem Staubschutz-Deckel<\/li>\n<li>Dolby Atmos Surround-Sound f\u00fcr ein glasklares Klangerlebnis<\/li>\n<li>Augenschonend, energieeffizient und leistungsstark mit \u00fcber 25.000 Stunden Lebensdauer<\/li>\n<li>All-in one Entertainment dank moderner Konnektivit\u00e4t und intuitiver VIDAA Smart-TV Oberfl\u00e4che mit direktem Zugriff auf alle Streaming- und TV-Dienste, inkl. Sprachsteuerung, Triple Tuner, Apple Airplay und FilmmakermodeTM<\/li>\n<\/ul>\n<div class=\"product-detail-description-text-overlay\"><\/div>\n<p><a href=\"https:\/\/www.telion.ch\/media\/upload\/LEICA_Cine1_Brochure_DE_Feb-2024_WEB-PDF.pdf\">Leica Cine 1 Flyer<\/a><\/p>\n<p><a href=\"https:\/\/www.telion.ch\/media\/upload\/Leica_Cine1_Spezifikationen.pdf\">Leica_Cine1_Spezifikationen<\/a><\/p>\n<p>&nbsp;<\/p>\n","protected":false},"featured_media":4846,"template":"","meta":[],"pwb-brand":[110],"product_brand":[66],"product_cat":[34,52],"product_tag":[],"class_list":{"0":"post-4845","1":"product","2":"type-product","3":"status-publish","4":"has-post-thumbnail","6":"pwb-brand-innovation-aus-tradition","7":"product_brand-leica","8":"product_cat-fernseher","9":"product_cat-leica","11":"first","12":"outofstock","13":"shipping-taxable","14":"purchasable","15":"product-type-simple"},"jetpack_sharing_enabled":true,"brands":[{"id":110,"name":"Leica","slug":"innovation-aus-tradition"}],"_links":{"self":[{"href":"https:\/\/www.hofmann-rtv.ch\/index.php?rest_route=\/wp\/v2\/product\/4845","targetHints":{"allow":["GET"]}}],"collection":[{"href":"https:\/\/www.hofmann-rtv.ch\/index.php?rest_route=\/wp\/v2\/product"}],"about":[{"href":"https:\/\/www.hofmann-rtv.ch\/index.php?rest_route=\/wp\/v2\/types\/product"}],"wp:featuredmedia":[{"embeddable":true,"href":"https:\/\/www.hofmann-rtv.ch\/index.php?rest_route=\/wp\/v2\/media\/4846"}],"wp:attachment":[{"href":"https:\/\/www.hofmann-rtv.ch\/index.php?rest_route=%2Fwp%2Fv2%2Fmedia&parent=4845"}],"wp:term":[{"taxonomy":"pwb-brand","embeddable":true,"href":"https:\/\/www.hofmann-rtv.ch\/index.php?rest_route=%2Fwp%2Fv2%2Fpwb-brand&post=4845"},{"taxonomy":"product_brand","embeddable":true,"href":"https:\/\/www.hofmann-rtv.ch\/index.php?rest_route=%2Fwp%2Fv2%2Fproduct_brand&post=4845"},{"taxonomy":"product_cat","embeddable":true,"href":"https:\/\/www.hofmann-rtv.ch\/index.php?rest_route=%2Fwp%2Fv2%2Fproduct_cat&post=4845"},{"taxonomy":"product_tag","embeddable":true,"href":"https:\/\/www.hofmann-rtv.ch\/index.php?rest_route=%2Fwp%2Fv2%2Fproduct_tag&post=4845"}],"curies":[{"name":"wp","href":"https:\/\/api.w.org\/{rel}","templated":true}]}}