{"id":4853,"date":"2026-04-11T10:54:22","date_gmt":"2026-04-11T08:54:22","guid":{"rendered":"https:\/\/www.hofmann-rtv.ch\/?product=loewe-callas-43"},"modified":"2026-05-02T01:21:19","modified_gmt":"2026-05-01T23:21:19","slug":"loewe-callas-43","status":"publish","type":"product","link":"https:\/\/www.hofmann-rtv.ch\/?product=loewe-callas-43","title":{"rendered":"Loewe callas 43"},"content":{"rendered":"<p>Farbe: Basalt Grey<br \/>\nKategorie: Fernseher<br \/>\nChassis: SL840<br \/>\nBildschirmdiagonale: 43&#8243;<br \/>\nDigitalrecorder DR+: ohne DR+<br \/>\nTechnologie: LCD<br \/>\nL\u00e4ndercode: CH<br \/>\nModelljahr: 2024<br \/>\nBildschirmdiagonale: 108 cm<br \/>\nBildaufl\u00f6sung: 4K<br \/>\nPixelaufl\u00f6sung: 3840 x 2160<br \/>\nDynamikumfang: HDR, HLG, HDE10, HDR10+, Dolby Vision, WCG<br \/>\nBildseitenverh\u00e4ltnis: 16:9<br \/>\nBetriebssystem: Loewe os9 &#8211; Vidaa<br \/>\nLochmuster (VESA): Max. 300 x 300 mm<br \/>\nAudio-Anschl\u00fcsse: 3.5mm Klinke (Out), optical TOSLINK (Out)<br \/>\nKabellose \u00dcbertragung: Bluetooth, WLAN, Miracast, AirPlay, DTS Play-Fi<br \/>\nBreite Produkt: 970 mm<br \/>\nH\u00f6he Produkt: 633 mm<br \/>\nTiefe Produkt: 254 mm<br \/>\nSmart Home: Amazon Alexa<br \/>\nSpannung: 220-240V<br \/>\nTV-Tuner: DVB-T2\/C\/S2 HD, Unicable<br \/>\nBildmodi: Kino Tag, Kino Nacht, Dynamisch, Sport<br \/>\nFusstyp: Tischfuss<br \/>\nWeitere Eigenschaften: USB-Recording, Timeshift<br \/>\nNennleistung Audio: 60 W<br \/>\nVideo-Anschl\u00fcsse: 2 x HDMI 2.0b, 2 x HDMI 2.1<br \/>\nHDMI Features: HDCP 2.2, HDMI-CEC, ARC, e-ARC<br \/>\nAnzahl Ci+ Slots: 1<br \/>\nHintergrundbeleuchtung: LED<br \/>\nDaten-Anschl\u00fcsse: 4x USB (2x USB 3.0), LAN, CI Steckplatz (1x)<br \/>\nLieferumfang: Tischfuss, Fernbedienung, Netzkabel, Bedienungsanleitung<br \/>\nBetriebssystem: Vidaa<\/p>\n","protected":false},"excerpt":{"rendered":"<h1>Loewe callas 43<\/h1>\n<h2 class=\"header-with-line\">Basalt Grey, Loewe LCD UHD TV 43&#8243;<\/h2>\n<div class=\"mb-2\">\n<p>Dank seiner vielseitigen, technisch ausgefeilten Ausstattung ist der Loewe callas ein kompakter und sehr leistungsstarker Smart-TV. Ein massgeschneidertes Panel mit superschneller Smart-Plattform, feiner Aufl\u00f6sung und HDR-Verarbeitung mit Dolby Vision\u2122 sorgen f\u00fcr erstklassige Bildqualit\u00e4t und komfortables Smart Entertainment inklusive Apple AirPlay und DTS Play-Fi.<\/p>\n<p>Die integrierte Front-Soundbar liefert beeindruckende Film-Action und klare Sprachwiedergabe. Der drehbare, massive Metall-Tischfuss oder der optionale Bodenst\u00e4nder, beide mit echter Chrom-Oberfl\u00e4che, sind ein edler Blickfang.<\/p>\n<p>Mit seiner dezenten Gr\u00f6sse und dem minimalistischen Design f\u00fcgt sich das kompakte TV Modell nahtlos in jede gehobene Einrichtung ein und passt perfekt in kleinere R\u00e4ume wie Schlafzimmer oder K\u00fcchen. Erleben Sie im Handumdrehen smartes Fernsehen der komfortablen Art.<\/p>\n<p>In Sekundenschnelle k\u00f6nnen Sie mit dem Loewe callas direkt auf Streaming-Dienste wie Netflix, Amazon-Prime oder Disney+, YouTube oder auch Mediatheken zugreifen.<\/p>\n<\/div>\n","protected":false},"featured_media":5528,"template":"","meta":[],"pwb-brand":[109],"product_brand":[37],"product_cat":[34,38],"product_tag":[],"class_list":{"0":"post-4853","1":"product","2":"type-product","3":"status-publish","4":"has-post-thumbnail","6":"pwb-brand-zeitloses-design-hoechste-fertigungsqualitaet-made-in-germany","7":"product_brand-loewe","8":"product_cat-fernseher","9":"product_cat-loewe","11":"first","12":"outofstock","13":"shipping-taxable","14":"purchasable","15":"product-type-simple"},"jetpack_sharing_enabled":true,"brands":[{"id":109,"name":"Loewe","slug":"zeitloses-design-hoechste-fertigungsqualitaet-made-in-germany"}],"_links":{"self":[{"href":"https:\/\/www.hofmann-rtv.ch\/index.php?rest_route=\/wp\/v2\/product\/4853","targetHints":{"allow":["GET"]}}],"collection":[{"href":"https:\/\/www.hofmann-rtv.ch\/index.php?rest_route=\/wp\/v2\/product"}],"about":[{"href":"https:\/\/www.hofmann-rtv.ch\/index.php?rest_route=\/wp\/v2\/types\/product"}],"wp:featuredmedia":[{"embeddable":true,"href":"https:\/\/www.hofmann-rtv.ch\/index.php?rest_route=\/wp\/v2\/media\/5528"}],"wp:attachment":[{"href":"https:\/\/www.hofmann-rtv.ch\/index.php?rest_route=%2Fwp%2Fv2%2Fmedia&parent=4853"}],"wp:term":[{"taxonomy":"pwb-brand","embeddable":true,"href":"https:\/\/www.hofmann-rtv.ch\/index.php?rest_route=%2Fwp%2Fv2%2Fpwb-brand&post=4853"},{"taxonomy":"product_brand","embeddable":true,"href":"https:\/\/www.hofmann-rtv.ch\/index.php?rest_route=%2Fwp%2Fv2%2Fproduct_brand&post=4853"},{"taxonomy":"product_cat","embeddable":true,"href":"https:\/\/www.hofmann-rtv.ch\/index.php?rest_route=%2Fwp%2Fv2%2Fproduct_cat&post=4853"},{"taxonomy":"product_tag","embeddable":true,"href":"https:\/\/www.hofmann-rtv.ch\/index.php?rest_route=%2Fwp%2Fv2%2Fproduct_tag&post=4853"}],"curies":[{"name":"wp","href":"https:\/\/api.w.org\/{rel}","templated":true}]}}