{"id":4854,"date":"2026-04-11T10:54:22","date_gmt":"2026-04-11T08:54:22","guid":{"rendered":"https:\/\/www.hofmann-rtv.ch\/?product=loewe-vega-32"},"modified":"2026-04-15T11:11:14","modified_gmt":"2026-04-15T09:11:14","slug":"loewe-vega-32","status":"publish","type":"product","link":"https:\/\/www.hofmann-rtv.ch\/?product=loewe-vega-32","title":{"rendered":"Loewe vega 32"},"content":{"rendered":"<p>Farbe: Silber<br \/>\nKategorie: Fernseher<br \/>\nChassis: SL832<br \/>\nBildschirmdiagonale: 32&#8243;<br \/>\nDigitalrecorder DR+: ohne DR+<br \/>\nTechnologie: DLED<br \/>\nL\u00e4ndercode: CH<br \/>\nModelljahr: 2026<br \/>\nBildschirmdiagonale: 81 cm<br \/>\nBildaufl\u00f6sung: 4K<br \/>\nPixelaufl\u00f6sung: 3840 x 2160<br \/>\nBildseitenverh\u00e4ltnis: 16:9<br \/>\nBetriebssystem: Vidaa, Loewe os9 &#8211; Vidaa<br \/>\nLochmuster (VESA): Max. 100 x 100 mm<br \/>\nAudio-Anschl\u00fcsse: 3.5mm Klinke (Out), Toslink<br \/>\nKabellose \u00dcbertragung: Bluetooth, WLAN, Miracast, AirPlay<br \/>\nSpannung: 220-240V<br \/>\nTV-Tuner: DVB-T2\/C\/S2 HD, Unicable, Dual Channel<br \/>\nFusstyp: Tischfuss<br \/>\nVideo-Anschl\u00fcsse: 2 x HDMI 2.0b, 2 x HDMI 2.1<br \/>\nHDMI Features: HDCP 2.2, HDMI-CEC, ARC, e-ARC<br \/>\nHintergrundbeleuchtung: Direct LED<br \/>\nDaten-Anschl\u00fcsse: 2x USB (1x USB C), LAN, CI Steckplatz (1x)<br \/>\nLieferumfang: Tischfuss, Fernbedienung, Netzkabel, Bedienungsanleitung<br \/>\nBreite Produkt: 724 mm<br \/>\nH\u00f6he Produkt: 492 mm<br \/>\nTiefe Produkt: 258 mm<br \/>\nNennleistung Audio: 60 W<br \/>\nAnzahl Ci+ Slots: 1<br \/>\nStromverbrauch (Standby): 0.50 W<\/p>\n","protected":false},"excerpt":{"rendered":"<p>Kompakter 4K Ultra HD Smart TV mit Zweikanal-Technologie.<\/p>\n<p>Smart-TV mit FullArray DirectLED Ultra HD Panels in 32 Zoll: Loewe vega steht f\u00fcr kompaktes Format, edles Design, h\u00f6chsten Komfort und smartes Entertainment. Egal, ob f\u00fcr TV schauen oder aufnehmen, Video-on-Demand und Mediatheken streamen oder nur Musik geniessen: \u00dcberlegene Bildperformance mit h\u00f6chster Aufl\u00f6sung, tiefem schwarz und leuchtenden Farben sowie kr\u00e4ftiger und klarer Sound, neueste Features und Standards garantieren maximalen Genuss in minimaler Gr\u00f6sse.<\/p>\n","protected":false},"featured_media":4535,"template":"","meta":[],"pwb-brand":[109],"product_brand":[37],"product_cat":[34,38],"product_tag":[],"class_list":{"0":"post-4854","1":"product","2":"type-product","3":"status-publish","4":"has-post-thumbnail","6":"pwb-brand-zeitloses-design-hoechste-fertigungsqualitaet-made-in-germany","7":"product_brand-loewe","8":"product_cat-fernseher","9":"product_cat-loewe","11":"first","12":"outofstock","13":"shipping-taxable","14":"purchasable","15":"product-type-simple"},"jetpack_sharing_enabled":true,"brands":[{"id":109,"name":"Loewe","slug":"zeitloses-design-hoechste-fertigungsqualitaet-made-in-germany"}],"_links":{"self":[{"href":"https:\/\/www.hofmann-rtv.ch\/index.php?rest_route=\/wp\/v2\/product\/4854","targetHints":{"allow":["GET"]}}],"collection":[{"href":"https:\/\/www.hofmann-rtv.ch\/index.php?rest_route=\/wp\/v2\/product"}],"about":[{"href":"https:\/\/www.hofmann-rtv.ch\/index.php?rest_route=\/wp\/v2\/types\/product"}],"wp:featuredmedia":[{"embeddable":true,"href":"https:\/\/www.hofmann-rtv.ch\/index.php?rest_route=\/wp\/v2\/media\/4535"}],"wp:attachment":[{"href":"https:\/\/www.hofmann-rtv.ch\/index.php?rest_route=%2Fwp%2Fv2%2Fmedia&parent=4854"}],"wp:term":[{"taxonomy":"pwb-brand","embeddable":true,"href":"https:\/\/www.hofmann-rtv.ch\/index.php?rest_route=%2Fwp%2Fv2%2Fpwb-brand&post=4854"},{"taxonomy":"product_brand","embeddable":true,"href":"https:\/\/www.hofmann-rtv.ch\/index.php?rest_route=%2Fwp%2Fv2%2Fproduct_brand&post=4854"},{"taxonomy":"product_cat","embeddable":true,"href":"https:\/\/www.hofmann-rtv.ch\/index.php?rest_route=%2Fwp%2Fv2%2Fproduct_cat&post=4854"},{"taxonomy":"product_tag","embeddable":true,"href":"https:\/\/www.hofmann-rtv.ch\/index.php?rest_route=%2Fwp%2Fv2%2Fproduct_tag&post=4854"}],"curies":[{"name":"wp","href":"https:\/\/api.w.org\/{rel}","templated":true}]}}