{"id":4860,"date":"2026-04-11T10:54:22","date_gmt":"2026-04-11T08:54:22","guid":{"rendered":"https:\/\/www.hofmann-rtv.ch\/?product=loewe-inspire-48-dr"},"modified":"2026-04-15T11:11:14","modified_gmt":"2026-04-15T09:11:14","slug":"loewe-inspire-48-dr","status":"publish","type":"product","link":"https:\/\/www.hofmann-rtv.ch\/?product=loewe-inspire-48-dr","title":{"rendered":"Loewe inspire 48 dr+"},"content":{"rendered":"<p>Farbe: Basalt Grey<br \/>\nKategorie: Fernseher<br \/>\nChassis: SL850<br \/>\nBildschirmdiagonale: 48&#8243;<br \/>\nDigitalrecorder DR+: 1TB<br \/>\nTechnologie: OLED<br \/>\nL\u00e4ndercode: CH<br \/>\nModelljahr: 2024<br \/>\nBildschirmdiagonale: 121 cm<br \/>\nBildaufl\u00f6sung: 4K<br \/>\nPixelaufl\u00f6sung: 3840 x 2160<br \/>\nBildseitenverh\u00e4ltnis: 16:9<br \/>\nBetriebssystem: Loewe os9 &#8211; Vidaa<br \/>\nLochmuster (VESA): Max. 300 x 200 mm<br \/>\nAudio-Anschl\u00fcsse: 3.5mm Klinke (Out), Mini TOSLINK (Out)<br \/>\nKabellose \u00dcbertragung: Bluetooth, WLAN, Miracast, AirPlay, DTS Play-Fi<br \/>\nSmart Home: Amazon Alexa<br \/>\nSpannung: 220-240V<br \/>\nTV-Tuner: DVB-T2\/C\/S2 HD, Multi ATV, Unicable<br \/>\nFusstyp: Tischfuss<br \/>\nWeitere Eigenschaften: 1TB Festplatte, Timeshift Loewe klang bar i (optional)<br \/>\nVideo-Anschl\u00fcsse: 2 x HDMI 2.0b, 2 x HDMI 2.1<br \/>\nHDMI Features: HDCP 2.2, HDMI-CEC, ARC, e-ARC<br \/>\nHintergrundbeleuchtung: selbstleuchtend<br \/>\nDaten-Anschl\u00fcsse: 4x USB (2x USB 3.0), LAN, CI Steckplatz (1x)<br \/>\nLieferumfang: Tischfuss, Fernbedienung, Netzkabel, Bedienungsanleitung<br \/>\nBreite Produkt: 1077 mm<br \/>\nH\u00f6he Produkt: 669 mm<br \/>\nTiefe Produkt: 290 mm<br \/>\nNennleistung Audio: 40 W<br \/>\nAnzahl Ci+ Slots: 1<br \/>\nBetriebssystem: Vidaa<\/p>\n","protected":false},"excerpt":{"rendered":"<p>Die Zukunft des Smart-TVs: vorkalibriertes Ultra HD OLED-Panel mit HDR und Dolby Vision\u2122. Der Loewe inspire ist der moderne und individuelle Allrounder f\u00fcr smartes Entertainment mit extrem-schnellen Loewe os, Apple AirPlay und DTS Play-Fi. Ob Fernsehen, Video-on-Demand nutzen, Mediatheken durchst\u00f6bern, Musik h\u00f6ren, im Internet surfen oder auf Online-Streaming-Dienste zugreifen \u2013 Ihr Entertainment-Programm l\u00e4sst sich komfortabel \u00fcber die Smart-TV-Plattform oder per Sprachbefehl steuern. In Deutschland gefertigt und ausgestattet mit integriertem Loewe dr+ und unsichtbaren Sound mit flexiblen Aufr\u00fcstl\u00f6sungen.<\/p>\n<p>Das Loewe Multitalent pr\u00e4sentiert sich mit dem invisible Sound als stilvolles, minimalistisch anmutendes Designstatement und bietet zugleich ein magisches Bild- und Klangerlebnis. Wer m\u00f6chte, kann durch die optionale Soundbar Loewe klang bar i sein Audioerlebnis im Handumdrehen mit breitem Stereo-Klang und 80 Watt geniessen. Sie \u00fcberzeugt mit nach vorne abstrahlenden Treibern und einer klaren, nat\u00fcrlichen Stimmqualit\u00e4t, sodass das gesprochene Wort in beeindruckender Reinheit ins Ohr dringt. Dank des kompakten, mit dem Loewe inspire optisch harmonierenden Designs f\u00fcgt sich die Loewe klang bar i nahtlos in jedes Wohnambiente stilvoll ein.<\/p>\n","protected":false},"featured_media":4859,"template":"","meta":[],"pwb-brand":[109],"product_brand":[37],"product_cat":[34,38],"product_tag":[],"class_list":{"0":"post-4860","1":"product","2":"type-product","3":"status-publish","4":"has-post-thumbnail","6":"pwb-brand-zeitloses-design-hoechste-fertigungsqualitaet-made-in-germany","7":"product_brand-loewe","8":"product_cat-fernseher","9":"product_cat-loewe","11":"first","12":"outofstock","13":"shipping-taxable","14":"purchasable","15":"product-type-simple"},"jetpack_sharing_enabled":true,"brands":[{"id":109,"name":"Loewe","slug":"zeitloses-design-hoechste-fertigungsqualitaet-made-in-germany"}],"_links":{"self":[{"href":"https:\/\/www.hofmann-rtv.ch\/index.php?rest_route=\/wp\/v2\/product\/4860","targetHints":{"allow":["GET"]}}],"collection":[{"href":"https:\/\/www.hofmann-rtv.ch\/index.php?rest_route=\/wp\/v2\/product"}],"about":[{"href":"https:\/\/www.hofmann-rtv.ch\/index.php?rest_route=\/wp\/v2\/types\/product"}],"wp:featuredmedia":[{"embeddable":true,"href":"https:\/\/www.hofmann-rtv.ch\/index.php?rest_route=\/wp\/v2\/media\/4859"}],"wp:attachment":[{"href":"https:\/\/www.hofmann-rtv.ch\/index.php?rest_route=%2Fwp%2Fv2%2Fmedia&parent=4860"}],"wp:term":[{"taxonomy":"pwb-brand","embeddable":true,"href":"https:\/\/www.hofmann-rtv.ch\/index.php?rest_route=%2Fwp%2Fv2%2Fpwb-brand&post=4860"},{"taxonomy":"product_brand","embeddable":true,"href":"https:\/\/www.hofmann-rtv.ch\/index.php?rest_route=%2Fwp%2Fv2%2Fproduct_brand&post=4860"},{"taxonomy":"product_cat","embeddable":true,"href":"https:\/\/www.hofmann-rtv.ch\/index.php?rest_route=%2Fwp%2Fv2%2Fproduct_cat&post=4860"},{"taxonomy":"product_tag","embeddable":true,"href":"https:\/\/www.hofmann-rtv.ch\/index.php?rest_route=%2Fwp%2Fv2%2Fproduct_tag&post=4860"}],"curies":[{"name":"wp","href":"https:\/\/api.w.org\/{rel}","templated":true}]}}