{"id":4870,"date":"2026-04-11T10:54:23","date_gmt":"2026-04-11T08:54:23","guid":{"rendered":"https:\/\/www.hofmann-rtv.ch\/?product=loewe-iconic-inspire-55-pure-white"},"modified":"2026-04-15T11:11:14","modified_gmt":"2026-04-15T09:11:14","slug":"loewe-iconic-inspire-55-pure-white","status":"publish","type":"product","link":"https:\/\/www.hofmann-rtv.ch\/?product=loewe-iconic-inspire-55-pure-white","title":{"rendered":"Loewe iconic inspire.55 pure white"},"content":{"rendered":"<p>Farbe: Weiss<br \/>\nKategorie: Fernseher<br \/>\nChassis: SL850<br \/>\nBildschirmdiagonale: 55&#8243;<br \/>\nDigitalrecorder DR+: 1TB<br \/>\nTechnologie: OLED<br \/>\nL\u00e4ndercode: CH<br \/>\nModelljahr: 2024<br \/>\nBildschirmdiagonale: 139 cm<br \/>\nBildaufl\u00f6sung: 4K<br \/>\nPixelaufl\u00f6sung: 3840 x 2160<br \/>\nBildseitenverh\u00e4ltnis: 16:9<br \/>\nBetriebssystem: Loewe os9 &#8211; Vidaa<br \/>\nAudio-Anschl\u00fcsse: 3.5mm Klinke (Out), Mini TOSLINK (Out)<br \/>\nKabellose \u00dcbertragung: Bluetooth, WLAN, Miracast, AirPlay, DTS Play-Fi<br \/>\nBreite Produkt: 1300 mm<br \/>\nH\u00f6he Produkt: 1013 mm<br \/>\nTiefe Produkt: 318 mm<br \/>\nSmart Home: Amazon Alexa<br \/>\nSpannung: 220-240V<br \/>\nTV-Tuner: DVB-T2\/C\/S2 HD, Multi ATV, Unicable<br \/>\nNennleistung Audio: 360 W<br \/>\nVideo-Anschl\u00fcsse: HDMI 2.0b (2x), HDMI 2.1 (2x)<br \/>\nHDMI Features: HDCP 2.2, HDMI-CEC, ARC, e-ARC<br \/>\nAnzahl Ci+ Slots: 1<br \/>\nHintergrundbeleuchtung: selbstleuchtend<br \/>\nDaten-Anschl\u00fcsse: 4x USB (2x USB 3.0), LAN, CI Steckplatz (1x)<br \/>\nBetriebssystem: Vidaa<\/p>\n","protected":false},"excerpt":{"rendered":"<p>Modernste TV-Technologie. Bildqualit\u00e4t Made in Germany.<\/p>\n<p>Eine beeindruckende Kombination aus Fernseher und nach vorne abstrahlender Soundbar in einer Aufstelll\u00f6sung, die neben exzellenter TV- und Audiotechnologie Made in Germany vor allem durch ihr einzigartiges Design besticht: Der Loewe iconic setzt mit seiner skulpturalen, koh\u00e4renten Formensprache starke Akzente und neue Massst\u00e4be f\u00fcr Home Entertainment der Luxus-Klasse. Die Aufstelll\u00f6sung des Loewe iconic wird aus dem Material Syno-Stone handgefertigt. Syno-Stone ist ein massiver Mineralwerkstoff, der robust und best\u00e4ndig ist und sich dabei schwer und k\u00fchl wie Stein anfasst. Erh\u00e4ltlich in den Farben Graphite Grey und Pure White oder auch individuell gestaltbar dank exklusiver Farbauswahlm\u00f6glichkeiten des Loewe iconic floor stand und der Lautsprecherabdeckung.<\/p>\n<p>Individuelle Designgestaltung. F\u00fcr das perfekte Wohnambiente.<\/p>\n<p>Gestalten Sie mit der Loewe iconic collection Ihre pers\u00f6nliche TV-Designikone durch unsere exklusiven Farbauswahlm\u00f6glichkeiten. Die Farbgebung des Loewe iconic floor stand und die der Lautsprecherblende kann individuell angepasst werden, sodass sich Ihre TV-Designikone nahtlos in Ihrem Wohnraum integriert. Die zeitlose Design-Ikone pr\u00e4sentiert sich mit hochwertigsten OLED-Displays in den Gr\u00f6\u00dfen 55&#8243; und 65&#8243;. Die kraftvolle Soundbar mit einer Gesamtmusikleistung von 360 Watt und integrierten Subwoofern ist formsch\u00f6n und dezent hinter einer hochwertigen Stoffblende eingearbeitet. Geniessen Sie eine kunstvoll arrangierte TV- und Audioqualit\u00e4t und damit ein ultra-realistisches, imposantes Bild- und Klangerlebnis.<\/p>\n","protected":false},"featured_media":4869,"template":"","meta":[],"pwb-brand":[109],"product_brand":[37],"product_cat":[34,38],"product_tag":[],"class_list":{"0":"post-4870","1":"product","2":"type-product","3":"status-publish","4":"has-post-thumbnail","6":"pwb-brand-zeitloses-design-hoechste-fertigungsqualitaet-made-in-germany","7":"product_brand-loewe","8":"product_cat-fernseher","9":"product_cat-loewe","11":"first","12":"outofstock","13":"shipping-taxable","14":"purchasable","15":"product-type-simple"},"jetpack_sharing_enabled":true,"brands":[{"id":109,"name":"Loewe","slug":"zeitloses-design-hoechste-fertigungsqualitaet-made-in-germany"}],"_links":{"self":[{"href":"https:\/\/www.hofmann-rtv.ch\/index.php?rest_route=\/wp\/v2\/product\/4870","targetHints":{"allow":["GET"]}}],"collection":[{"href":"https:\/\/www.hofmann-rtv.ch\/index.php?rest_route=\/wp\/v2\/product"}],"about":[{"href":"https:\/\/www.hofmann-rtv.ch\/index.php?rest_route=\/wp\/v2\/types\/product"}],"wp:featuredmedia":[{"embeddable":true,"href":"https:\/\/www.hofmann-rtv.ch\/index.php?rest_route=\/wp\/v2\/media\/4869"}],"wp:attachment":[{"href":"https:\/\/www.hofmann-rtv.ch\/index.php?rest_route=%2Fwp%2Fv2%2Fmedia&parent=4870"}],"wp:term":[{"taxonomy":"pwb-brand","embeddable":true,"href":"https:\/\/www.hofmann-rtv.ch\/index.php?rest_route=%2Fwp%2Fv2%2Fpwb-brand&post=4870"},{"taxonomy":"product_brand","embeddable":true,"href":"https:\/\/www.hofmann-rtv.ch\/index.php?rest_route=%2Fwp%2Fv2%2Fproduct_brand&post=4870"},{"taxonomy":"product_cat","embeddable":true,"href":"https:\/\/www.hofmann-rtv.ch\/index.php?rest_route=%2Fwp%2Fv2%2Fproduct_cat&post=4870"},{"taxonomy":"product_tag","embeddable":true,"href":"https:\/\/www.hofmann-rtv.ch\/index.php?rest_route=%2Fwp%2Fv2%2Fproduct_tag&post=4870"}],"curies":[{"name":"wp","href":"https:\/\/api.w.org\/{rel}","templated":true}]}}