{"id":4923,"date":"2026-04-11T10:54:29","date_gmt":"2026-04-11T08:54:29","guid":{"rendered":"https:\/\/www.hofmann-rtv.ch\/?product=we-see-43-lcd-dc"},"modified":"2026-04-15T11:10:32","modified_gmt":"2026-04-15T09:10:32","slug":"we-see-43-lcd-dc","status":"publish","type":"product","link":"https:\/\/www.hofmann-rtv.ch\/?product=we-see-43-lcd-dc","title":{"rendered":"We. SEE 43 lcd dc"},"content":{"rendered":"<p>Farbe: Aluminium\/Schwarz<br \/>\nKategorie: Fernseher<br \/>\nChassis: SL832<br \/>\nBildschirmdiagonale: 43&#8243;<br \/>\nDigitalrecorder DR+: ohne DR+<br \/>\nTechnologie: DLED<br \/>\nHintergrundbeleuchtung: Direct LED<br \/>\nBildschirmdiagonale: 108 cm<br \/>\nBildaufl\u00f6sung: 4K<br \/>\nPixelaufl\u00f6sung: 3840 x 2160<br \/>\nBildseitenverh\u00e4ltnis: 16:9<br \/>\nNennleistung Audio: 60 W<br \/>\nBetriebssystem: Loewe os9 &#8211; Vidaa<br \/>\nTV-Tuner: DVB-T2\/C\/S2 HD, Unicable, Dual Channel<br \/>\nFusstyp: Tischfuss<br \/>\nLochmuster (VESA): Max. 200 x 200 mm<br \/>\nVideo-Anschl\u00fcsse: 2 x HDMI 2.0b, 2 x HDMI 2.1<br \/>\nAudio-Anschl\u00fcsse: 3.5mm Klinke (Out), Toslink, Center-In (3.5 mm)<br \/>\nDaten-Anschl\u00fcsse: 2x USB (1x USB C), LAN, CI Steckplatz (1x)<br \/>\nKabellose \u00dcbertragung: Bluetooth, WLAN, Miracast, AirPlay<br \/>\nHDMI Features: HDCP 2.2, HDMI-CEC, ARC, e-ARC<br \/>\nAnzahl Ci+ Slots: 1<br \/>\nSpannung: 220-240V<br \/>\nLieferumfang: Tischfuss, Fernbedienung, Netzkabel, Bedienungsanleitung<br \/>\nSmart Home \u00d6kosystem:<br \/>\nBreite Produkt: 968 mm<br \/>\nH\u00f6he Produkt: 601 mm<br \/>\nTiefe Produkt: 202 mm<\/p>\n","protected":false},"excerpt":{"rendered":"<p>Smart-TV mit Full Array Local Dimming (FALD) Direct LED Ultra HD Panels in 32 und 43 Zoll: We. SEE lcd dc steht f\u00fcr kompaktes Format, edles Design, h\u00f6chsten Komfort und smartes Entertainment. Egal, ob f\u00fcr TV schauen oder aufnehmen, Video-on-Demand und Mediatheken streamen oder nur Musik geniessen: \u00dcberlegene Bildperformance mit h\u00f6chster Aufl\u00f6sung, tiefem Schwarz und leuchtenden Farben sowie kr\u00e4ftiger und klarer Sound, neueste Features und Standards garantieren maximalen Genuss in minimaler Gr\u00f6sse.<\/p>\n","protected":false},"featured_media":4922,"template":"","meta":[],"pwb-brand":[109],"product_brand":[37],"product_cat":[34,38],"product_tag":[],"class_list":{"0":"post-4923","1":"product","2":"type-product","3":"status-publish","4":"has-post-thumbnail","6":"pwb-brand-zeitloses-design-hoechste-fertigungsqualitaet-made-in-germany","7":"product_brand-loewe","8":"product_cat-fernseher","9":"product_cat-loewe","11":"first","12":"outofstock","13":"shipping-taxable","14":"purchasable","15":"product-type-simple"},"jetpack_sharing_enabled":true,"brands":[{"id":109,"name":"Loewe","slug":"zeitloses-design-hoechste-fertigungsqualitaet-made-in-germany"}],"_links":{"self":[{"href":"https:\/\/www.hofmann-rtv.ch\/index.php?rest_route=\/wp\/v2\/product\/4923","targetHints":{"allow":["GET"]}}],"collection":[{"href":"https:\/\/www.hofmann-rtv.ch\/index.php?rest_route=\/wp\/v2\/product"}],"about":[{"href":"https:\/\/www.hofmann-rtv.ch\/index.php?rest_route=\/wp\/v2\/types\/product"}],"wp:featuredmedia":[{"embeddable":true,"href":"https:\/\/www.hofmann-rtv.ch\/index.php?rest_route=\/wp\/v2\/media\/4922"}],"wp:attachment":[{"href":"https:\/\/www.hofmann-rtv.ch\/index.php?rest_route=%2Fwp%2Fv2%2Fmedia&parent=4923"}],"wp:term":[{"taxonomy":"pwb-brand","embeddable":true,"href":"https:\/\/www.hofmann-rtv.ch\/index.php?rest_route=%2Fwp%2Fv2%2Fpwb-brand&post=4923"},{"taxonomy":"product_brand","embeddable":true,"href":"https:\/\/www.hofmann-rtv.ch\/index.php?rest_route=%2Fwp%2Fv2%2Fproduct_brand&post=4923"},{"taxonomy":"product_cat","embeddable":true,"href":"https:\/\/www.hofmann-rtv.ch\/index.php?rest_route=%2Fwp%2Fv2%2Fproduct_cat&post=4923"},{"taxonomy":"product_tag","embeddable":true,"href":"https:\/\/www.hofmann-rtv.ch\/index.php?rest_route=%2Fwp%2Fv2%2Fproduct_tag&post=4923"}],"curies":[{"name":"wp","href":"https:\/\/api.w.org\/{rel}","templated":true}]}}