{"id":4937,"date":"2026-04-11T11:00:58","date_gmt":"2026-04-11T09:00:58","guid":{"rendered":"https:\/\/www.hofmann-rtv.ch\/?product=loewe-radio-frequency"},"modified":"2026-04-11T11:11:06","modified_gmt":"2026-04-11T09:11:06","slug":"loewe-radio-frequency","status":"publish","type":"product","link":"https:\/\/www.hofmann-rtv.ch\/?product=loewe-radio-frequency","title":{"rendered":"Loewe radio.frequency"},"content":{"rendered":"<p>Farbe: Basalt Grey<br \/>\nKategorie: Radio<br \/>\nTechnologie: DAB\/FM<br \/>\nModelljahr: 2023<br \/>\nL\u00e4ndercode: CH<br \/>\nKabellose \u00dcbertragung: Bluetooth<br \/>\nNennleistung Audio: 14 W<br \/>\nFrequenz: 80-20.000 Hz<br \/>\nStromverbrauch (Standby): 0.75 W<br \/>\nH\u00f6he Produkt: 132 mm<br \/>\nBreite Produkt: 211 mm<br \/>\nTiefe Produkt: 67 mm<br \/>\nAusstattung + Funktionen: DAB, FM, Bluetooth<br \/>\nBluetooth Version: 5.0<br \/>\nBluetooth Profile: A2DP SNK, AVRCP<br \/>\nAudio Ausg\u00e4nge: Kopfh\u00f6rer<br \/>\nLautsprechertyp: Stereo<br \/>\nWecker Funktionen: Ja<br \/>\nAnzeige + Display Eigenschaften: dimmbar<br \/>\nRadio Empfang: UKW (FM)<br \/>\nH\u00f6he Verpackung: 99 mm<br \/>\nBreite Verpackung: 178 mm<br \/>\nTiefe Verpackung: 389 mm<br \/>\nLieferumfang: Bedienungsanleitung, Netzkabel<br \/>\nProdukt Verkaufseinheit: 1 Stk.<br \/>\nLeistung: 28 W<br \/>\nRadiospeicherpl\u00e4tze: 30 Stk.<br \/>\nLeistungsaufnahme (Standby): 0.75 W<br \/>\nNennbelastbarkeit (RMS): 14 W<br \/>\nMusik-Belastbarkeit (Max.): 28 W<\/p>\n","protected":false},"excerpt":{"rendered":"<p>Einfache Bedienung, voller Klang.<\/p>\n<p>Portables Stereo-Radio zum Jubil\u00e4um des Gr\u00fcndungsunternehmens: Radio Frequenz GmbH Berlin 1923.<\/p>\n<p>Modernste Technik mit DAB+, UKW und Bluetooth f\u00fcr direktes Streaming von Ihrem Smart-Device, verbunden mit einfachster Bedienung und \u00fcberraschend vollem Klang aus 28 Watt Leistung mit zwei aktiven Vollbereichs-Treibern und einem passiven Bass-Radiator.<\/p>\n<p>Portabel, leicht und robust.<\/p>\n<p>USB-C Schnellladefunktion und eingebauter Li-Ion-Akku f\u00fcr bis zu 14 Stunden Batterie-Spielzeit, verbunden mit in einer nur 1,2kg leichten, kompakten und robusten Konstruktion f\u00fcr praktische Portabilit\u00e4t und unabh\u00e4ngigen Radiogenuss immer und \u00fcberall.<\/p>\n<p>Und wenn das Radio mal nicht portabel sein soll: Ein r\u00fcckseitig integrierter Anschluss f\u00fcr ein Kensington-Lock alsDiebstahlschutz-Standard ist interessant f\u00fcr B2B-Anwendungen in Hotels oder \u00e4hnlichen Projektinstallationen.<\/p>\n<p>Komfortable Ausstattung f\u00fcr jeden Tag.<\/p>\n<p>Ein dimmbares Display informiert in sechs Sprachen \u00fcber den allgemeinen Status, die gew\u00e4hlte Quelle, den Sendernamen und weitere Metadaten sowie \u00fcber die aktuelle Uhrzeit und den Batteriestand.<\/p>\n<p>Die Weck-und Schlummerfunktion f\u00fcr zwei Zeiten erm\u00f6glicht es Ihnen, Ihre t\u00e4gliche Morgenmusik oder die neuesten Nachrichten zu verfolgen. 5 Direktwahltasten f\u00fcr bis zu 30 Stationsspeicherpl\u00e4tze erlauben eine schnelle Auswahl der Lieblingssender.<\/p>\n<p>Die 3,5-mm-Stereo-Kopfh\u00f6rerbuchse f\u00fcr ungest\u00f6rtes H\u00f6ren oder Anschluss an ein grosses Soundsystem sorgt f\u00fcr mehr Flexibilit\u00e4t.<\/p>\n<p>Zeitlose Gestaltung, langlebiger Genuss.<\/p>\n<p>Perfektioniert f\u00fcr audioaffine Designliebhaber. Eine elegante Formensprache und ausgew\u00e4hlte Materialien, wie der eigens von Loewe entwickelte Akustik-Stoff in der Loewe Systemfarbe Basalt Grey sowie nat\u00fcrliche Echtholz-Intarsien aus kanadischer Eiche, verbinden sich zu einem einzigartigen Design.<\/p>\n","protected":false},"featured_media":4936,"template":"","meta":[],"pwb-brand":[],"product_brand":[37],"product_cat":[32],"product_tag":[],"class_list":{"0":"post-4937","1":"product","2":"type-product","3":"status-publish","4":"has-post-thumbnail","6":"product_brand-loewe","7":"product_cat-hifi","9":"first","10":"outofstock","11":"shipping-taxable","12":"purchasable","13":"product-type-simple"},"jetpack_sharing_enabled":true,"brands":[],"_links":{"self":[{"href":"https:\/\/www.hofmann-rtv.ch\/index.php?rest_route=\/wp\/v2\/product\/4937","targetHints":{"allow":["GET"]}}],"collection":[{"href":"https:\/\/www.hofmann-rtv.ch\/index.php?rest_route=\/wp\/v2\/product"}],"about":[{"href":"https:\/\/www.hofmann-rtv.ch\/index.php?rest_route=\/wp\/v2\/types\/product"}],"wp:featuredmedia":[{"embeddable":true,"href":"https:\/\/www.hofmann-rtv.ch\/index.php?rest_route=\/wp\/v2\/media\/4936"}],"wp:attachment":[{"href":"https:\/\/www.hofmann-rtv.ch\/index.php?rest_route=%2Fwp%2Fv2%2Fmedia&parent=4937"}],"wp:term":[{"taxonomy":"pwb-brand","embeddable":true,"href":"https:\/\/www.hofmann-rtv.ch\/index.php?rest_route=%2Fwp%2Fv2%2Fpwb-brand&post=4937"},{"taxonomy":"product_brand","embeddable":true,"href":"https:\/\/www.hofmann-rtv.ch\/index.php?rest_route=%2Fwp%2Fv2%2Fproduct_brand&post=4937"},{"taxonomy":"product_cat","embeddable":true,"href":"https:\/\/www.hofmann-rtv.ch\/index.php?rest_route=%2Fwp%2Fv2%2Fproduct_cat&post=4937"},{"taxonomy":"product_tag","embeddable":true,"href":"https:\/\/www.hofmann-rtv.ch\/index.php?rest_route=%2Fwp%2Fv2%2Fproduct_tag&post=4937"}],"curies":[{"name":"wp","href":"https:\/\/api.w.org\/{rel}","templated":true}]}}