{"id":4940,"date":"2026-04-11T11:00:58","date_gmt":"2026-04-11T09:00:58","guid":{"rendered":"https:\/\/www.hofmann-rtv.ch\/?product=loewe-klang-bar3-mr"},"modified":"2026-04-15T11:10:07","modified_gmt":"2026-04-15T09:10:07","slug":"loewe-klang-bar3-mr","status":"publish","type":"product","link":"https:\/\/www.hofmann-rtv.ch\/?product=loewe-klang-bar3-mr","title":{"rendered":"Loewe klang bar3 mr"},"content":{"rendered":"<p>Farbe: Graphite Grey<br \/>\nKategorie: Lautsprecher<br \/>\nModelljahr: 2023<br \/>\nL\u00e4ndercode: CH<br \/>\nKabellose \u00dcbertragung: Bluetooth, Apple AirPlay 2, Google Chromecast<br \/>\nNennleistung Audio: 180 W<br \/>\nVideo-Anschl\u00fcsse: 2 x HDMI 2.0b (incl. 4K pass-through)<br \/>\nHDMI Features: HDMI-CEC \/ ARC \/ eARC<br \/>\nSmart Home: Play-Fi, Ok Google, Amazon Alexa<br \/>\nStromverbrauch (Standby): 0.50 W<br \/>\nH\u00f6he Produkt: 71 mm<br \/>\nBreite Produkt: 950 mm<br \/>\nTiefe Produkt: 160 mm<br \/>\nH\u00f6he Verpackung: 1180 mm<br \/>\nBreite Verpackung: 127 mm<br \/>\nTiefe Verpackung: 270 mm<br \/>\nAusstattung + Funktionen:<br \/>\n* Aktive 3.1 Dolby Atmos Soundbar mit integriertem Subwoofer<br \/>\n* Erweiterbar zum 5.1 Heimkino \u00fcber Loewe Wireless Digital Audiolink (WDAL 2.0)<br \/>\n* Integrierter 5.1 Heimkino-AV-Receiver f\u00fcr externe Aktivlautsprecher<br \/>\n* Multiroom \u00fcber Apple AirPlay 2, Chromecast built-in\u2122 und DTS Play-Fi<br \/>\nMultiroom Standard: Play-Fi, Apple Airplay, Chromecast<br \/>\nBluetooth Version: 5.0<br \/>\nBluetooth Profile: EDR<br \/>\nAudio Technologien:<br \/>\n* Dolby Atmos<br \/>\n* DTS HD<br \/>\n* DTS:X<br \/>\n* DTS Virtual:X<br \/>\nAudioformate:<br \/>\n* Dolby Atmos<br \/>\n* Dolby TrueHD<br \/>\n* Dolby Digital<br \/>\n* Dolby Digital Plus<br \/>\n* DTS:X<br \/>\n* DTS Virtual:X<br \/>\n* DTS<br \/>\n* DTS-HD<br \/>\n* LPCM 2ch\/Mch<br \/>\n* Dolby MAT<br \/>\nAudio Eing\u00e4nge: AUX IN<br \/>\nAudio Ausg\u00e4nge:<br \/>\n* optical TOSLINK<br \/>\n* Analog pre-out: 5.1 Cinch<br \/>\n* Wireless Digital Audiolink (WDAL 2.0)<br \/>\nProdukt Verkaufseinheit: 1 Stk.<br \/>\nLeistung: 360 W<br \/>\nStreaming Media Anbieter: Spotify, Amazon Music, Tidal, Deezer, Internetradio u.v.m.<br \/>\nSmart Home \u00d6kosystem:<br \/>\n* Play-Fi,<br \/>\n* Ok Google<br \/>\n* Amazon Alexa<br \/>\nLeistungsaufnahme (Standby): 0.50 W<br \/>\nNennbelastbarkeit (RMS): 180 W<br \/>\nMusik-Belastbarkeit (Max.): 360 W<br \/>\nDaten-Anschl\u00fcsse: 1x USB 2.0<\/p>\n","protected":false},"excerpt":{"rendered":"<p>Das Multitalent unter den Soundbars: Die kraftvolle 3.1 Soundbar Loewe klang bar3 mr gl\u00e4nzt mit einem Rundum-Paket f\u00fcr fast jeden Anwendungsbereich. Alleine punktet das Ger\u00e4t mit 360 Watt Gesamtmusikleistung sowie einem exzellenten 3D-Klangerlebnis dank Dolby Atmos. Geniessen Sie immersiven, echo- und verz\u00f6gerungsfreien 360 Grad Sound mit erstklassiger Sprachverst\u00e4ndlichkeit und volumin\u00f6sen Kinosound, dank einem vorw\u00e4rtsgerichteten Left, Right und Center Speaker, die von zwei, integrierten Subwoofern unterst\u00fctzt werden. Deutsche Ingenieurskunst erm\u00f6glicht es der klang bar3 mr erg\u00e4nzende Front- und Rear-Lautsprecher \u00fcber die kabellose und latenzfreie WDAL 2.0 Technologie (Loewe Wireless Digital Audiolink 2.0) zu verbinden. Die klang bar3 mr schaltet bei erg\u00e4nzenden Front-Speakern den linken und rechten Lautsprecher zu Center-Lautsprechern um und erm\u00f6glicht dabei noch bessere Sprachverst\u00e4ndlichkeit. Durch die AVR-Anschl\u00fcsse k\u00f6nnen \u00e4ltere Aktivlautsprecher sowie Aktivverst\u00e4rker mit verbundenen Passivlautsprechern via Kabel in das Soundsystem eingebunden werden, ohne dass ein zus\u00e4tzlicher, teurer Adapter ben\u00f6tigt wird. Sie bevorzugen Audiogenuss in all Ihren R\u00e4umen? Auch das ist mit der Loewe klang bar3 mr kein Problem. Dank der Multiroom-Funktion koppelt sich das Ger\u00e4t beispielsweise kabellos mit den Loewe klang mr \u00fcber verschiedene R\u00e4umlichkeiten hinweg. Leistungsstark. 3.1 System.<\/p>\n","protected":false},"featured_media":4573,"template":"","meta":[],"pwb-brand":[109],"product_brand":[37],"product_cat":[38,32],"product_tag":[],"class_list":{"0":"post-4940","1":"product","2":"type-product","3":"status-publish","4":"has-post-thumbnail","6":"pwb-brand-zeitloses-design-hoechste-fertigungsqualitaet-made-in-germany","7":"product_brand-loewe","8":"product_cat-loewe","9":"product_cat-hifi","11":"first","12":"outofstock","13":"shipping-taxable","14":"purchasable","15":"product-type-simple"},"jetpack_sharing_enabled":true,"brands":[{"id":109,"name":"Loewe","slug":"zeitloses-design-hoechste-fertigungsqualitaet-made-in-germany"}],"_links":{"self":[{"href":"https:\/\/www.hofmann-rtv.ch\/index.php?rest_route=\/wp\/v2\/product\/4940","targetHints":{"allow":["GET"]}}],"collection":[{"href":"https:\/\/www.hofmann-rtv.ch\/index.php?rest_route=\/wp\/v2\/product"}],"about":[{"href":"https:\/\/www.hofmann-rtv.ch\/index.php?rest_route=\/wp\/v2\/types\/product"}],"wp:featuredmedia":[{"embeddable":true,"href":"https:\/\/www.hofmann-rtv.ch\/index.php?rest_route=\/wp\/v2\/media\/4573"}],"wp:attachment":[{"href":"https:\/\/www.hofmann-rtv.ch\/index.php?rest_route=%2Fwp%2Fv2%2Fmedia&parent=4940"}],"wp:term":[{"taxonomy":"pwb-brand","embeddable":true,"href":"https:\/\/www.hofmann-rtv.ch\/index.php?rest_route=%2Fwp%2Fv2%2Fpwb-brand&post=4940"},{"taxonomy":"product_brand","embeddable":true,"href":"https:\/\/www.hofmann-rtv.ch\/index.php?rest_route=%2Fwp%2Fv2%2Fproduct_brand&post=4940"},{"taxonomy":"product_cat","embeddable":true,"href":"https:\/\/www.hofmann-rtv.ch\/index.php?rest_route=%2Fwp%2Fv2%2Fproduct_cat&post=4940"},{"taxonomy":"product_tag","embeddable":true,"href":"https:\/\/www.hofmann-rtv.ch\/index.php?rest_route=%2Fwp%2Fv2%2Fproduct_tag&post=4940"}],"curies":[{"name":"wp","href":"https:\/\/api.w.org\/{rel}","templated":true}]}}