{"id":4942,"date":"2026-04-11T11:00:59","date_gmt":"2026-04-11T09:00:59","guid":{"rendered":"https:\/\/www.hofmann-rtv.ch\/?product=loewe-leo-moonlight-beige"},"modified":"2026-04-15T11:10:07","modified_gmt":"2026-04-15T09:10:07","slug":"loewe-leo-moonlight-beige","status":"publish","type":"product","link":"https:\/\/www.hofmann-rtv.ch\/?product=loewe-leo-moonlight-beige","title":{"rendered":"Loewe leo moonlight beige"},"content":{"rendered":"<p>Kategorie: Kopfh\u00f6rer<br \/>\nModelljahr: 2025<br \/>\nL\u00e4ndercode: CH<br \/>\nAudiokanal: Stereo<br \/>\nKabellose \u00dcbertragung: Bluetooth<br \/>\nFrequenz: 20-20&#8217;000 Hz<br \/>\nAusstattung + Funktionen: Diverse KI Funktionen<br \/>\nBluetooth Version: 5.3<br \/>\nBluetooth Profile: A2DP, AVRCP, AVDTP, AVCTP, GAVDP, HFP, HID, HSP, LE Audio<br \/>\nAudio Technologien:<br \/>\nAudioformate: SBC, AAC, LC3, LC3+<br \/>\nAudio Eing\u00e4nge: USB-C<br \/>\nAudio Ausg\u00e4nge:<br \/>\nSmart Home \u00d6kosystem:<br \/>\nLieferumfang: Schnellstartanleitung, USB-C-Kabel, AUX > USB-C-Kabel, Ledertasche, Hartschalenetui, Kabeltasche<\/p>\n","protected":false},"excerpt":{"rendered":"<p>Erleben Sie eine neue Dimension des H\u00f6rens mit Loewe leo. Die eleganten Kopfh\u00f6rer vereinen fortschrittliche KI-Technologie, zeitloses Design und \u00fcberragende Klangqualit\u00e4t. Entwickelt, um jeden Moment zu bereichern, verbindet Loewe leo Pr\u00e4zision, Komfort und Individualisierung in einem aussergew\u00f6hnlichen Ger\u00e4t.<\/p>\n<p>* \u00dcberlegene 50-mm-Treiber und Verst\u00e4rker f\u00fcr ein aussergew\u00f6hnliches audiophiles Klangerlebnis<br \/>\n* Hochentwickelte KI-Funktionen mit pers\u00f6nlichem Sprachassistenten und Echtzeit-\u00dcbersetzung<br \/>\n* Adaptive Ger\u00e4uschunterdr\u00fcckung (ANC) mit situationsbezogener Anpassung<br \/>\n* Unterst\u00fctzung der wichtigsten Audiocodecs, einschliesslich Hi-Res Audio, Dolby Atmos und Spatial Audio<br \/>\n* Neueste Bluetooth-Technologie mit Bluetooth LE Audio und Unterst\u00fctzung f\u00fcr mehrere Quellen<br \/>\n* H\u00f6chster Tragekomfort mit austauschbaren Kopf- und Ohrpolstern in drei Farben<\/p>\n","protected":false},"featured_media":4553,"template":"","meta":[],"pwb-brand":[109],"product_brand":[37],"product_cat":[38,32],"product_tag":[],"class_list":{"0":"post-4942","1":"product","2":"type-product","3":"status-publish","4":"has-post-thumbnail","6":"pwb-brand-zeitloses-design-hoechste-fertigungsqualitaet-made-in-germany","7":"product_brand-loewe","8":"product_cat-loewe","9":"product_cat-hifi","11":"first","12":"outofstock","13":"shipping-taxable","14":"purchasable","15":"product-type-simple"},"jetpack_sharing_enabled":true,"brands":[{"id":109,"name":"Loewe","slug":"zeitloses-design-hoechste-fertigungsqualitaet-made-in-germany"}],"_links":{"self":[{"href":"https:\/\/www.hofmann-rtv.ch\/index.php?rest_route=\/wp\/v2\/product\/4942","targetHints":{"allow":["GET"]}}],"collection":[{"href":"https:\/\/www.hofmann-rtv.ch\/index.php?rest_route=\/wp\/v2\/product"}],"about":[{"href":"https:\/\/www.hofmann-rtv.ch\/index.php?rest_route=\/wp\/v2\/types\/product"}],"wp:featuredmedia":[{"embeddable":true,"href":"https:\/\/www.hofmann-rtv.ch\/index.php?rest_route=\/wp\/v2\/media\/4553"}],"wp:attachment":[{"href":"https:\/\/www.hofmann-rtv.ch\/index.php?rest_route=%2Fwp%2Fv2%2Fmedia&parent=4942"}],"wp:term":[{"taxonomy":"pwb-brand","embeddable":true,"href":"https:\/\/www.hofmann-rtv.ch\/index.php?rest_route=%2Fwp%2Fv2%2Fpwb-brand&post=4942"},{"taxonomy":"product_brand","embeddable":true,"href":"https:\/\/www.hofmann-rtv.ch\/index.php?rest_route=%2Fwp%2Fv2%2Fproduct_brand&post=4942"},{"taxonomy":"product_cat","embeddable":true,"href":"https:\/\/www.hofmann-rtv.ch\/index.php?rest_route=%2Fwp%2Fv2%2Fproduct_cat&post=4942"},{"taxonomy":"product_tag","embeddable":true,"href":"https:\/\/www.hofmann-rtv.ch\/index.php?rest_route=%2Fwp%2Fv2%2Fproduct_tag&post=4942"}],"curies":[{"name":"wp","href":"https:\/\/api.w.org\/{rel}","templated":true}]}}