{"id":4945,"date":"2026-04-11T11:00:59","date_gmt":"2026-04-11T09:00:59","guid":{"rendered":"https:\/\/www.hofmann-rtv.ch\/?product=loewe-klang-mr5-basalt-grey"},"modified":"2026-04-15T11:10:07","modified_gmt":"2026-04-15T09:10:07","slug":"loewe-klang-mr5-basalt-grey","status":"publish","type":"product","link":"https:\/\/www.hofmann-rtv.ch\/?product=loewe-klang-mr5-basalt-grey","title":{"rendered":"Loewe klang mr5 basalt grey"},"content":{"rendered":"<p>Kategorie: Lautsprecher<br \/>\nFarbe: Basalt Grey<br \/>\nModelljahr: 2022<br \/>\nL\u00e4ndercode: CH<br \/>\nKabellose \u00dcbertragung: Bluetooth, Apple AirPlay 2, Google Chromecast, WDAL, WLAN<br \/>\nNennleistung Audio: 75 W<br \/>\nStromverbrauch: 20 W<br \/>\nStromverbrauch (Standby): 0.30 W<br \/>\nH\u00f6he Produkt: 401 mm<br \/>\nBreite Produkt: 225 mm<br \/>\nTiefe Produkt: 215 mm<br \/>\nH\u00f6he Verpackung: 292 mm<br \/>\nBreite Verpackung: 420 mm<br \/>\nTiefe Verpackung: 294 mm<br \/>\nAusstattung + Funktionen: Multiroom, Multichannel, Bluetooth, Standalone<br \/>\nMultiroom Standard: Play-Fi, Apple Airplay, Chromecast<br \/>\nBluetooth Version: 4.2<br \/>\nBluetooth Profile: A2DP, AVRCP<br \/>\nAudio Eing\u00e4nge: AUX IN<br \/>\nAnwendungsbereich: indoor<br \/>\nProdukt Verkaufseinheit: 1 Stk.<br \/>\nLautsprecher Verwendung: Standalone, Multiroom, Multichannel<br \/>\nLeistung: 150 W<br \/>\nStereo Pairing: Ja<br \/>\nStreaming Media Anbieter: Spotify, Amazon Music, Tidal, Deezer, Internetradio u.v.m.<br \/>\nRJ45 \/ LAN\/Anschluss: 1 Stk.<br \/>\nSmart Home \u00d6kosystem: Play-Fi<br \/>\nNennbelastbarkeit (RMS): 75 W<br \/>\nMusik-Belastbarkeit (Max.): 150 W<\/p>\n","protected":false},"excerpt":{"rendered":"<p>Wir sind stolz darauf, Ihnen unsere neue Multiroom-Familie zu pr\u00e4sentieren: Der Loewe klang mr5 beeindruckt durch seine Gr\u00f6\u00dfe und die enorme Gesamtmusikleistung von 180 Watt. Mit seinen 3 Hocht\u00f6nern, 3 Breitbandlautsprechern, einem Subwoofer und zwei Passivstrahlern geraten Musikliebhaber schon nach wenigen Kl\u00e4ngen ins Schw\u00e4rmen. Dank unserer Kooperation mit DTS Play-Fi k\u00f6nnen wir eine langj\u00e4hrig erprobte, stabile und zukunftssichere Plattform anbieten, die eine au\u00dfergew\u00f6hnliche Menge an Funktionen und Streaming-Diensten erm\u00f6glicht. Dar\u00fcber hinaus sind auch Technologien wie Apple AirPlay 2 und Chromecast integriert, so dass sich der Loewe klang mr Lautsprecher nahtlos in die bestehende Multiroom-Umgebung Ihrer Kunden einf\u00fcgt. Dar\u00fcber hinaus sind alle Mitglieder der Loewe klang mr Familie mit WDAL 2.0 ausgestattet. Dadurch ist es m\u00f6glich alle Loewe Multiroom Lautsprecher an der Loewe klang bar5 mr als drahtlose und latenzarme Surround- Lautsprecher zu betreiben.<\/p>\n","protected":false},"featured_media":4585,"template":"","meta":[],"pwb-brand":[109],"product_brand":[37],"product_cat":[38,32],"product_tag":[],"class_list":{"0":"post-4945","1":"product","2":"type-product","3":"status-publish","4":"has-post-thumbnail","6":"pwb-brand-zeitloses-design-hoechste-fertigungsqualitaet-made-in-germany","7":"product_brand-loewe","8":"product_cat-loewe","9":"product_cat-hifi","11":"first","12":"outofstock","13":"shipping-taxable","14":"purchasable","15":"product-type-simple"},"jetpack_sharing_enabled":true,"brands":[{"id":109,"name":"Loewe","slug":"zeitloses-design-hoechste-fertigungsqualitaet-made-in-germany"}],"_links":{"self":[{"href":"https:\/\/www.hofmann-rtv.ch\/index.php?rest_route=\/wp\/v2\/product\/4945","targetHints":{"allow":["GET"]}}],"collection":[{"href":"https:\/\/www.hofmann-rtv.ch\/index.php?rest_route=\/wp\/v2\/product"}],"about":[{"href":"https:\/\/www.hofmann-rtv.ch\/index.php?rest_route=\/wp\/v2\/types\/product"}],"wp:featuredmedia":[{"embeddable":true,"href":"https:\/\/www.hofmann-rtv.ch\/index.php?rest_route=\/wp\/v2\/media\/4585"}],"wp:attachment":[{"href":"https:\/\/www.hofmann-rtv.ch\/index.php?rest_route=%2Fwp%2Fv2%2Fmedia&parent=4945"}],"wp:term":[{"taxonomy":"pwb-brand","embeddable":true,"href":"https:\/\/www.hofmann-rtv.ch\/index.php?rest_route=%2Fwp%2Fv2%2Fpwb-brand&post=4945"},{"taxonomy":"product_brand","embeddable":true,"href":"https:\/\/www.hofmann-rtv.ch\/index.php?rest_route=%2Fwp%2Fv2%2Fproduct_brand&post=4945"},{"taxonomy":"product_cat","embeddable":true,"href":"https:\/\/www.hofmann-rtv.ch\/index.php?rest_route=%2Fwp%2Fv2%2Fproduct_cat&post=4945"},{"taxonomy":"product_tag","embeddable":true,"href":"https:\/\/www.hofmann-rtv.ch\/index.php?rest_route=%2Fwp%2Fv2%2Fproduct_tag&post=4945"}],"curies":[{"name":"wp","href":"https:\/\/api.w.org\/{rel}","templated":true}]}}