{"id":4946,"date":"2026-04-11T11:00:59","date_gmt":"2026-04-11T09:00:59","guid":{"rendered":"https:\/\/www.hofmann-rtv.ch\/?product=loewe-klang-s1-basalt-grey"},"modified":"2026-04-15T11:10:07","modified_gmt":"2026-04-15T09:10:07","slug":"loewe-klang-s1-basalt-grey","status":"publish","type":"product","link":"https:\/\/www.hofmann-rtv.ch\/?product=loewe-klang-s1-basalt-grey","title":{"rendered":"Loewe klang s1 basalt grey"},"content":{"rendered":"<p>Kategorie: Radio<br \/>\nFarbe: Basalt Grey<br \/>\nTechnologie: DAB\/FM<br \/>\nModelljahr: 2022<br \/>\nL\u00e4ndercode: CH<br \/>\nAudiokanal: Stereo<br \/>\nKabellose \u00dcbertragung: Bluetooth, WLAN<br \/>\nH\u00f6he Produkt: 120 mm<br \/>\nBreite Produkt: 335 mm<br \/>\nTiefe Produkt: 90 mm<br \/>\nH\u00f6he Verpackung: 160 mm<br \/>\nBreite Verpackung: 518 mm<br \/>\nTiefe Verpackung: 227 mm<br \/>\nAusstattung + Funktionen: Bluetooth, DAB+, Internet Radio, Spotify Connect, UKW<br \/>\nBluetooth Version: 4.2<br \/>\nBluetooth Profile: A2DP, AVRCP<br \/>\nProdukt Verkaufseinheit: 1 Stk.<br \/>\nLeistung: 40 W<br \/>\nRadiotyp: Smart Radio<br \/>\nRadio Ausstattung: Fernbedienung, Stationstasten, DAB+, FM, Internet Radio, USB, Wecker<br \/>\nWecker Funktionen: Ja<br \/>\nRadiospeicherpl\u00e4tze: 25000 Stk.<br \/>\nRadio Empfang: Internet Radio, DAB+, UKW<br \/>\nNennbelastbarkeit (RMS): 40 W<br \/>\nMusik-Belastbarkeit (Max.): 80 W<br \/>\nDaten-Anschl\u00fcsse: 1x USB 2.0<br \/>\nNennleistung Audio: 40 W<br \/>\nStromverbrauch (Standby): 0.70 W<\/p>\n","protected":false},"excerpt":{"rendered":"<p>Das smarte Streamingsystem Loewe klang s1 sorgt mit Internetradio, Podcast und DAB+-Tuner f\u00fcr vielseitiges H\u00f6rvergn\u00fcgen und begeistert mit kristallklarem Klang und einer ordentlichen Musikleistung. Bis zu 25.000 Stationen plus ca. 10.000 Podcasts k\u00f6nnen individuell programmiert werden und bieten eine unersch\u00f6pfliche Auswahl verschiedenster Radio-Programme. Dienste wie Amazon Music, Deezer oder Spotify Connect sind ebenfalls integriert, schliesslich steckt Streaming in der DNA der Loewe klang s Familie. Smart radio Klang s sorgt mit Internetradio und DAB\/DAB+-Tuner f\u00fcr vielseitiges H\u00f6rvergn\u00fcgen. Bis zu 25.000 Radio Stationen k\u00f6nnen individuell programmiert werden und bieten eine riesige Auswahl verschiedenster Radio-Programme. Streaming. Abspielen Ihrer Lieblingsmusik einfach und unkompliziert: von Amazon Music, Spotify oder Deezer direkt auf den Lautsprecher streamen. Oder verwenden Sie einen MP3-Stick in den daf\u00fcr vorgesehenen USB-Anschluss.<\/p>\n","protected":false},"featured_media":4595,"template":"","meta":[],"pwb-brand":[109],"product_brand":[37],"product_cat":[38,32],"product_tag":[],"class_list":{"0":"post-4946","1":"product","2":"type-product","3":"status-publish","4":"has-post-thumbnail","6":"pwb-brand-zeitloses-design-hoechste-fertigungsqualitaet-made-in-germany","7":"product_brand-loewe","8":"product_cat-loewe","9":"product_cat-hifi","11":"first","12":"outofstock","13":"shipping-taxable","14":"purchasable","15":"product-type-simple"},"jetpack_sharing_enabled":true,"brands":[{"id":109,"name":"Loewe","slug":"zeitloses-design-hoechste-fertigungsqualitaet-made-in-germany"}],"_links":{"self":[{"href":"https:\/\/www.hofmann-rtv.ch\/index.php?rest_route=\/wp\/v2\/product\/4946","targetHints":{"allow":["GET"]}}],"collection":[{"href":"https:\/\/www.hofmann-rtv.ch\/index.php?rest_route=\/wp\/v2\/product"}],"about":[{"href":"https:\/\/www.hofmann-rtv.ch\/index.php?rest_route=\/wp\/v2\/types\/product"}],"wp:featuredmedia":[{"embeddable":true,"href":"https:\/\/www.hofmann-rtv.ch\/index.php?rest_route=\/wp\/v2\/media\/4595"}],"wp:attachment":[{"href":"https:\/\/www.hofmann-rtv.ch\/index.php?rest_route=%2Fwp%2Fv2%2Fmedia&parent=4946"}],"wp:term":[{"taxonomy":"pwb-brand","embeddable":true,"href":"https:\/\/www.hofmann-rtv.ch\/index.php?rest_route=%2Fwp%2Fv2%2Fpwb-brand&post=4946"},{"taxonomy":"product_brand","embeddable":true,"href":"https:\/\/www.hofmann-rtv.ch\/index.php?rest_route=%2Fwp%2Fv2%2Fproduct_brand&post=4946"},{"taxonomy":"product_cat","embeddable":true,"href":"https:\/\/www.hofmann-rtv.ch\/index.php?rest_route=%2Fwp%2Fv2%2Fproduct_cat&post=4946"},{"taxonomy":"product_tag","embeddable":true,"href":"https:\/\/www.hofmann-rtv.ch\/index.php?rest_route=%2Fwp%2Fv2%2Fproduct_tag&post=4946"}],"curies":[{"name":"wp","href":"https:\/\/api.w.org\/{rel}","templated":true}]}}