{"id":4948,"date":"2026-04-11T11:00:59","date_gmt":"2026-04-11T09:00:59","guid":{"rendered":"https:\/\/www.hofmann-rtv.ch\/?product=loewe-klang-s3-basalt-grey"},"modified":"2026-04-15T11:10:07","modified_gmt":"2026-04-15T09:10:07","slug":"loewe-klang-s3-basalt-grey","status":"publish","type":"product","link":"https:\/\/www.hofmann-rtv.ch\/?product=loewe-klang-s3-basalt-grey","title":{"rendered":"Loewe klang s3 basalt grey"},"content":{"rendered":"<p>Kategorie: Radio<br \/>\nFarbe: Basalt Grey<br \/>\nTechnologie: DAB\/FM\/CD<br \/>\nModelljahr: 2022<br \/>\nL\u00e4ndercode: CH<br \/>\nAudiokanal: Stereo<br \/>\nKabellose \u00dcbertragung: Bluetooth, WLAN<br \/>\nNennleistung Audio: 60 W<br \/>\nFrequenz: 47 &#8211; 20000 Hz<br \/>\nStromverbrauch: 10 W<br \/>\nStromverbrauch (Standby): 5.40 W<br \/>\nH\u00f6he Produkt: 160 mm<br \/>\nBreite Produkt: 90 mm<br \/>\nTiefe Produkt: 460 mm<br \/>\nH\u00f6he Verpackung: 160 mm<br \/>\nBreite Verpackung: 648 mm<br \/>\nTiefe Verpackung: 225 mm<br \/>\nAusstattung + Funktionen: Bluetooth, DAB+, Internet Radio, Spotify Connect, CD, UKW<br \/>\nBluetooth Version: 4.2<br \/>\nBluetooth Profile: A2DP, AVRCP<br \/>\nProdukt Verkaufseinheit: 1 Stk.<br \/>\nLeistung: 120 W<br \/>\nRadiotyp: Smart Radio<br \/>\nRadio Ausstattung: Fernbedienung, Stationstasten, DAB+, FM, Internet Radio, USB, Wecker<br \/>\nWecker Funktionen: Ja<br \/>\nRadiospeicherpl\u00e4tze: 25000 Stk.<br \/>\nRadio Empfang: Internet Radio, DAB+, UKW<br \/>\nLeistungsaufnahme (Standby): 5.40 W<br \/>\nLeistungsaufnahme: 10.00 W<br \/>\nNennbelastbarkeit (RMS): 60 W<br \/>\nMusik-Belastbarkeit (Max.): 12 W<\/p>\n","protected":false},"excerpt":{"rendered":"<p>Das Streamingsystem Loewe klang s3 bietet vielseitiges H\u00f6rvergn\u00fcgen mit Internetradio, Podcast und DAB+-Tuner. Es begeistert mit kristallklarem Klang und einer ordentlichen Musikleistung. Bis zu 25.000 Stationen und ca. 10.000 Podcasts k\u00f6nnen individuell programmiert werden und bieten eine unersch\u00f6pfliche Auswahl verschiedenster Radioprogramme. Dienste wie Amazon Music, Deezer oder Spotify Connect sind ebenfalls integriert, da Streaming in der DNA der Loewe klang s Familie steckt. Im Gegensatz zum klang s1 verf\u00fcgt dieses Ger\u00e4t zus\u00e4tzlich \u00fcber einen CD-Slot. Das Smart Radio Klang s sorgt mit Internetradio und DAB\/DAB+-Tuner f\u00fcr vielseitiges H\u00f6rvergn\u00fcgen. Bis zu 25.000 Radiostationen k\u00f6nnen individuell programmiert werden und bieten eine riesige Auswahl verschiedenster Radioprogramme. Der Loewe klang s3 hat zus\u00e4tzlich einen CD-Slot f\u00fcr noch mehr Musikgenuss. Die Slot-in Mechanik zieht die CD ger\u00e4uschlos ein. Das Modell kann auch MP3-Discs abspielen.<\/p>\n","protected":false},"featured_media":4587,"template":"","meta":[],"pwb-brand":[109],"product_brand":[37],"product_cat":[38,32],"product_tag":[],"class_list":{"0":"post-4948","1":"product","2":"type-product","3":"status-publish","4":"has-post-thumbnail","6":"pwb-brand-zeitloses-design-hoechste-fertigungsqualitaet-made-in-germany","7":"product_brand-loewe","8":"product_cat-loewe","9":"product_cat-hifi","11":"first","12":"outofstock","13":"shipping-taxable","14":"purchasable","15":"product-type-simple"},"jetpack_sharing_enabled":true,"brands":[{"id":109,"name":"Loewe","slug":"zeitloses-design-hoechste-fertigungsqualitaet-made-in-germany"}],"_links":{"self":[{"href":"https:\/\/www.hofmann-rtv.ch\/index.php?rest_route=\/wp\/v2\/product\/4948","targetHints":{"allow":["GET"]}}],"collection":[{"href":"https:\/\/www.hofmann-rtv.ch\/index.php?rest_route=\/wp\/v2\/product"}],"about":[{"href":"https:\/\/www.hofmann-rtv.ch\/index.php?rest_route=\/wp\/v2\/types\/product"}],"wp:featuredmedia":[{"embeddable":true,"href":"https:\/\/www.hofmann-rtv.ch\/index.php?rest_route=\/wp\/v2\/media\/4587"}],"wp:attachment":[{"href":"https:\/\/www.hofmann-rtv.ch\/index.php?rest_route=%2Fwp%2Fv2%2Fmedia&parent=4948"}],"wp:term":[{"taxonomy":"pwb-brand","embeddable":true,"href":"https:\/\/www.hofmann-rtv.ch\/index.php?rest_route=%2Fwp%2Fv2%2Fpwb-brand&post=4948"},{"taxonomy":"product_brand","embeddable":true,"href":"https:\/\/www.hofmann-rtv.ch\/index.php?rest_route=%2Fwp%2Fv2%2Fproduct_brand&post=4948"},{"taxonomy":"product_cat","embeddable":true,"href":"https:\/\/www.hofmann-rtv.ch\/index.php?rest_route=%2Fwp%2Fv2%2Fproduct_cat&post=4948"},{"taxonomy":"product_tag","embeddable":true,"href":"https:\/\/www.hofmann-rtv.ch\/index.php?rest_route=%2Fwp%2Fv2%2Fproduct_tag&post=4948"}],"curies":[{"name":"wp","href":"https:\/\/api.w.org\/{rel}","templated":true}]}}