{"id":4949,"date":"2026-04-11T11:00:59","date_gmt":"2026-04-11T09:00:59","guid":{"rendered":"https:\/\/www.hofmann-rtv.ch\/?product=loewe-klang-bar-i-basalt-grey"},"modified":"2026-04-15T11:10:07","modified_gmt":"2026-04-15T09:10:07","slug":"loewe-klang-bar-i-basalt-grey","status":"publish","type":"product","link":"https:\/\/www.hofmann-rtv.ch\/?product=loewe-klang-bar-i-basalt-grey","title":{"rendered":"Loewe klang bar i basalt grey"},"content":{"rendered":"<p>Kategorie: Lautsprecher<br \/>\nL\u00e4ndercode: CH<br \/>\nAudiokanal: Stereo<br \/>\nNennleistung Audio: 80 W<br \/>\nH\u00f6he Produkt: 180 mm<br \/>\nBreite Produkt: 916 mm<br \/>\nTiefe Produkt: 52 mm<br \/>\nH\u00f6he Verpackung: 965 mm<br \/>\nBreite Verpackung: 80 mm<br \/>\nTiefe Verpackung: 231 mm<br \/>\nAusstattung + Funktionen: Soundbar f\u00fcr Loewe bild i<br \/>\nNennbelastbarkeit (RMS): 40 W<\/p>\n","protected":false},"excerpt":{"rendered":"<p>Kann ganz einfach an die Ger\u00e4te bild i 48, 55 und 65 angeflanscht und \u00fcber einen W\u00fcrfelstecker mit dem TV verbunden werden. Die Sound- und Sprachqualit\u00e4t wird durch die 8 Frontlautsprecher nochmals merklich verbessert. Das System liefert 80 Watt Leistung und unterst\u00fctzt Dolby Atmos. Eine hervorragende Erg\u00e4nzung, welche auch optisch sehr gelungen und mit dem gleichen Akustikstoff wie die TV R\u00fcckwand bezogen ist.<\/p>\n","protected":false},"featured_media":4603,"template":"","meta":[],"pwb-brand":[109],"product_brand":[37],"product_cat":[38,32],"product_tag":[],"class_list":{"0":"post-4949","1":"product","2":"type-product","3":"status-publish","4":"has-post-thumbnail","6":"pwb-brand-zeitloses-design-hoechste-fertigungsqualitaet-made-in-germany","7":"product_brand-loewe","8":"product_cat-loewe","9":"product_cat-hifi","11":"first","12":"outofstock","13":"shipping-taxable","14":"purchasable","15":"product-type-simple"},"jetpack_sharing_enabled":true,"brands":[{"id":109,"name":"Loewe","slug":"zeitloses-design-hoechste-fertigungsqualitaet-made-in-germany"}],"_links":{"self":[{"href":"https:\/\/www.hofmann-rtv.ch\/index.php?rest_route=\/wp\/v2\/product\/4949","targetHints":{"allow":["GET"]}}],"collection":[{"href":"https:\/\/www.hofmann-rtv.ch\/index.php?rest_route=\/wp\/v2\/product"}],"about":[{"href":"https:\/\/www.hofmann-rtv.ch\/index.php?rest_route=\/wp\/v2\/types\/product"}],"wp:featuredmedia":[{"embeddable":true,"href":"https:\/\/www.hofmann-rtv.ch\/index.php?rest_route=\/wp\/v2\/media\/4603"}],"wp:attachment":[{"href":"https:\/\/www.hofmann-rtv.ch\/index.php?rest_route=%2Fwp%2Fv2%2Fmedia&parent=4949"}],"wp:term":[{"taxonomy":"pwb-brand","embeddable":true,"href":"https:\/\/www.hofmann-rtv.ch\/index.php?rest_route=%2Fwp%2Fv2%2Fpwb-brand&post=4949"},{"taxonomy":"product_brand","embeddable":true,"href":"https:\/\/www.hofmann-rtv.ch\/index.php?rest_route=%2Fwp%2Fv2%2Fproduct_brand&post=4949"},{"taxonomy":"product_cat","embeddable":true,"href":"https:\/\/www.hofmann-rtv.ch\/index.php?rest_route=%2Fwp%2Fv2%2Fproduct_cat&post=4949"},{"taxonomy":"product_tag","embeddable":true,"href":"https:\/\/www.hofmann-rtv.ch\/index.php?rest_route=%2Fwp%2Fv2%2Fproduct_tag&post=4949"}],"curies":[{"name":"wp","href":"https:\/\/api.w.org\/{rel}","templated":true}]}}