{"id":4950,"date":"2026-04-11T11:00:59","date_gmt":"2026-04-11T09:00:59","guid":{"rendered":"https:\/\/www.hofmann-rtv.ch\/?product=loewe-leo-accessoires-kit-horizon-bronze"},"modified":"2026-04-15T11:10:07","modified_gmt":"2026-04-15T09:10:07","slug":"loewe-leo-accessoires-kit-horizon-bronze","status":"publish","type":"product","link":"https:\/\/www.hofmann-rtv.ch\/?product=loewe-leo-accessoires-kit-horizon-bronze","title":{"rendered":"Loewe leo accessoires kit horizon bronze"},"content":{"rendered":"<p>Farbe: Bronze<br \/>\nKategorie: Kopfh\u00f6rer<br \/>\nModelljahr: 2025<br \/>\nL\u00e4ndercode: CH<br \/>\nAusstattung + Funktionen:<br \/>\nAudio Technologien:<br \/>\nAudioformate:<br \/>\nAudio Eing\u00e4nge:<br \/>\nAudio Ausg\u00e4nge:<br \/>\nSmart Home \u00d6kosystem:<\/p>\n","protected":false},"excerpt":{"rendered":"<p>Das modulare Design mit magnetischen Polstern erm\u00f6glicht eine einfache Personalisierung des Loewe leo Kopfh\u00f6rer. Die Ohrpolster und der Kopfh\u00f6rerb\u00fcgel in Horizon Bronze sind aus echtem Leder gefertigt und lassen sich leicht anbringen.<\/p>\n<p>Inhalt des Accessory Kits: Kopfb\u00fcgel und Ohrpolster<\/p>\n","protected":false},"featured_media":4613,"template":"","meta":[],"pwb-brand":[109],"product_brand":[37],"product_cat":[38,32],"product_tag":[],"class_list":{"0":"post-4950","1":"product","2":"type-product","3":"status-publish","4":"has-post-thumbnail","6":"pwb-brand-zeitloses-design-hoechste-fertigungsqualitaet-made-in-germany","7":"product_brand-loewe","8":"product_cat-loewe","9":"product_cat-hifi","11":"first","12":"outofstock","13":"shipping-taxable","14":"purchasable","15":"product-type-simple"},"jetpack_sharing_enabled":true,"brands":[{"id":109,"name":"Loewe","slug":"zeitloses-design-hoechste-fertigungsqualitaet-made-in-germany"}],"_links":{"self":[{"href":"https:\/\/www.hofmann-rtv.ch\/index.php?rest_route=\/wp\/v2\/product\/4950","targetHints":{"allow":["GET"]}}],"collection":[{"href":"https:\/\/www.hofmann-rtv.ch\/index.php?rest_route=\/wp\/v2\/product"}],"about":[{"href":"https:\/\/www.hofmann-rtv.ch\/index.php?rest_route=\/wp\/v2\/types\/product"}],"wp:featuredmedia":[{"embeddable":true,"href":"https:\/\/www.hofmann-rtv.ch\/index.php?rest_route=\/wp\/v2\/media\/4613"}],"wp:attachment":[{"href":"https:\/\/www.hofmann-rtv.ch\/index.php?rest_route=%2Fwp%2Fv2%2Fmedia&parent=4950"}],"wp:term":[{"taxonomy":"pwb-brand","embeddable":true,"href":"https:\/\/www.hofmann-rtv.ch\/index.php?rest_route=%2Fwp%2Fv2%2Fpwb-brand&post=4950"},{"taxonomy":"product_brand","embeddable":true,"href":"https:\/\/www.hofmann-rtv.ch\/index.php?rest_route=%2Fwp%2Fv2%2Fproduct_brand&post=4950"},{"taxonomy":"product_cat","embeddable":true,"href":"https:\/\/www.hofmann-rtv.ch\/index.php?rest_route=%2Fwp%2Fv2%2Fproduct_cat&post=4950"},{"taxonomy":"product_tag","embeddable":true,"href":"https:\/\/www.hofmann-rtv.ch\/index.php?rest_route=%2Fwp%2Fv2%2Fproduct_tag&post=4950"}],"curies":[{"name":"wp","href":"https:\/\/api.w.org\/{rel}","templated":true}]}}