{"id":4954,"date":"2026-04-11T11:01:00","date_gmt":"2026-04-11T09:01:00","guid":{"rendered":"https:\/\/www.hofmann-rtv.ch\/?product=we-hear-2-coral-red"},"modified":"2026-04-15T11:10:07","modified_gmt":"2026-04-15T09:10:07","slug":"we-hear-2-coral-red","status":"publish","type":"product","link":"https:\/\/www.hofmann-rtv.ch\/?product=we-hear-2-coral-red","title":{"rendered":"We. HEAR 2 coral red"},"content":{"rendered":"<p>Technologie: Bluetooth Speaker<br \/>\nKategorie: Lautsprecher<br \/>\nFarbe: Coral Red<br \/>\nFrequenz: 2402 &#8211; 2480 MHz<br \/>\nKabellose \u00dcbertragung: Bluetooth<br \/>\nAudio-Anschl\u00fcsse: Line in 3.5mm<br \/>\nBatterietyp: Li-Ion<br \/>\nForm: Zylinder<br \/>\nAusstattung + Funktionen: Spritzwasserfest, Stereo-Pairing, Line-In<br \/>\nSchutzart (IP Code): IPX6<br \/>\nLautst\u00e4rkeregler: Tasten<br \/>\nAnwendungsbereich: indoor, outdoor<br \/>\nWiedergabequelle: Externes Wiedergabeger\u00e4t<br \/>\nLade-Eingang: micro USB 2.0<br \/>\nAudiokanal: Stereo<br \/>\nAkkulaufzeit: 17 h<br \/>\nBreite Produkt: 125 mm<br \/>\nH\u00f6he Produkt: 290 mm<br \/>\nLieferumfang: USB Ladekabel, Tragschlaufe<\/p>\n","protected":false},"excerpt":{"rendered":"<p>Der We. HEAR 2 Bluetooth-Lautsprecher von We. by Loewe Audio bietet \u00fcberragenden Sound mit einer Gesamtmusikleistung von 80 Watt. Er kann einfach zu einem True-Wireless-Stereo-Paar gekoppelt werden, um eine noch breitere Klangb\u00fchne zu schaffen. Das spritzwassergesch\u00fctzte und IPX6-zertifizierte Geh\u00e4use macht ihn zum idealen Begleiter f\u00fcr Outdoor-Abenteuer. Mit einer extrem langen Akkulaufzeit von bis zu 17 Stunden sorgt er f\u00fcr ausgiebigen Musikgenuss, und die kurze Ladezeit ist \u00e4usserst benutzerfreundlich. Der Lautsprecher ist attraktiv klein, leicht und einfach zu handhaben, mit intuitiver Bedienung \u00fcber wenige Tasten und schneller Bluetooth-Verbindung. Er kann auch als Freisprech-Telefonlautsprecher mit Mikrofon und \u00fcber einen 3,5-mm-AUX-Anschluss f\u00fcr externe Zuspieler genutzt werden. Das Design ist &#8222;made in Germany&#8220; und in vier inspirierenden Farben erh\u00e4ltlich: Coral Red, Aqua Blue, Storm Grey und Cool Grey.<\/p>\n","protected":false},"featured_media":4623,"template":"","meta":[],"pwb-brand":[109],"product_brand":[37],"product_cat":[38,32],"product_tag":[],"class_list":{"0":"post-4954","1":"product","2":"type-product","3":"status-publish","4":"has-post-thumbnail","6":"pwb-brand-zeitloses-design-hoechste-fertigungsqualitaet-made-in-germany","7":"product_brand-loewe","8":"product_cat-loewe","9":"product_cat-hifi","11":"first","12":"outofstock","13":"shipping-taxable","14":"purchasable","15":"product-type-simple"},"jetpack_sharing_enabled":true,"brands":[{"id":109,"name":"Loewe","slug":"zeitloses-design-hoechste-fertigungsqualitaet-made-in-germany"}],"_links":{"self":[{"href":"https:\/\/www.hofmann-rtv.ch\/index.php?rest_route=\/wp\/v2\/product\/4954","targetHints":{"allow":["GET"]}}],"collection":[{"href":"https:\/\/www.hofmann-rtv.ch\/index.php?rest_route=\/wp\/v2\/product"}],"about":[{"href":"https:\/\/www.hofmann-rtv.ch\/index.php?rest_route=\/wp\/v2\/types\/product"}],"wp:featuredmedia":[{"embeddable":true,"href":"https:\/\/www.hofmann-rtv.ch\/index.php?rest_route=\/wp\/v2\/media\/4623"}],"wp:attachment":[{"href":"https:\/\/www.hofmann-rtv.ch\/index.php?rest_route=%2Fwp%2Fv2%2Fmedia&parent=4954"}],"wp:term":[{"taxonomy":"pwb-brand","embeddable":true,"href":"https:\/\/www.hofmann-rtv.ch\/index.php?rest_route=%2Fwp%2Fv2%2Fpwb-brand&post=4954"},{"taxonomy":"product_brand","embeddable":true,"href":"https:\/\/www.hofmann-rtv.ch\/index.php?rest_route=%2Fwp%2Fv2%2Fproduct_brand&post=4954"},{"taxonomy":"product_cat","embeddable":true,"href":"https:\/\/www.hofmann-rtv.ch\/index.php?rest_route=%2Fwp%2Fv2%2Fproduct_cat&post=4954"},{"taxonomy":"product_tag","embeddable":true,"href":"https:\/\/www.hofmann-rtv.ch\/index.php?rest_route=%2Fwp%2Fv2%2Fproduct_tag&post=4954"}],"curies":[{"name":"wp","href":"https:\/\/api.w.org\/{rel}","templated":true}]}}