{"id":4957,"date":"2026-04-11T11:01:00","date_gmt":"2026-04-11T09:01:00","guid":{"rendered":"https:\/\/www.hofmann-rtv.ch\/?product=we-hear-pro-denim"},"modified":"2026-04-15T11:10:07","modified_gmt":"2026-04-15T09:10:07","slug":"we-hear-pro-denim","status":"publish","type":"product","link":"https:\/\/www.hofmann-rtv.ch\/?product=we-hear-pro-denim","title":{"rendered":"We. HEAR pro denim"},"content":{"rendered":"<p>Farbe: Blau<br \/>\nKategorie: Lautsprecher<br \/>\nTechnologie: Bluetooth Speaker<br \/>\nFrequenz: 50-20000 Hz<br \/>\nKabellose \u00dcbertragung: Bluetooth 5.3<br \/>\nAudio-Anschl\u00fcsse: Line in 3.5mm<br \/>\nBatterietyp: Lithium Ion<br \/>\nAkkulaufzeit: 24 h<br \/>\nBreite Produkt: 280 mm<br \/>\nH\u00f6he Produkt: 138 mm<br \/>\nForm: Zylinder<br \/>\nAusstattung + Funktionen: 2x 50 W Music power, Multi device pairing, Power Bank, Bass and treble controll<br \/>\nSchutzart (IP Code): IPX6<br \/>\nLautst\u00e4rkeregler: Tasten<br \/>\nAnwendungsbereich: indooor, outdoor<br \/>\nWiedergabequelle: Externes Wiedergabeger\u00e4t<br \/>\nLade-Eingang: USB-C<br \/>\nEnergieversorgung: Akku<br \/>\nAudiokanal: Stereo<br \/>\nLieferumfang: Anleitung, USB-C Kabel, Trageriemen<br \/>\nAudioformate:<\/p>\n","protected":false},"excerpt":{"rendered":"<p>Der We. HEAR pro Bluetooth-Lautsprecher bietet \u00fcberragenden Sound mit einer Gesamtmusikleistung von 100 Watt und satter Klangqualit\u00e4t. Mehrere Speaker lassen sich einfach mit True-Wireless-Multi-Pairing koppeln f\u00fcr eine noch gr\u00f6ssere Sound-B\u00fchne.<\/p>\n<p>Das spritzwassergesch\u00fctzte und IPX 6 zertifizierte Geh\u00e4use macht den Speaker zum perfekten Begleiter f\u00fcr Outdoor-Abenteuer.<\/p>\n<p>Eine extrem lange Akkulaufzeit von mindestens 24 Stunden sorgt f\u00fcr ausgiebigen Musikgenuss. Die kurze Ladezeit ist zudem \u00e4usserst benutzerfreundlich.<\/p>\n<p>Der Lautsprecher ist einfach zu handhaben und intuitiv zu bedienen, mit wenigen Tasten und schneller Bluetooth-Verbindung. Er kann auch als Hands-Free-Telefonlautsprecher mit Mikrofon und mit 3,5mm-AUX-Anschluss f\u00fcr externe Zuspieler verwendet werden.<\/p>\n<p>Design Made in Germany: Der We. HEAR pro Lautsprecher ist in drei stylishen Farben erh\u00e4ltlich \u2013 denim, neon und black.<\/p>\n","protected":false},"featured_media":4607,"template":"","meta":[],"pwb-brand":[109],"product_brand":[37],"product_cat":[38,32],"product_tag":[],"class_list":{"0":"post-4957","1":"product","2":"type-product","3":"status-publish","4":"has-post-thumbnail","6":"pwb-brand-zeitloses-design-hoechste-fertigungsqualitaet-made-in-germany","7":"product_brand-loewe","8":"product_cat-loewe","9":"product_cat-hifi","11":"first","12":"outofstock","13":"shipping-taxable","14":"purchasable","15":"product-type-simple"},"jetpack_sharing_enabled":true,"brands":[{"id":109,"name":"Loewe","slug":"zeitloses-design-hoechste-fertigungsqualitaet-made-in-germany"}],"_links":{"self":[{"href":"https:\/\/www.hofmann-rtv.ch\/index.php?rest_route=\/wp\/v2\/product\/4957","targetHints":{"allow":["GET"]}}],"collection":[{"href":"https:\/\/www.hofmann-rtv.ch\/index.php?rest_route=\/wp\/v2\/product"}],"about":[{"href":"https:\/\/www.hofmann-rtv.ch\/index.php?rest_route=\/wp\/v2\/types\/product"}],"wp:featuredmedia":[{"embeddable":true,"href":"https:\/\/www.hofmann-rtv.ch\/index.php?rest_route=\/wp\/v2\/media\/4607"}],"wp:attachment":[{"href":"https:\/\/www.hofmann-rtv.ch\/index.php?rest_route=%2Fwp%2Fv2%2Fmedia&parent=4957"}],"wp:term":[{"taxonomy":"pwb-brand","embeddable":true,"href":"https:\/\/www.hofmann-rtv.ch\/index.php?rest_route=%2Fwp%2Fv2%2Fpwb-brand&post=4957"},{"taxonomy":"product_brand","embeddable":true,"href":"https:\/\/www.hofmann-rtv.ch\/index.php?rest_route=%2Fwp%2Fv2%2Fproduct_brand&post=4957"},{"taxonomy":"product_cat","embeddable":true,"href":"https:\/\/www.hofmann-rtv.ch\/index.php?rest_route=%2Fwp%2Fv2%2Fproduct_cat&post=4957"},{"taxonomy":"product_tag","embeddable":true,"href":"https:\/\/www.hofmann-rtv.ch\/index.php?rest_route=%2Fwp%2Fv2%2Fproduct_tag&post=4957"}],"curies":[{"name":"wp","href":"https:\/\/api.w.org\/{rel}","templated":true}]}}