{"id":4961,"date":"2026-04-11T11:01:00","date_gmt":"2026-04-11T09:01:00","guid":{"rendered":"https:\/\/www.hofmann-rtv.ch\/?product=we-hear-1-cool-grey"},"modified":"2026-04-15T11:10:07","modified_gmt":"2026-04-15T09:10:07","slug":"we-hear-1-cool-grey","status":"publish","type":"product","link":"https:\/\/www.hofmann-rtv.ch\/?product=we-hear-1-cool-grey","title":{"rendered":"We. HEAR 1 cool grey"},"content":{"rendered":"<p>Technologie: Bluetooth Speaker<br \/>\nKategorie: Lautsprecher<br \/>\nFarbe: Cool Grey<br \/>\nFrequenz: 2402 &#8211; 2480 MHz<br \/>\nKabellose \u00dcbertragung: Bluetooth<br \/>\nAudio-Anschl\u00fcsse: Line in 3.5mm<br \/>\nBatterietyp: Li-Ion<br \/>\nAkkulaufzeit: 14 h<br \/>\nBreite Produkt: 90 mm<br \/>\nH\u00f6he Produkt: 220 mm<br \/>\nForm: Zylinder<br \/>\nAusstattung + Funktionen: Spritzwasserfest, Stereo-Pairing, Line-In<br \/>\nSchutzart (IP Code): IPX6<br \/>\nLautst\u00e4rkeregler: Tasten<br \/>\nAnwendungsbereich: indoor, outdoor<br \/>\nWiedergabequelle: Externes Wiedergabeger\u00e4t<br \/>\nLade-Eingang: micro USB 2.0<br \/>\nAudiokanal: Stereo<br \/>\nLieferumfang: USB Ladekabel<\/p>\n","protected":false},"excerpt":{"rendered":"<p>**\u00dcberlegener Sound**<br \/>\nDer We. HEAR 1 Bluetooth-Lautsprecher hat eine Gesamtmusikleistung von 40 Watt und bietet f\u00fcr seine Gr\u00f6sse eine \u00fcberraschend satte Klangqualit\u00e4t. Der Speaker l\u00e4sst sich auch einfach zu einem True-Wireless-Stereo-Paar koppeln &#8211; f\u00fcr eine noch breitere Sound-B\u00fchne.<\/p>\n<p>**Spritzwassergesch\u00fctzt \/ Staubdicht**<br \/>\nDas spritzwassergesch\u00fctzte und IPX 6 zertifizierte Geh\u00e4use macht die beiden Speaker zum perfekten Begleiter f\u00fcr Outdoor-Abenteuer.<\/p>\n<p>**Lange Akkulaufzeit**<br \/>\nEine extrem lange Akkulaufzeit von bis zu 14 Stunden sorgen f\u00fcr ausgiebigen Musikgenuss. Die kurze Ladezeit ist zudem ebenfalls \u00e4usserst benutzerfreundlich.<\/p>\n<p>**Einfache Bedienung, vielseitige Funktionen**<br \/>\nAttraktive kleine, leichte Gr\u00f6sse &#8211; einfach zu handhaben und intuitiv zu bedienen: Mit wenigen Tasten und schneller Bluetooth-Verbindung. Auch als Handsfree-Telefonlautsprecher mit Mikrofon und mit 3,5mm-AUX-Anschluss f\u00fcr externe Zuspieler.<\/p>\n<p>**Design made in Germany**<br \/>\nDie beiden Outdoor Lautsprecher sind in vier inspirierenden Farben erh\u00e4ltlich &#8211; coral red, aqua blue, storm grey, cool grey.<\/p>\n","protected":false},"featured_media":4651,"template":"","meta":[],"pwb-brand":[109],"product_brand":[37],"product_cat":[38,32],"product_tag":[],"class_list":{"0":"post-4961","1":"product","2":"type-product","3":"status-publish","4":"has-post-thumbnail","6":"pwb-brand-zeitloses-design-hoechste-fertigungsqualitaet-made-in-germany","7":"product_brand-loewe","8":"product_cat-loewe","9":"product_cat-hifi","11":"first","12":"outofstock","13":"shipping-taxable","14":"purchasable","15":"product-type-simple"},"jetpack_sharing_enabled":true,"brands":[{"id":109,"name":"Loewe","slug":"zeitloses-design-hoechste-fertigungsqualitaet-made-in-germany"}],"_links":{"self":[{"href":"https:\/\/www.hofmann-rtv.ch\/index.php?rest_route=\/wp\/v2\/product\/4961","targetHints":{"allow":["GET"]}}],"collection":[{"href":"https:\/\/www.hofmann-rtv.ch\/index.php?rest_route=\/wp\/v2\/product"}],"about":[{"href":"https:\/\/www.hofmann-rtv.ch\/index.php?rest_route=\/wp\/v2\/types\/product"}],"wp:featuredmedia":[{"embeddable":true,"href":"https:\/\/www.hofmann-rtv.ch\/index.php?rest_route=\/wp\/v2\/media\/4651"}],"wp:attachment":[{"href":"https:\/\/www.hofmann-rtv.ch\/index.php?rest_route=%2Fwp%2Fv2%2Fmedia&parent=4961"}],"wp:term":[{"taxonomy":"pwb-brand","embeddable":true,"href":"https:\/\/www.hofmann-rtv.ch\/index.php?rest_route=%2Fwp%2Fv2%2Fpwb-brand&post=4961"},{"taxonomy":"product_brand","embeddable":true,"href":"https:\/\/www.hofmann-rtv.ch\/index.php?rest_route=%2Fwp%2Fv2%2Fproduct_brand&post=4961"},{"taxonomy":"product_cat","embeddable":true,"href":"https:\/\/www.hofmann-rtv.ch\/index.php?rest_route=%2Fwp%2Fv2%2Fproduct_cat&post=4961"},{"taxonomy":"product_tag","embeddable":true,"href":"https:\/\/www.hofmann-rtv.ch\/index.php?rest_route=%2Fwp%2Fv2%2Fproduct_tag&post=4961"}],"curies":[{"name":"wp","href":"https:\/\/api.w.org\/{rel}","templated":true}]}}