{"id":4965,"date":"2026-04-11T11:16:21","date_gmt":"2026-04-11T09:16:21","guid":{"rendered":"https:\/\/www.hofmann-rtv.ch\/?post_type=product&#038;p=4965"},"modified":"2026-04-15T14:49:08","modified_gmt":"2026-04-15T12:49:08","slug":"leica-cineplay-1","status":"publish","type":"product","link":"https:\/\/www.hofmann-rtv.ch\/?product=leica-cineplay-1","title":{"rendered":"Leica Cineplay 1"},"content":{"rendered":"<p><strong>Exzellentes Premium Kinoerlebnis \u00fcberall.<\/strong><\/p>\n<p>Mit dem Leica Cine Play 1 dreht sich alles um spielerisch leichte, stimmungsvolle Kinoerlebnisse, wo immer Sie es wollen. Mit dem tragbaren und flexiblen, intelligenten Mini-Projektor, k\u00f6nnen Sie auf auch auf jede weisse Wand projizieren. Denken Sie gross \u2013 ganz gross! Entwickelt f\u00fcr diejenigen, die etwas Einzigartiges und Individuelles suchen, ohne auf erstklassige Qualit\u00e4t zu verzichten. Beim Leica Cine Play 1 dreht sich alles um Flexibilit\u00e4t und freudvolle Kinomomente mit dem besten Bild seiner Klasse.<\/p>\n<p>Der Leica Cine Play ist ein hochmoderner, kompakter und vielseitiger intelligenter Mini-Projektor, der f\u00fcr Premium-Enthusiasten und Technik-Liebhaber entwickelt wurde. Durch die Kombination von zeitlosem Design, \u00fcberragender optischer Leistung, integriertem kraftvollem Sound und benutzerfreundlicher Bedienung bietet er ein hochwertiges Kinoerlebnis f\u00fcr Home und Outdoor Entertainment ohne feste Installationen. Die innovativen Funktionen, darunter ein vollautomatisches Ausrichtungssystem, die intelligente VIDAA-Bedienung und ein einzigartiges Leica Summicron Zoomobjektiv, sorgen f\u00fcr eine problemlose Einrichtung, eine flexible Positionierung und eine au\u00dfergew\u00f6hnliche 4K-Aufl\u00f6sung.<\/p>\n<p>Mit dem als Zubeh\u00f6r erh\u00e4ltlichen Standfuss, kann der Laser Projektor jederzeit optimal im Raum positioniert werden.<\/p>\n","protected":false},"excerpt":{"rendered":"<h2 class=\"headline dark:text-white h2 mb-6\" data-component-id=\"leica_redesign_theme:headline\">Wesentliche Merkmale<\/h2>\n<ul class=\"unordered-list--with-dots essentials-field mb-0 font-light text-lg\">\n<li>Beeindruckende Bildqualit\u00e4t: 4K-Aufl\u00f6sung und brillante Farben dank Triple-RGB-Lasertechnologie, Summicron-Objektiv und Leica Image Optimization (LIO\u2122).<\/li>\n<li>Elegantes Design: Bauhaus-inspirierte \u00c4sthetik und hochwertige Materialien sorgen f\u00fcr Langlebigkeit und Stil.<\/li>\n<li>Einfach zu bedienen: Die Plug-and-Play-Einrichtung erm\u00f6glicht den sofortigen Zugriff auf Inhalte ohne komplizierte Installationen.<\/li>\n<li>Vielseitige Kompatibilit\u00e4t: Anschlussm\u00f6glichkeiten \u00fcber Apple Airplay, Bluetooth, Wi-Fi sowie HDMI, USB und LAN f\u00fcr nahtlose Ger\u00e4teintegration.<\/li>\n<li>Hochwertiger Klang: DTS Virtual: X-Technologie f\u00fcr ein beeindruckendes Klangerlebnis und tiefe B\u00e4sse.<\/li>\n<li>Optionaler St\u00e4nder: Der elegante Standfu\u00df verwandelt das Cine Play 1 in ein modernes Kunstwerk und bietet gleichzeitig eine \u00fcbersichtliche Kabelf\u00fchrung.<\/li>\n<\/ul>\n<p>&nbsp;<\/p>\n","protected":false},"featured_media":4966,"template":"","meta":[],"pwb-brand":[110],"product_brand":[66],"product_cat":[34,52],"product_tag":[],"class_list":{"0":"post-4965","1":"product","2":"type-product","3":"status-publish","4":"has-post-thumbnail","6":"pwb-brand-innovation-aus-tradition","7":"product_brand-leica","8":"product_cat-fernseher","9":"product_cat-leica","11":"first","12":"outofstock","13":"shipping-taxable","14":"purchasable","15":"product-type-simple"},"jetpack_sharing_enabled":true,"brands":[{"id":110,"name":"Leica","slug":"innovation-aus-tradition"}],"_links":{"self":[{"href":"https:\/\/www.hofmann-rtv.ch\/index.php?rest_route=\/wp\/v2\/product\/4965","targetHints":{"allow":["GET"]}}],"collection":[{"href":"https:\/\/www.hofmann-rtv.ch\/index.php?rest_route=\/wp\/v2\/product"}],"about":[{"href":"https:\/\/www.hofmann-rtv.ch\/index.php?rest_route=\/wp\/v2\/types\/product"}],"wp:featuredmedia":[{"embeddable":true,"href":"https:\/\/www.hofmann-rtv.ch\/index.php?rest_route=\/wp\/v2\/media\/4966"}],"wp:attachment":[{"href":"https:\/\/www.hofmann-rtv.ch\/index.php?rest_route=%2Fwp%2Fv2%2Fmedia&parent=4965"}],"wp:term":[{"taxonomy":"pwb-brand","embeddable":true,"href":"https:\/\/www.hofmann-rtv.ch\/index.php?rest_route=%2Fwp%2Fv2%2Fpwb-brand&post=4965"},{"taxonomy":"product_brand","embeddable":true,"href":"https:\/\/www.hofmann-rtv.ch\/index.php?rest_route=%2Fwp%2Fv2%2Fproduct_brand&post=4965"},{"taxonomy":"product_cat","embeddable":true,"href":"https:\/\/www.hofmann-rtv.ch\/index.php?rest_route=%2Fwp%2Fv2%2Fproduct_cat&post=4965"},{"taxonomy":"product_tag","embeddable":true,"href":"https:\/\/www.hofmann-rtv.ch\/index.php?rest_route=%2Fwp%2Fv2%2Fproduct_tag&post=4965"}],"curies":[{"name":"wp","href":"https:\/\/api.w.org\/{rel}","templated":true}]}}