{"id":5027,"date":"2026-04-11T12:36:43","date_gmt":"2026-04-11T10:36:43","guid":{"rendered":"https:\/\/www.hofmann-rtv.ch\/?product=bluesound-cinema-schwarz"},"modified":"2026-04-12T09:32:39","modified_gmt":"2026-04-12T07:32:39","slug":"bluesound-cinema-schwarz","status":"publish","type":"product","link":"https:\/\/www.hofmann-rtv.ch\/?product=bluesound-cinema-schwarz","title":{"rendered":"BlueSound Cinema (Schwarz)"},"content":{"rendered":"<p>Die PULSE CINEMA bringt immersiven Heimkino-Sound in Ihr Wohnzimmer \u2013 ganz ohne Receiver. Diese elegante All-in-One-Soundbar liefert raumf\u00fcllenden Dolby Atmos\u00ae-Sound und verbindet sich kabellos mit anderen Bluesound-Lautsprechern f\u00fcr ein echtes Surround-System. Dank BluOS\u2122 Multiroom-Unterst\u00fctzung und minimalistischem Design vereinfacht die PULSE CINEMA Ihr AV-System, ohne Kompromisse bei der Leistung einzugehen.<\/p>\n<p>Feature-Highlights<br \/>\n* 3.2.2 Dolby Atmos\u00ae-Soundbar mit 16 Treibern<br \/>\n* Integrierte Verst\u00e4rkung und Dolby Atmos\u00ae-Dekodierung<br \/>\n* Smart DSP mit automatischer Ausrichtungserkennung<br \/>\n* Vereinfachte TV-Einrichtung dank HDMI eARC, optischen und analogen Eing\u00e4ngen<br \/>\n* Subwoofer-Ausgang f\u00fcr kabelgebundene oder kabellose Bassverst\u00e4rkung<br \/>\n* Kabelloser Surround-Sound mit PULSE M, PULSE FLEX und SUB+<br \/>\n* Nahtloses Multiroom-Streaming mit BluOS\u2122<br \/>\n* Wandhalterung im Lieferumfang enthalten<br \/>\n* H\u00f6rmodi: Film, Musik und Late Night<br \/>\n* Unterst\u00fctzung f\u00fcr hochaufl\u00f6sendes Audio und MQA-Wiedergabe<\/p>\n<p>Immersiver Dolby Atmos\u00ae-Sound<br \/>\nMit 16 pr\u00e4zise entwickelten Treibern, darunter dedizierte Upfiring- und Center-Kan\u00e4le, erzeugt die PULSE CINEMA ein breites 3.2.2 Dolby Atmos\u00ae-Klangbild aus einer einzigen Soundbar. Ob Dialoge, Effekte oder Musik \u2013 jedes Detail ist klar und lebensecht. W\u00e4hlen Sie zwischen den Modi \u201eFilm&#8220;, \u201eMusik&#8220; oder \u201eNacht&#8220;, um den Klang optimal auf Ihre Bed\u00fcrfnisse abzustimmen.<\/p>\n<p>F\u00fcr den Alltag entwickelt<br \/>\nDas PULSE CINEMA sieht so gut aus, wie es klingt und f\u00fcgt sich nahtlos in Ihren Wohnraum ein. Sein edles Aluminiumgeh\u00e4use sorgt f\u00fcr Langlebigkeit und ein hochwertiges Finish, w\u00e4hrend der farblich abgestimmte Stoffbezug W\u00e4rme und Struktur verleiht und zu jeder Einrichtung passt. Jedes Detail zeugt von h\u00f6chster Handwerkskunst, sodass sich das System wie ein Teil Ihres Zuhauses anf\u00fchlt und nicht nur wie ein technisches Ger\u00e4t.<\/p>\n<p>Vereinfachen Sie Ihre Einrichtung<br \/>\nDie PULSE CINEMA f\u00fcgt sich nahtlos in Ihren Raum ein und liefert kraftvollen, raumf\u00fcllenden Klang. Dank integrierter Verst\u00e4rkung und Dolby Atmos\u00ae-Dekodierung ben\u00f6tigen Sie keinen separaten Receiver. Verbinden Sie Ihren Fernseher einfach mit einem einzigen HDMI eARC-Kabel und genie\u00dfen Sie erstklassigen Klang aus einer einzigen, eleganten Soundbar.<\/p>\n<p>Kabelloser Surround-Sound mit BluOS-Steuerung<br \/>\nF\u00fcr ein noch intensiveres Heimkinoerlebnis verbinden Sie den PULSE CINEMA kabellos mit zwei PULSE M- oder PULSE FLEX-Lautsprechern und dem SUB+ f\u00fcr ein vollst\u00e4ndiges Dolby Atmos\u00ae-System. Alternativ k\u00f6nnen Sie den PULSE CINEMA in ein BluOS-System f\u00fcr das ganze Haus integrieren und hochaufl\u00f6sende Musik im gesamten Raum streamen. Die Steuerung erfolgt bequem \u00fcber die BluOS Controller App.<\/p>\n","protected":false},"excerpt":{"rendered":"<p>Kabellose Multi-Room Streaming Soundbar<\/p>\n","protected":false},"featured_media":5153,"template":"","meta":[],"pwb-brand":[97],"product_brand":[40],"product_cat":[45,32],"product_tag":[],"class_list":{"0":"post-5027","1":"product","2":"type-product","3":"status-publish","4":"has-post-thumbnail","6":"pwb-brand-bluesound","7":"product_brand-bluesound","8":"product_cat-bluesound","9":"product_cat-hifi","11":"first","12":"outofstock","13":"shipping-taxable","14":"purchasable","15":"product-type-simple"},"jetpack_sharing_enabled":true,"brands":[{"id":97,"name":"Bluesound","slug":"bluesound"}],"_links":{"self":[{"href":"https:\/\/www.hofmann-rtv.ch\/index.php?rest_route=\/wp\/v2\/product\/5027","targetHints":{"allow":["GET"]}}],"collection":[{"href":"https:\/\/www.hofmann-rtv.ch\/index.php?rest_route=\/wp\/v2\/product"}],"about":[{"href":"https:\/\/www.hofmann-rtv.ch\/index.php?rest_route=\/wp\/v2\/types\/product"}],"wp:featuredmedia":[{"embeddable":true,"href":"https:\/\/www.hofmann-rtv.ch\/index.php?rest_route=\/wp\/v2\/media\/5153"}],"wp:attachment":[{"href":"https:\/\/www.hofmann-rtv.ch\/index.php?rest_route=%2Fwp%2Fv2%2Fmedia&parent=5027"}],"wp:term":[{"taxonomy":"pwb-brand","embeddable":true,"href":"https:\/\/www.hofmann-rtv.ch\/index.php?rest_route=%2Fwp%2Fv2%2Fpwb-brand&post=5027"},{"taxonomy":"product_brand","embeddable":true,"href":"https:\/\/www.hofmann-rtv.ch\/index.php?rest_route=%2Fwp%2Fv2%2Fproduct_brand&post=5027"},{"taxonomy":"product_cat","embeddable":true,"href":"https:\/\/www.hofmann-rtv.ch\/index.php?rest_route=%2Fwp%2Fv2%2Fproduct_cat&post=5027"},{"taxonomy":"product_tag","embeddable":true,"href":"https:\/\/www.hofmann-rtv.ch\/index.php?rest_route=%2Fwp%2Fv2%2Fproduct_tag&post=5027"}],"curies":[{"name":"wp","href":"https:\/\/api.w.org\/{rel}","templated":true}]}}