{"id":5028,"date":"2026-04-11T12:36:43","date_gmt":"2026-04-11T10:36:43","guid":{"rendered":"https:\/\/www.hofmann-rtv.ch\/?product=bluesound-cinema-mini-schwarz"},"modified":"2026-04-12T09:32:39","modified_gmt":"2026-04-12T07:32:39","slug":"bluesound-cinema-mini-schwarz","status":"publish","type":"product","link":"https:\/\/www.hofmann-rtv.ch\/?product=bluesound-cinema-mini-schwarz","title":{"rendered":"BlueSound Cinema Mini (Schwarz)"},"content":{"rendered":"<p>Kompakte 2.1 Multi-Room Streaming-Soundbar mit Dolby Atmos, 280 Watt RMS, Smart DSP zur automatischen Raumeinmessung, HDMI eARC, optische und analoge Eing\u00e4nge, Subwoofer-Anschluss f\u00fcr verkabelte oder kabellose Subwoofer-Erweiterung<\/p>\n<p>Feature-Highlights:<br \/>\n* Kompakte 2.1-Kanal-Soundbar mit angewinkelten Treibern<br \/>\n* Dolby Atmos\u00ae-Verarbeitung mit virtuellen H\u00f6heneffekten<br \/>\n* Integrierte Verst\u00e4rkung mit 280 W Gesamtleistung<br \/>\n* Intelligenter DSP mit automatischer Ausrichtungserkennung<br \/>\n* HDMI eARC, optische und analoge Cinch-Eing\u00e4nge<br \/>\n* Subwoofer-Ausgang f\u00fcr kabelgebundene oder kabellose Bassverst\u00e4rkung<br \/>\n* BluOS Multiroom-Streaming und App-basierte Steuerung<br \/>\n* Unterst\u00fctzung f\u00fcr hochaufl\u00f6sendes Audio und MQA-Wiedergabe<br \/>\n* Kabelloser Surround-Sound mit PULSE M, PULSE FLEX und SUB+<br \/>\n* Wandhalterung im Lieferumfang enthalten<br \/>\n* Kompatibel mit Control4, Crestron, RTI und mehr<\/p>\n","protected":false},"excerpt":{"rendered":"<p>2.1 Wireless Multi-Room Streaming Soundbar<\/p>\n","protected":false},"featured_media":5139,"template":"","meta":[],"pwb-brand":[97],"product_brand":[40],"product_cat":[45,32],"product_tag":[],"class_list":{"0":"post-5028","1":"product","2":"type-product","3":"status-publish","4":"has-post-thumbnail","6":"pwb-brand-bluesound","7":"product_brand-bluesound","8":"product_cat-bluesound","9":"product_cat-hifi","11":"first","12":"outofstock","13":"shipping-taxable","14":"purchasable","15":"product-type-simple"},"jetpack_sharing_enabled":true,"brands":[{"id":97,"name":"Bluesound","slug":"bluesound"}],"_links":{"self":[{"href":"https:\/\/www.hofmann-rtv.ch\/index.php?rest_route=\/wp\/v2\/product\/5028","targetHints":{"allow":["GET"]}}],"collection":[{"href":"https:\/\/www.hofmann-rtv.ch\/index.php?rest_route=\/wp\/v2\/product"}],"about":[{"href":"https:\/\/www.hofmann-rtv.ch\/index.php?rest_route=\/wp\/v2\/types\/product"}],"wp:featuredmedia":[{"embeddable":true,"href":"https:\/\/www.hofmann-rtv.ch\/index.php?rest_route=\/wp\/v2\/media\/5139"}],"wp:attachment":[{"href":"https:\/\/www.hofmann-rtv.ch\/index.php?rest_route=%2Fwp%2Fv2%2Fmedia&parent=5028"}],"wp:term":[{"taxonomy":"pwb-brand","embeddable":true,"href":"https:\/\/www.hofmann-rtv.ch\/index.php?rest_route=%2Fwp%2Fv2%2Fpwb-brand&post=5028"},{"taxonomy":"product_brand","embeddable":true,"href":"https:\/\/www.hofmann-rtv.ch\/index.php?rest_route=%2Fwp%2Fv2%2Fproduct_brand&post=5028"},{"taxonomy":"product_cat","embeddable":true,"href":"https:\/\/www.hofmann-rtv.ch\/index.php?rest_route=%2Fwp%2Fv2%2Fproduct_cat&post=5028"},{"taxonomy":"product_tag","embeddable":true,"href":"https:\/\/www.hofmann-rtv.ch\/index.php?rest_route=%2Fwp%2Fv2%2Fproduct_tag&post=5028"}],"curies":[{"name":"wp","href":"https:\/\/api.w.org\/{rel}","templated":true}]}}