{"id":5032,"date":"2026-04-11T12:36:43","date_gmt":"2026-04-11T10:36:43","guid":{"rendered":"https:\/\/www.hofmann-rtv.ch\/?product=bluesound-hub-schwarz"},"modified":"2026-04-12T09:32:39","modified_gmt":"2026-04-12T07:32:39","slug":"bluesound-hub-schwarz","status":"publish","type":"product","link":"https:\/\/www.hofmann-rtv.ch\/?product=bluesound-hub-schwarz","title":{"rendered":"BlueSound Hub (Schwarz)"},"content":{"rendered":"<p>Audio-Streaming ist mit dem HUB flexibler als je zuvor. Verwandeln Sie jedes kabelgebundene Audioger\u00e4t in einen Multiroom-Player, indem Sie einen HUB hinzuf\u00fcgen, um Musik drahtlos an einen oder mehrere Bluesound Player im Haus zu \u00fcbertragen. Das bedeutet, dass Sie jetzt praktisch jede Audioquelle \u00fcberall streamen k\u00f6nnen.<\/p>\n<p>* Schlie\u00dfen Sie jede kabelgebundene Audioquelle an den HUB an, um sie in Ihr Bluesound \u00d6kosystem einzubinden.<br \/>\n* \u00dcbertragen Sie Ihre CD- und Vinylsammlung \u00fcberall im Haus, ohne durch Kabel oder N\u00e4he eingeschr\u00e4nkt zu sein<br \/>\n* Die rauscharme, breitbandige Moving-Magnet-Phonostufe fungiert als Netzwerk-Plattenspieler-Vorverst\u00e4rker f\u00fcr die Hi-Res-Wiedergabe von Vinyl<br \/>\n* Verwenden Sie den HUB zusammen mit einem Paar Bluesound Pulse-Lautsprechern, um den Klang Ihres Fernsehers zu verbessern<br \/>\n* Genie\u00dfen Sie f\u00fcnf Eingangsoptionen: HDMI eARC, Koaxial, Digital Optical, Stereo Analog und eine Phonostufe mit beweglichem Magneten zur Unterst\u00fctzung Ihrer Musikger\u00e4te<br \/>\n* Gleichzeitige Wiedergabe eines analogen und eines digitalen Streams auf verschiedenen Bluesound oder BluOS Playern<br \/>\n* W\u00e4hlen Sie mit der App BluOS ganz einfach einen beliebigen HUB-Eingang als Audioquelle f\u00fcr Ihren Bluesound Player.<br \/>\n* Verbindung zum Netzwerk \u00fcber Dualband-Wi-Fi oder Gigabit-Ethernet<br \/>\n* Universelle USB-C Plug-and-Play-Stromversorgung<\/p>\n","protected":false},"excerpt":{"rendered":"<p>Adapter f\u00fcr kabelgebundene Quellen<\/p>\n","protected":false},"featured_media":5145,"template":"","meta":[],"pwb-brand":[97],"product_brand":[40],"product_cat":[45,32],"product_tag":[],"class_list":{"0":"post-5032","1":"product","2":"type-product","3":"status-publish","4":"has-post-thumbnail","6":"pwb-brand-bluesound","7":"product_brand-bluesound","8":"product_cat-bluesound","9":"product_cat-hifi","11":"first","12":"outofstock","13":"shipping-taxable","14":"purchasable","15":"product-type-simple"},"jetpack_sharing_enabled":true,"brands":[{"id":97,"name":"Bluesound","slug":"bluesound"}],"_links":{"self":[{"href":"https:\/\/www.hofmann-rtv.ch\/index.php?rest_route=\/wp\/v2\/product\/5032","targetHints":{"allow":["GET"]}}],"collection":[{"href":"https:\/\/www.hofmann-rtv.ch\/index.php?rest_route=\/wp\/v2\/product"}],"about":[{"href":"https:\/\/www.hofmann-rtv.ch\/index.php?rest_route=\/wp\/v2\/types\/product"}],"wp:featuredmedia":[{"embeddable":true,"href":"https:\/\/www.hofmann-rtv.ch\/index.php?rest_route=\/wp\/v2\/media\/5145"}],"wp:attachment":[{"href":"https:\/\/www.hofmann-rtv.ch\/index.php?rest_route=%2Fwp%2Fv2%2Fmedia&parent=5032"}],"wp:term":[{"taxonomy":"pwb-brand","embeddable":true,"href":"https:\/\/www.hofmann-rtv.ch\/index.php?rest_route=%2Fwp%2Fv2%2Fpwb-brand&post=5032"},{"taxonomy":"product_brand","embeddable":true,"href":"https:\/\/www.hofmann-rtv.ch\/index.php?rest_route=%2Fwp%2Fv2%2Fproduct_brand&post=5032"},{"taxonomy":"product_cat","embeddable":true,"href":"https:\/\/www.hofmann-rtv.ch\/index.php?rest_route=%2Fwp%2Fv2%2Fproduct_cat&post=5032"},{"taxonomy":"product_tag","embeddable":true,"href":"https:\/\/www.hofmann-rtv.ch\/index.php?rest_route=%2Fwp%2Fv2%2Fproduct_tag&post=5032"}],"curies":[{"name":"wp","href":"https:\/\/api.w.org\/{rel}","templated":true}]}}