{"id":5033,"date":"2026-04-11T12:36:43","date_gmt":"2026-04-11T10:36:43","guid":{"rendered":"https:\/\/www.hofmann-rtv.ch\/?product=bluesound-node-icon-schwarz"},"modified":"2026-04-12T09:32:39","modified_gmt":"2026-04-12T07:32:39","slug":"bluesound-node-icon-schwarz","status":"publish","type":"product","link":"https:\/\/www.hofmann-rtv.ch\/?product=bluesound-node-icon-schwarz","title":{"rendered":"BlueSound NODE Icon (Schwarz)"},"content":{"rendered":"<p>Referenz Hi-Res-Multiroom-Streamer mit Dual-Mono-DAC-Design mit 2 x ESS Sabre ES9039Q2M DAC, THX AAA\u2122-Kopfh\u00f6rerverst\u00e4rkertechnologie, symmetrische XLR-Ausg\u00e4nge, HDMI eARC, optische, analoge und USB-C-Eing\u00e4nge<\/p>\n<p>Der NODE ICON ist das Flaggschiff unter den kabellosen Musik-Streamern, entwickelt f\u00fcr Audio-Besessene. Mit seinem schlanken Aluminiumgeh\u00e4use und dem leuchtenden 5-Zoll-Farbdisplay setzt er neue Ma\u00dfst\u00e4be f\u00fcr kabellose Musikstreamer. Schlie\u00dfen Sie ihn nahtlos an einen beliebigen Premium-Verst\u00e4rker, Aktivlautsprecher oder Kopfh\u00f6rer an, und genie\u00dfen Sie BluOS Hi-Res-Streaming, Apple AirPlay 2, THX AAA\u2122 Technologie und mehr. HDMI eARC, Dolby Digital und Dirac Live* sorgen f\u00fcr ein beeindruckendes Audioerlebnis bei Musik und Fernsehen.<\/p>\n<p>* Dual-Mono-DAC-Design mit 2 x ESS Sabre ES9039Q2M DAC<br \/>\n* THX AAA\u2122-Kopfh\u00f6rerverst\u00e4rkertechnologie mit 2 x 1\/4\u2033-Buchsen f\u00fcr das Kabelmanagement<br \/>\n* Hochwertige symmetrische XLR-Ausg\u00e4nge<br \/>\n* HDMI eARC, optische, analoge und USB-C-Eing\u00e4nge<br \/>\n* RCA-, Koax-, optische und USB-Ausg\u00e4nge<br \/>\n* Apple AirPlay 2 und aptX Adaptives Bluetooth*<br \/>\n* Dirac Live Bereit*<br \/>\n* Wundersch\u00f6nes 5-Zoll-HD-Farbdisplay und hintergrundbeleuchtetes Touchpanel mit Voreinstellungen und Bedienelementen<\/p>\n<p>VON DER IKONE ZUR IKONE<br \/>\nDer NODE ICON definiert HiFi-H\u00f6rgenuss mit seinem fachm\u00e4nnisch ausgearbeiteten Dual-Mono-DAC-Design neu. Ausgestattet mit zwei hochmodernen ESS SABRE ES9039Q2M DACs und transparenten Schaltkreisen, liefert er einen Klang mit beispiellosem Dynamikumfang, extrem geringer Verzerrung und au\u00dfergew\u00f6hnlicher Aufl\u00f6sung. Die bahnbrechende QRONO d2a-Technologie von MQA Labs verfeinert die DAC-Leistung weiter, indem sie Timing-Fehler bei der Digital-Analog-Wandlung korrigiert und so sicherstellt, dass das Timing-Verhalten perfekt mit der Originalaufnahme \u00fcbereinstimmt &#8211; f\u00fcr ein authentisches H\u00f6rerlebnis.<\/p>\n<p>SCH\u00d6N GESTALTET F\u00dcR DIE AUDIO-BESESSENEN<br \/>\nMit seinem k\u00fchnen Industriedesign f\u00fcr die n\u00e4chste HiFi-Generation verf\u00fcgt der NODE ICON \u00fcber ein hochwertiges Aluminiumgeh\u00e4use, symmetrische XLR-Ausg\u00e4nge und ein wundersch\u00f6nes 5-Zoll-HD-Farbdisplay. Sein elegantes, schwarzes Hochglanz-Finish f\u00fcgt sich nahtlos in jedes Setup ein, w\u00e4hrend audiophile Anschl\u00fcsse f\u00fcr \u00fcberragende Leistung sorgen. Das Ger\u00e4t unterst\u00fctzt die DSD-Wiedergabe und ist mit dem neuesten ES9826 SABRE ADC ausgestattet, der ein originalgetreues analoges Audiosignal mit minimalem Rauschen oder Verzerrungen liefert.<\/p>\n<p>ALLES STREAMEN<br \/>\nStreamen Sie alle Musik, die Sie jemals mit dem NODE ICON aufgenommen haben, von beliebten Streaming-Diensten bis hin zu Ihren pers\u00f6nlichen digitalen Bibliotheken, die alle \u00fcber die BluOS App zug\u00e4nglich sind. Mit dem integrierten Apple AirPlay 2 und aptX\u2122 Adaptive Bluetooth* k\u00f6nnen Sie noch mehr Musik von noch mehr Apps und Diensten genie\u00dfen. Mit HDMI eARC k\u00f6nnen Sie nahtlos eine Verbindung zu Ihrem Fernsehger\u00e4t herstellen und Ihr Film- und Spielerlebnis mit hochaufl\u00f6sendem Musik-Streaming verbinden &#8211; alles mit nur einem einzigen Kabel.<\/p>\n<p>\u00dcBER DIE HIFI-ANLAGE HINAUSGEHEN<br \/>\nDer NODE ICON kann kabellos mit Bluesound Lautsprechern und Stereokomponenten verbunden werden, um ein Multiroom-Musiksystem zu schaffen, das \u00fcber BluOS\u2122 im ganzen Haus vernetzt ist. Mit Dual-Band-Wi-Fi f\u00fcr st\u00f6rungsfreien Musikgenuss k\u00f6nnen Sie Ihren neuen Lieblingssong \u00fcberall abspielen oder verschiedene Musik und Genres in verschiedenen R\u00e4umen h\u00f6ren, wobei Sie die volle Kontrolle \u00fcber Ihr Telefon, Tablet oder Ihren Desktop haben.<\/p>\n<p>DIE WELTWEIT BESTE KOPFH\u00d6RERVERST\u00c4RKERTECHNOLOGIE<br \/>\nDie THX AAA\u2122-Technologie, der Kopfh\u00f6rerverst\u00e4rker mit dem weltweit linearsten Ansprechverhalten, erm\u00f6glicht ein naturgetreues Kopfh\u00f6rererlebnis. Die patentierte Feed-Forward-Fehlerkorrektur f\u00fchrt zu bemerkenswert geringem Rauschen und Verzerrungen und erm\u00f6glicht ein au\u00dfergew\u00f6hnlich klares Klangbild. Schlie\u00dfen Sie Ihre Hochleistungskopfh\u00f6rer an die linken oder rechten 1\/4-Zoll-Kopfh\u00f6rerbuchsen an und genie\u00dfen Sie audiophilen H\u00f6rgenuss ohne Aufwand oder Kompromisse.<\/p>\n<p>INTELLIGENTE AKUSTIK<br \/>\nDer NODE ICON ist bereit, schlechte Raumakustik mit Dirac Live* intelligent zu bek\u00e4mpfen, das als Upgrade direkt bei Dirac erh\u00e4ltlich ist. Mit der Dirac-App k\u00f6nnen Sie Ihre Raumakustik messen und stehende Wellen, Nachhall und andere unerw\u00fcnschte Verzerrungen beseitigen. Das Ergebnis ist ein klarer, ausgewogener und detaillierter Klang f\u00fcr Ihre Musik und Film-Soundtracks. Ein Kalibrierungs-Kit mit einem hochempfindlichen Mikrofon ist ebenfalls erforderlich und kann unter Bluesound erworben werden.<\/p>\n","protected":false},"excerpt":{"rendered":"<p>Referenz-Musik-Streamer<\/p>\n","protected":false},"featured_media":5151,"template":"","meta":[],"pwb-brand":[97],"product_brand":[40],"product_cat":[45,32],"product_tag":[],"class_list":{"0":"post-5033","1":"product","2":"type-product","3":"status-publish","4":"has-post-thumbnail","6":"pwb-brand-bluesound","7":"product_brand-bluesound","8":"product_cat-bluesound","9":"product_cat-hifi","11":"first","12":"outofstock","13":"shipping-taxable","14":"purchasable","15":"product-type-simple"},"jetpack_sharing_enabled":true,"brands":[{"id":97,"name":"Bluesound","slug":"bluesound"}],"_links":{"self":[{"href":"https:\/\/www.hofmann-rtv.ch\/index.php?rest_route=\/wp\/v2\/product\/5033","targetHints":{"allow":["GET"]}}],"collection":[{"href":"https:\/\/www.hofmann-rtv.ch\/index.php?rest_route=\/wp\/v2\/product"}],"about":[{"href":"https:\/\/www.hofmann-rtv.ch\/index.php?rest_route=\/wp\/v2\/types\/product"}],"wp:featuredmedia":[{"embeddable":true,"href":"https:\/\/www.hofmann-rtv.ch\/index.php?rest_route=\/wp\/v2\/media\/5151"}],"wp:attachment":[{"href":"https:\/\/www.hofmann-rtv.ch\/index.php?rest_route=%2Fwp%2Fv2%2Fmedia&parent=5033"}],"wp:term":[{"taxonomy":"pwb-brand","embeddable":true,"href":"https:\/\/www.hofmann-rtv.ch\/index.php?rest_route=%2Fwp%2Fv2%2Fpwb-brand&post=5033"},{"taxonomy":"product_brand","embeddable":true,"href":"https:\/\/www.hofmann-rtv.ch\/index.php?rest_route=%2Fwp%2Fv2%2Fproduct_brand&post=5033"},{"taxonomy":"product_cat","embeddable":true,"href":"https:\/\/www.hofmann-rtv.ch\/index.php?rest_route=%2Fwp%2Fv2%2Fproduct_cat&post=5033"},{"taxonomy":"product_tag","embeddable":true,"href":"https:\/\/www.hofmann-rtv.ch\/index.php?rest_route=%2Fwp%2Fv2%2Fproduct_tag&post=5033"}],"curies":[{"name":"wp","href":"https:\/\/api.w.org\/{rel}","templated":true}]}}