{"id":5035,"date":"2026-04-11T12:36:44","date_gmt":"2026-04-11T10:36:44","guid":{"rendered":"https:\/\/www.hofmann-rtv.ch\/?product=bluesound-node-n132-weiss"},"modified":"2026-04-12T09:32:38","modified_gmt":"2026-04-12T07:32:38","slug":"bluesound-node-n132-weiss","status":"publish","type":"product","link":"https:\/\/www.hofmann-rtv.ch\/?product=bluesound-node-n132-weiss","title":{"rendered":"BlueSound NODE N132 (Weiss)"},"content":{"rendered":"<p>Multiroom f\u00e4higer Hi-Res Musikstreamer mit BluOS Steuerung, AirPlay 2, Roon Ready, Spotify Connect, Tidal Connect<\/p>\n<p>Hochwertiger Klang:<br \/>\n&#8211; ESS ES9039Q2M SABRE\u00ae DAC und audiophile Schaltkreise f\u00fcr pr\u00e4zisen Klang und reduzierte Interferenzen.<br \/>\n&#8211; Genie\u00dfen Sie sauberen, klaren Klang, der jedes Detail Ihrer Musik hervorhebt.<\/p>\n<p>Umfassende Musikbibliothek:<br \/>\n&#8211; Streamen Sie Musik in h\u00f6chster Qualit\u00e4t \u00fcber die BluOS App von beliebten Streaming-Diensten oder Ihrer pers\u00f6nlichen Bibliothek.<br \/>\n&#8211; Apple AirPlay 2 und aptX Adaptive Bluetooth f\u00fcr noch mehr Musikquellen.<\/p>\n<p>Multiroom-System:<br \/>\n&#8211; Verbinden Sie den NODE drahtlos mit Bluesound-Lautsprechern und Stereokomponenten f\u00fcr ein beeindruckendes Multiroom-System.<br \/>\n&#8211; BluOS-Steuerung mit Dualband-Wi-Fi und Gigabit-Ethernet f\u00fcr nahtlose Musik im ganzen Haus.<\/p>\n<p>Erstklassiger Kopfh\u00f6rerausgang:<br \/>\n&#8211; THX AAA\u2122-Kopfh\u00f6rertechnologie f\u00fcr lebensechten Kopfh\u00f6rerklang mit linearem Frequenzgang und minimalen Verzerrungen.<br \/>\n&#8211; 6.3mm Stereo-Buchse f\u00fcr Hochleistungs-Kopfh\u00f6rer.<\/p>\n<p>Vielseitige Anschlussm\u00f6glichkeiten:<br \/>\n&#8211; Digitale und analoge Eing\u00e4nge und Ausg\u00e4nge (Stereo-Cinch, Optical, USB, HDMI eARC).<br \/>\n&#8211; Integrierte IR-Lernfunktion f\u00fcr Universalsteuerung.<br \/>\n&#8211; F\u00fcnf programmierbare Quick-Touch-Voreinstellungen f\u00fcr schnellen Zugriff auf Lieblingsquellen.<\/p>\n<p>Intelligente Akustik:<br \/>\n&#8211; Dirac Live Room Correction (als Upgrade erh\u00e4ltlich) zur Messung und Korrektur der Raumakustik.<br \/>\n&#8211; Beseitigt stehende Wellen, Nachhall und andere unerw\u00fcnschte Verzerrungen.<\/p>\n","protected":false},"excerpt":{"rendered":"<p>Multiroom f\u00e4higer Musikstreamer<\/p>\n","protected":false},"featured_media":5121,"template":"","meta":[],"pwb-brand":[97],"product_brand":[40],"product_cat":[45,32],"product_tag":[],"class_list":{"0":"post-5035","1":"product","2":"type-product","3":"status-publish","4":"has-post-thumbnail","6":"pwb-brand-bluesound","7":"product_brand-bluesound","8":"product_cat-bluesound","9":"product_cat-hifi","11":"first","12":"outofstock","13":"shipping-taxable","14":"purchasable","15":"product-type-simple"},"jetpack_sharing_enabled":true,"brands":[{"id":97,"name":"Bluesound","slug":"bluesound"}],"_links":{"self":[{"href":"https:\/\/www.hofmann-rtv.ch\/index.php?rest_route=\/wp\/v2\/product\/5035","targetHints":{"allow":["GET"]}}],"collection":[{"href":"https:\/\/www.hofmann-rtv.ch\/index.php?rest_route=\/wp\/v2\/product"}],"about":[{"href":"https:\/\/www.hofmann-rtv.ch\/index.php?rest_route=\/wp\/v2\/types\/product"}],"wp:featuredmedia":[{"embeddable":true,"href":"https:\/\/www.hofmann-rtv.ch\/index.php?rest_route=\/wp\/v2\/media\/5121"}],"wp:attachment":[{"href":"https:\/\/www.hofmann-rtv.ch\/index.php?rest_route=%2Fwp%2Fv2%2Fmedia&parent=5035"}],"wp:term":[{"taxonomy":"pwb-brand","embeddable":true,"href":"https:\/\/www.hofmann-rtv.ch\/index.php?rest_route=%2Fwp%2Fv2%2Fpwb-brand&post=5035"},{"taxonomy":"product_brand","embeddable":true,"href":"https:\/\/www.hofmann-rtv.ch\/index.php?rest_route=%2Fwp%2Fv2%2Fproduct_brand&post=5035"},{"taxonomy":"product_cat","embeddable":true,"href":"https:\/\/www.hofmann-rtv.ch\/index.php?rest_route=%2Fwp%2Fv2%2Fproduct_cat&post=5035"},{"taxonomy":"product_tag","embeddable":true,"href":"https:\/\/www.hofmann-rtv.ch\/index.php?rest_route=%2Fwp%2Fv2%2Fproduct_tag&post=5035"}],"curies":[{"name":"wp","href":"https:\/\/api.w.org\/{rel}","templated":true}]}}