{"id":5052,"date":"2026-04-11T12:36:45","date_gmt":"2026-04-11T10:36:45","guid":{"rendered":"https:\/\/www.hofmann-rtv.ch\/?product=bluesound-vault-2i-schwarz"},"modified":"2026-04-12T09:32:38","modified_gmt":"2026-04-12T07:32:38","slug":"bluesound-vault-2i-schwarz","status":"publish","type":"product","link":"https:\/\/www.hofmann-rtv.ch\/?product=bluesound-vault-2i-schwarz","title":{"rendered":"BlueSound Vault 2i (Schwarz)"},"content":{"rendered":"<p>Rippen. Herunterladen. Speichern. Mit dem VAULT 2i k\u00f6nnen Sie alle Ihre CDs in bitgenaue, hochaufl\u00f6sende Formate rippen oder Ihre vorhandene Musikbibliothek auf die Festplatte des VAULT 2i kopieren. Schlie\u00dfen Sie ihn an Ihr vorhandenes Soundsystem an oder kombinieren Sie ihn mit Aktivlautsprechern und streamen Sie Ihre digitale Musiksammlung in Studioqualit\u00e4t.<\/p>\n<p>* Speichern Sie Tausende von Titeln auf der internen 2-TB-Festplatte des VAULT 2i.<br \/>\n* Rippen Sie Ihre CDs mit bitgenauer Pr\u00e4zision.<br \/>\n* USB-Anschl\u00fcsse zum Sichern und Wiederherstellen Ihrer pers\u00f6nlichen Musiksammlung.<br \/>\n* Innovative 1-GHz-Dual-Core-ARM-Cortex-Prozessoren.<br \/>\n* Einfacher Anschluss an das kabelgebundene Heimnetzwerk f\u00fcr reibungsloses Streaming.<br \/>\n* Steuern Sie Musik drahtlos mit der intuitiven BluOS Controller-App.<br \/>\n* Steuern Sie mit der optionalen Bluesound RC1-Fernbedienung.<br \/>\n* Streamen Sie Ihre Musikbibliotheken auf mehrere Bluesound-Player im ganzen Haus.<br \/>\n* Verbinden Sie Bluesound mit Ihrem Amazon Echo \u00fcber die Alexa-App und steuern Sie Ihre Player mit dem Sprachassistenten Alexa von Amazon.<br \/>\n* Mit AirPlay 2 k\u00f6nnen Sie Musik oder Podcasts von drahtlosen Stereoanlagen im ganzen Haus abspielen &#8212; alles synchron.<\/p>\n","protected":false},"excerpt":{"rendered":"<p>HiRes 2TB-Netzwerkfestplatten-CD-Ripper und -Streamer<\/p>\n","protected":false},"featured_media":5080,"template":"","meta":[],"pwb-brand":[97],"product_brand":[40],"product_cat":[45,32],"product_tag":[],"class_list":{"0":"post-5052","1":"product","2":"type-product","3":"status-publish","4":"has-post-thumbnail","6":"pwb-brand-bluesound","7":"product_brand-bluesound","8":"product_cat-bluesound","9":"product_cat-hifi","11":"first","12":"outofstock","13":"shipping-taxable","14":"purchasable","15":"product-type-simple"},"jetpack_sharing_enabled":true,"brands":[{"id":97,"name":"Bluesound","slug":"bluesound"}],"_links":{"self":[{"href":"https:\/\/www.hofmann-rtv.ch\/index.php?rest_route=\/wp\/v2\/product\/5052","targetHints":{"allow":["GET"]}}],"collection":[{"href":"https:\/\/www.hofmann-rtv.ch\/index.php?rest_route=\/wp\/v2\/product"}],"about":[{"href":"https:\/\/www.hofmann-rtv.ch\/index.php?rest_route=\/wp\/v2\/types\/product"}],"wp:featuredmedia":[{"embeddable":true,"href":"https:\/\/www.hofmann-rtv.ch\/index.php?rest_route=\/wp\/v2\/media\/5080"}],"wp:attachment":[{"href":"https:\/\/www.hofmann-rtv.ch\/index.php?rest_route=%2Fwp%2Fv2%2Fmedia&parent=5052"}],"wp:term":[{"taxonomy":"pwb-brand","embeddable":true,"href":"https:\/\/www.hofmann-rtv.ch\/index.php?rest_route=%2Fwp%2Fv2%2Fpwb-brand&post=5052"},{"taxonomy":"product_brand","embeddable":true,"href":"https:\/\/www.hofmann-rtv.ch\/index.php?rest_route=%2Fwp%2Fv2%2Fproduct_brand&post=5052"},{"taxonomy":"product_cat","embeddable":true,"href":"https:\/\/www.hofmann-rtv.ch\/index.php?rest_route=%2Fwp%2Fv2%2Fproduct_cat&post=5052"},{"taxonomy":"product_tag","embeddable":true,"href":"https:\/\/www.hofmann-rtv.ch\/index.php?rest_route=%2Fwp%2Fv2%2Fproduct_tag&post=5052"}],"curies":[{"name":"wp","href":"https:\/\/api.w.org\/{rel}","templated":true}]}}