{"id":5312,"date":"2026-04-11T15:21:49","date_gmt":"2026-04-11T13:21:49","guid":{"rendered":"https:\/\/www.hofmann-rtv.ch\/?product=piega-premium-701-gen2-3"},"modified":"2026-04-12T11:43:06","modified_gmt":"2026-04-12T09:43:06","slug":"piega-premium-701-gen2-3","status":"publish","type":"product","link":"https:\/\/www.hofmann-rtv.ch\/?product=piega-premium-701-gen2-3","title":{"rendered":"Piega Premium 701 Gen2"},"content":{"rendered":"<p>Die Premium 701 Gen2 setzt dank ihres innovativen 3-Wege-Systems neue Massst\u00e4be in der Klangperformance. Sie verf\u00fcgt \u00fcber neu entwickelte Hocht\u00f6ner, einen dedizierten Tiefmittelt\u00f6ner und zwei Basstreiber f\u00fcr eine tiefgreifende und pr\u00e4zise Basswiedergabe.<\/p>\n<p>**B\u00c4NDCHEN RM 01-24:** Das neue magnetostatische B\u00e4ndchen RM 01-24 verleiht Stimmen und Instrumenten eine faszinierende Nat\u00fcrlichkeit und zieht den H\u00f6rer m\u00fchelos in das Musikerlebnis hinein.<\/p>\n<p>**TIEFT\u00d6NER FSD-W:** Die symmetrische Ausrichtung der beiden 140 mm Tieft\u00f6ner garantiert einen ausgewogenen, pr\u00e4zisen und kraftvollen Bass.<\/p>\n<p>**ZEITLOSES DESIGN:** Die oval gestaltete Geh\u00e4useform mit ihrem minimalistischen, industriellen Look f\u00fcgt sich harmonisch in jeden Wohnraum ein. Die sandgestrahlte Oberfl\u00e4che verleiht den Lautsprechern ein edles, langlebiges Finish.<\/p>\n<p>**TIEFMITTELT\u00d6NER FSD-M:** Der 140 mm grosse Tiefmittelt\u00f6ner sorgt f\u00fcr eine makellose Wiedergabe, die perfekt mit dem B\u00e4ndchen harmoniert.<\/p>\n<p>**ALUMINIUMGEH\u00c4USE:** Das nahtlose Aluminium-Strangpressprofil ist ein unverwechselbares Markenzeichen, das h\u00f6chste Qualit\u00e4t und akustische Pr\u00e4zision vereint \u2013 eine Exklusivit\u00e4t im Lautsprecherbau weltweit.<\/p>\n<p>**Fortschrittliches Hochtonb\u00e4ndchen f\u00fcr unvergleichliche Klarheit:** Unser Hochtonb\u00e4ndchen setzt neue Massst\u00e4be in Sachen Pr\u00e4zision. Dank der innovativen Magnetanordnung vor und hinter dem B\u00e4ndchen werden Verzerrungen auf ein Minimum reduziert, was zu einem noch nat\u00fcrlicheren Klang f\u00fchrt. Stimmen und Instrumente erklingen so lebendig und klar wie nie zuvor. Dabei werden selbst feinste Details deiner Lieblingsmusik in brillanter Klarheit h\u00f6rbar.<\/p>\n<p>**Kraftvolle Mittel- und Tieft\u00f6ner:** Unsere neuen Full Symmetric Drive Mittel- und Tieft\u00f6ner bieten dir ein harmonisches und kraftvolles Klangbild. Der Mittelt\u00f6ner liefert saubere, detailreiche Mitten, die perfekt mit dem Hochton verschmelzen. Der Tieft\u00f6ner sorgt f\u00fcr pr\u00e4zise und kraftvolle B\u00e4sse, die das Fundament f\u00fcr ein beeindruckendes Klangerlebnis bilden. Jede Nuance wird pr\u00e4zise wiedergegeben, sodass du in den vollen Klang eintauchen kannst.<\/p>\n<p>**Die n\u00e4chste Generation des Klangs erleben:** Erfahre mehr \u00fcber die innovativen Technologien der Premium Gen2 Serie und wie sie dein H\u00f6rerlebnis verbessern. Lass dich von einem v\u00f6llig neuen Klanguniversum begeistern.<\/p>\n<p>**Technische Daten:**<br \/>\n&#8211; Bauprinzip: 3-Wege-System S\u00e4ulenlautsprecher<br \/>\n&#8211; Empfohlene Verst\u00e4rkerleistung: 20 \u2013 200 Watt<br \/>\n&#8211; Empfindlichkeit: 90 db\/W\/m<br \/>\n&#8211; Impedanz: 4 Ohm<br \/>\n&#8211; Frequenzgang: 34 Hz &#8211; 50 kHz<br \/>\n&#8211; Best\u00fcckung: 2 x 140 mm FSD-W Tieft\u00f6ner, 1 x 140 mm FSD-M Tiefmittelt\u00f6ner, 1 x RM 01-24 Hochtonb\u00e4ndchen<br \/>\n&#8211; Anschluss: PIEGA Multi Connectors II<br \/>\n&#8211; Gewicht: 20,9 kg<br \/>\n&#8211; Abmessungen (H \u00d7 B \u00d7 T): 111,5 cm \u00d7 17 cm \u00d7 22,8 cm<br \/>\n&#8211; Fuss: \u00d8 30 cm<br \/>\n&#8211; Artikel-Nr.: 203945<\/p>\n","protected":false},"excerpt":{"rendered":"<p>Die Premium 701 Gen2 setzt dank ihres innovativen 3-Wege-Systems neue Massst\u00e4be in der Klangperformance. Sie verf\u00fcgt \u00fcber neu entwickelte Hocht\u00f6ner, einen dedizierten Tiefmittelt\u00f6ner und zwei Basstreiber f\u00fcr eine tiefgreifende und pr\u00e4zise Basswiedergabe. **B\u00c4NDCHEN RM 01-24:** Das neue magnetostatische B\u00e4ndchen RM 01-24 verleiht Stimmen und Instrumenten eine faszinierende Nat\u00fcrlichkeit und zieht &hellip;<\/p>\n","protected":false},"featured_media":5311,"template":"","meta":[],"pwb-brand":[99],"product_brand":[95],"product_cat":[94,81,32],"product_tag":[],"class_list":{"0":"post-5312","1":"product","2":"type-product","3":"status-publish","4":"has-post-thumbnail","6":"pwb-brand-piega","7":"product_brand-piega","8":"product_cat-neu","9":"product_cat-piega","10":"product_cat-hifi","12":"first","13":"outofstock","14":"shipping-taxable","15":"purchasable","16":"product-type-simple"},"jetpack_sharing_enabled":true,"brands":[{"id":99,"name":"Piega","slug":"piega"}],"_links":{"self":[{"href":"https:\/\/www.hofmann-rtv.ch\/index.php?rest_route=\/wp\/v2\/product\/5312","targetHints":{"allow":["GET"]}}],"collection":[{"href":"https:\/\/www.hofmann-rtv.ch\/index.php?rest_route=\/wp\/v2\/product"}],"about":[{"href":"https:\/\/www.hofmann-rtv.ch\/index.php?rest_route=\/wp\/v2\/types\/product"}],"wp:featuredmedia":[{"embeddable":true,"href":"https:\/\/www.hofmann-rtv.ch\/index.php?rest_route=\/wp\/v2\/media\/5311"}],"wp:attachment":[{"href":"https:\/\/www.hofmann-rtv.ch\/index.php?rest_route=%2Fwp%2Fv2%2Fmedia&parent=5312"}],"wp:term":[{"taxonomy":"pwb-brand","embeddable":true,"href":"https:\/\/www.hofmann-rtv.ch\/index.php?rest_route=%2Fwp%2Fv2%2Fpwb-brand&post=5312"},{"taxonomy":"product_brand","embeddable":true,"href":"https:\/\/www.hofmann-rtv.ch\/index.php?rest_route=%2Fwp%2Fv2%2Fproduct_brand&post=5312"},{"taxonomy":"product_cat","embeddable":true,"href":"https:\/\/www.hofmann-rtv.ch\/index.php?rest_route=%2Fwp%2Fv2%2Fproduct_cat&post=5312"},{"taxonomy":"product_tag","embeddable":true,"href":"https:\/\/www.hofmann-rtv.ch\/index.php?rest_route=%2Fwp%2Fv2%2Fproduct_tag&post=5312"}],"curies":[{"name":"wp","href":"https:\/\/api.w.org\/{rel}","templated":true}]}}