{"id":5322,"date":"2026-04-11T15:21:51","date_gmt":"2026-04-11T13:21:51","guid":{"rendered":"https:\/\/www.hofmann-rtv.ch\/?product=piega-premium-wireless-301-gen2"},"modified":"2026-04-12T11:42:27","modified_gmt":"2026-04-12T09:42:27","slug":"piega-premium-wireless-301-gen2","status":"publish","type":"product","link":"https:\/\/www.hofmann-rtv.ch\/?product=piega-premium-wireless-301-gen2","title":{"rendered":"Piega Premium Wireless 301 Gen2"},"content":{"rendered":"<p>**Premium 301 Wireless Gen2**<br \/>\nDer Regallautsprecher der Serie ist mit seinem potenten 100-Watt-Verst\u00e4rker ein wahres Kraftpaket in kompakter Gr\u00f6sse. Als 2-Wege-Lautsprecher kombiniert er einen 140 mm MDS-Tiefmittelt\u00f6ner mit dem LDR-2642-MKII Hochtonb\u00e4ndchen und sorgt f\u00fcr einen beeindruckenden Frequenzbereich von 35 Hz bis 35 kHz. Egal ob im Regal, auf dem Sideboard oder einem Standfuss, der elegante Lautsprecher f\u00fcgt sich nahtlos in jeden Raum ein.<\/p>\n<p>**DSP Soundtuning**<br \/>\nEine Anpassung von Audiosignalen durch die digitale Signalverarbeitung erm\u00f6glicht eine optimierte Klangqualit\u00e4t und Lautst\u00e4rke.<\/p>\n<p>**Grosser Tiefmittelt\u00f6ner**<br \/>\nDer 140 mm MDS-Tiefmittelt\u00f6ner sorgt f\u00fcr ausgewogene Mittelt\u00f6ne und tiefen, kraftvollen Bass.<\/p>\n<p>**Integrierte Streaming-Dienste**<br \/>\nKomfortable und schnelle Wiedergabe deiner Lieblingsmusik \u00fcber Apple AirPlay, Spotify Connect, Google Chromecast oder Roon.<\/p>\n<p>**Aluminium als Werkstoff**<br \/>\nExzellente akustische Eigenschaften und eine ansprechende Optik als idealer Werkstoff f\u00fcr Lautsprechergeh\u00e4use.<\/p>\n<p>**Loudness-Funktion**<br \/>\nAuch bei niedriger Lautst\u00e4rke wird ein satter Sound gew\u00e4hrleistet.<\/p>\n<p>**LDR-B\u00e4ndchenhocht\u00f6ner**<br \/>\nDer &#8222;Linear Drive Ribbon&#8220; wird in akribischer Handwerkskunst gefertigt, um eine un\u00fcbertroffene Detailgenauigkeit im Hochtonbereich zu erzielen.<\/p>\n<p>**Geschlossenes Lautsprechergeh\u00e4use**<br \/>\nF\u00fcr eine pr\u00e4zise und kontrollierte Basswiedergabe sowie eine verbesserte Impulstreue.<\/p>\n<p>**Zeitloses Design**<br \/>\nFormsch\u00f6ne \u00c4sthetik aus der Feder des Schweizer Designers Stephan H\u00fcrlemann.<\/p>\n<p>**Technische Daten**<br \/>\nBauprinzip 2-Wege-System Regallautsprecher (geschlossen)<br \/>\nFrequenzgang 35Hz &#8211; 35kHz<br \/>\nVerst\u00e4rkerleistung 100 Watt<br \/>\nAufl\u00f6sung Analaoger Eingang 24Bit \/ 192kHz<br \/>\nLeistungsbedarf Standby 500mW \/ 1W<br \/>\nVersorgungsspannung AC100-120 \/ 220-240V ~50\/60Hz<br \/>\nBest\u00fcckung 1 \u00d7 140 mm MDS Tiefmittelt\u00f6ner \/ 1x LDR 2642 MKII B\u00e4ndchen<br \/>\nMaximale Umgebungstemperatur: 45\u00b0<br \/>\nGewicht 9kg<br \/>\nAbmessungen 34 x 18 x 23 cm (HxBxT)<\/p>\n","protected":false},"excerpt":{"rendered":"<p>**Premium 301 Wireless Gen2** Der Regallautsprecher der Serie ist mit seinem potenten 100-Watt-Verst\u00e4rker ein wahres Kraftpaket in kompakter Gr\u00f6sse. Als 2-Wege-Lautsprecher kombiniert er einen 140 mm MDS-Tiefmittelt\u00f6ner mit dem LDR-2642-MKII Hochtonb\u00e4ndchen und sorgt f\u00fcr einen beeindruckenden Frequenzbereich von 35 Hz bis 35 kHz. Egal ob im Regal, auf dem Sideboard &hellip;<\/p>\n","protected":false},"featured_media":5321,"template":"","meta":[],"pwb-brand":[99],"product_brand":[95],"product_cat":[94,81,32],"product_tag":[],"class_list":{"0":"post-5322","1":"product","2":"type-product","3":"status-publish","4":"has-post-thumbnail","6":"pwb-brand-piega","7":"product_brand-piega","8":"product_cat-neu","9":"product_cat-piega","10":"product_cat-hifi","12":"first","13":"outofstock","14":"shipping-taxable","15":"purchasable","16":"product-type-simple"},"jetpack_sharing_enabled":true,"brands":[{"id":99,"name":"Piega","slug":"piega"}],"_links":{"self":[{"href":"https:\/\/www.hofmann-rtv.ch\/index.php?rest_route=\/wp\/v2\/product\/5322","targetHints":{"allow":["GET"]}}],"collection":[{"href":"https:\/\/www.hofmann-rtv.ch\/index.php?rest_route=\/wp\/v2\/product"}],"about":[{"href":"https:\/\/www.hofmann-rtv.ch\/index.php?rest_route=\/wp\/v2\/types\/product"}],"wp:featuredmedia":[{"embeddable":true,"href":"https:\/\/www.hofmann-rtv.ch\/index.php?rest_route=\/wp\/v2\/media\/5321"}],"wp:attachment":[{"href":"https:\/\/www.hofmann-rtv.ch\/index.php?rest_route=%2Fwp%2Fv2%2Fmedia&parent=5322"}],"wp:term":[{"taxonomy":"pwb-brand","embeddable":true,"href":"https:\/\/www.hofmann-rtv.ch\/index.php?rest_route=%2Fwp%2Fv2%2Fpwb-brand&post=5322"},{"taxonomy":"product_brand","embeddable":true,"href":"https:\/\/www.hofmann-rtv.ch\/index.php?rest_route=%2Fwp%2Fv2%2Fproduct_brand&post=5322"},{"taxonomy":"product_cat","embeddable":true,"href":"https:\/\/www.hofmann-rtv.ch\/index.php?rest_route=%2Fwp%2Fv2%2Fproduct_cat&post=5322"},{"taxonomy":"product_tag","embeddable":true,"href":"https:\/\/www.hofmann-rtv.ch\/index.php?rest_route=%2Fwp%2Fv2%2Fproduct_tag&post=5322"}],"curies":[{"name":"wp","href":"https:\/\/api.w.org\/{rel}","templated":true}]}}