{"id":5328,"date":"2026-04-11T15:21:52","date_gmt":"2026-04-11T13:21:52","guid":{"rendered":"https:\/\/www.hofmann-rtv.ch\/?product=piega-premium-wireless-501-gen2"},"modified":"2026-04-12T11:42:27","modified_gmt":"2026-04-12T09:42:27","slug":"piega-premium-wireless-501-gen2","status":"publish","type":"product","link":"https:\/\/www.hofmann-rtv.ch\/?product=piega-premium-wireless-501-gen2","title":{"rendered":"Piega Premium Wireless 501 Gen2"},"content":{"rendered":"<p>Der Piega Premium Wireless 501 Gen2 ist ein schlanker und eleganter 3-Wege-Standlautsprecher, der sich ideal f\u00fcr kleine bis mittelgrosse R\u00e4ume eignet. Er ist knapp einen Meter hoch und verf\u00fcgt \u00fcber eine Kombination aus einem MDS-Mittelt\u00f6ner und vier MDS-Tieft\u00f6nern (jeweils 120 mm Durchmesser) sowie das renommierte LDR-2642-MKII Hochtonb\u00e4ndchen. Angetrieben wird das System von einem leistungsstarken 180-Watt-Verst\u00e4rker, der ein harmonisches, detailreiches Klangbild mit beeindruckend r\u00e4umlicher Darstellung erzeugt.<\/p>\n<p>**Besondere Merkmale und Technologien:**<br \/>\n*   **DSP Soundtuning:** Digitale Signalverarbeitung zur Optimierung von Klangqualit\u00e4t und Lautst\u00e4rke.<br \/>\n*   **3-Wege-System:** Ein MDS-Mittelt\u00f6ner und vier MDS-Tieft\u00f6ner (140 mm Durchmesser) arbeiten mit dem LDR-B\u00e4ndchenhocht\u00f6ner zusammen, um tiefe B\u00e4sse und detailreiche H\u00f6hen zu liefern.<br \/>\n*   **Integrierte Streaming-Dienste:** Komfortable Wiedergabe \u00fcber Apple AirPlay, Spotify Connect, Google Chromecast oder Roon.<br \/>\n*   **Aluminium als Werkstoff:** Exzellente akustische Eigenschaften und ansprechende Optik durch das Aluminiumgeh\u00e4use.<br \/>\n*   **Loudness-Funktion:** Gew\u00e4hrleistet satten Sound auch bei niedriger Lautst\u00e4rke.<br \/>\n*   **LDR-B\u00e4ndchenhocht\u00f6ner:** In akribischer Handwerkskunst gefertigt f\u00fcr un\u00fcbertroffene Detailgenauigkeit im Hochtonbereich.<br \/>\n*   **Geschlossenes Lautsprechergeh\u00e4use:** F\u00fcr pr\u00e4zise und kontrollierte Basswiedergabe sowie verbesserte Impulstreue.<br \/>\n*   **Zeitloses Design:** \u00c4sthetisches Design vom Schweizer Designer Stephan H\u00fcrlemann.<\/p>\n<p>**Technische Daten:**<br \/>\n*   **Bauprinzip:** 3-Wege-System Standlautsprecher (geschlossen)<br \/>\n*   **Frequenzgang:** 30Hz &#8211; 35 kHz<br \/>\n*   **Verst\u00e4rkerleistung:** 180 Watt<br \/>\n*   **Aufl\u00f6sung Analoger Eingang:** 24Bit \/ 192kHz<br \/>\n*   **Leistungsbedarf Standby:** 500mW \/ 1W<br \/>\n*   **Versorgungsspannung:** AC100-120 \/ 220-240V ~50\/60Hz<br \/>\n*   **Best\u00fcckung:** 4x 120 mm MDS Tieft\u00f6ner \/ 1x 120 mm MDS Mittelt\u00f6ner \/ 1x LDR 2642 MKII B\u00e4ndchen<br \/>\n*   **Maximale Umgebungstemperatur:** 45\u00b0<br \/>\n*   **Zubeh\u00f6r:** Premium Bodenplatte inkl. Spikes im Lieferumfang<br \/>\n*   **Gewicht:** 22 kg<br \/>\n*   **Abmessungen:** 101 x 16 x 21 cm (HxBxT)<\/p>\n","protected":false},"excerpt":{"rendered":"<p>Der Piega Premium Wireless 501 Gen2 ist ein schlanker und eleganter 3-Wege-Standlautsprecher, der sich ideal f\u00fcr kleine bis mittelgrosse R\u00e4ume eignet. Er ist knapp einen Meter hoch und verf\u00fcgt \u00fcber eine Kombination aus einem MDS-Mittelt\u00f6ner und vier MDS-Tieft\u00f6nern (jeweils 120 mm Durchmesser) sowie das renommierte LDR-2642-MKII Hochtonb\u00e4ndchen. Angetrieben wird das &hellip;<\/p>\n","protected":false},"featured_media":5327,"template":"","meta":[],"pwb-brand":[99],"product_brand":[95],"product_cat":[81,32],"product_tag":[],"class_list":{"0":"post-5328","1":"product","2":"type-product","3":"status-publish","4":"has-post-thumbnail","6":"pwb-brand-piega","7":"product_brand-piega","8":"product_cat-piega","9":"product_cat-hifi","11":"first","12":"outofstock","13":"shipping-taxable","14":"purchasable","15":"product-type-simple"},"jetpack_sharing_enabled":true,"brands":[{"id":99,"name":"Piega","slug":"piega"}],"_links":{"self":[{"href":"https:\/\/www.hofmann-rtv.ch\/index.php?rest_route=\/wp\/v2\/product\/5328","targetHints":{"allow":["GET"]}}],"collection":[{"href":"https:\/\/www.hofmann-rtv.ch\/index.php?rest_route=\/wp\/v2\/product"}],"about":[{"href":"https:\/\/www.hofmann-rtv.ch\/index.php?rest_route=\/wp\/v2\/types\/product"}],"wp:featuredmedia":[{"embeddable":true,"href":"https:\/\/www.hofmann-rtv.ch\/index.php?rest_route=\/wp\/v2\/media\/5327"}],"wp:attachment":[{"href":"https:\/\/www.hofmann-rtv.ch\/index.php?rest_route=%2Fwp%2Fv2%2Fmedia&parent=5328"}],"wp:term":[{"taxonomy":"pwb-brand","embeddable":true,"href":"https:\/\/www.hofmann-rtv.ch\/index.php?rest_route=%2Fwp%2Fv2%2Fpwb-brand&post=5328"},{"taxonomy":"product_brand","embeddable":true,"href":"https:\/\/www.hofmann-rtv.ch\/index.php?rest_route=%2Fwp%2Fv2%2Fproduct_brand&post=5328"},{"taxonomy":"product_cat","embeddable":true,"href":"https:\/\/www.hofmann-rtv.ch\/index.php?rest_route=%2Fwp%2Fv2%2Fproduct_cat&post=5328"},{"taxonomy":"product_tag","embeddable":true,"href":"https:\/\/www.hofmann-rtv.ch\/index.php?rest_route=%2Fwp%2Fv2%2Fproduct_tag&post=5328"}],"curies":[{"name":"wp","href":"https:\/\/api.w.org\/{rel}","templated":true}]}}