{"id":5330,"date":"2026-04-11T15:21:52","date_gmt":"2026-04-11T13:21:52","guid":{"rendered":"https:\/\/www.hofmann-rtv.ch\/?product=piega-premium-wireless-501-gen2-2"},"modified":"2026-04-12T11:42:27","modified_gmt":"2026-04-12T09:42:27","slug":"piega-premium-wireless-501-gen2-2","status":"publish","type":"product","link":"https:\/\/www.hofmann-rtv.ch\/?product=piega-premium-wireless-501-gen2-2","title":{"rendered":"Piega Premium Wireless 501 Gen2"},"content":{"rendered":"<p>Die Piega Premium Wireless 501 Gen2 ist ein schlanker und eleganter 3-Wege-Standlautsprecher, der sich ideal f\u00fcr kleine bis mittelgrosse R\u00e4ume eignet. Mit einer H\u00f6he von knapp einem Meter kombiniert er einen MDS-Mittelt\u00f6ner und vier MDS-Tieft\u00f6ner (120 mm Durchmesser) mit einem LDR-2642-MKII Hochtonb\u00e4ndchen. Angetrieben von einem leistungsstarken 180-Watt-Verst\u00e4rker liefert er ein harmonisches, detailreiches Klangbild mit beeindruckender r\u00e4umlicher Darstellung.<\/p>\n<p>**Besondere Merkmale:**<br \/>\n*   **DSP Soundtuning:** Optimierte Klangqualit\u00e4t und Lautst\u00e4rke durch digitale Signalverarbeitung.<br \/>\n*   **3-Wege-System:** MDS-Mittelt\u00f6ner und vier MDS-Tieft\u00f6ner (140 mm Durchmesser) in Kombination mit dem LDR-B\u00e4ndchenhocht\u00f6ner f\u00fcr tiefe B\u00e4sse und detailreiche H\u00f6hen.<br \/>\n*   **Integrierte Streaming-Dienste:** Komfortable Wiedergabe \u00fcber Apple AirPlay, Spotify Connect, Google Chromecast oder Roon.<br \/>\n*   **Aluminium als Werkstoff:** Exzellente akustische Eigenschaften und ansprechende Optik.<br \/>\n*   **Loudness-Funktion:** Satter Sound auch bei niedriger Lautst\u00e4rke.<br \/>\n*   **LDR-B\u00e4ndchenhocht\u00f6ner:** Handgefertigt f\u00fcr un\u00fcbertroffene Detailgenauigkeit im Hochtonbereich.<br \/>\n*   **Geschlossenes Lautsprechergeh\u00e4use:** Pr\u00e4zise und kontrollierte Basswiedergabe sowie verbesserte Impulstreue.<br \/>\n*   **Zeitloses Design:** \u00c4sthetik vom Schweizer Designer Stephan H\u00fcrlemann.<\/p>\n<p>**Technische Daten:**<br \/>\n*   **Bauprinzip:** 3-Wege-System Standlautsprecher (geschlossen)<br \/>\n*   **Frequenzgang:** 30Hz &#8211; 35 kHz<br \/>\n*   **Verst\u00e4rkerleistung:** 180 Watt<br \/>\n*   **Aufl\u00f6sung Analoger Eingang:** 24Bit \/ 192kHz<br \/>\n*   **Leistungsbedarf Standby:** 500mW \/ 1W<br \/>\n*   **Versorgungsspannung:** AC100-120 \/ 220-240V ~50\/60Hz<br \/>\n*   **Best\u00fcckung:** 4x 120 mm MDS Tieft\u00f6ner \/ 1x 120 mm MDS Mittelt\u00f6ner \/ 1x LDR 2642 MKII B\u00e4ndchen<br \/>\n*   **Maximale Umgebungstemperatur:** 45\u00b0<br \/>\n*   **Gewicht:** 22kg<br \/>\n*   **Abmessungen:** 101 x 16 x 21 cm (HxBxT)<br \/>\n*   **Lieferumfang:** Premium Bodenplatte inkl. Spikes<\/p>\n","protected":false},"excerpt":{"rendered":"<p>Die Piega Premium Wireless 501 Gen2 ist ein schlanker und eleganter 3-Wege-Standlautsprecher, der sich ideal f\u00fcr kleine bis mittelgrosse R\u00e4ume eignet. Mit einer H\u00f6he von knapp einem Meter kombiniert er einen MDS-Mittelt\u00f6ner und vier MDS-Tieft\u00f6ner (120 mm Durchmesser) mit einem LDR-2642-MKII Hochtonb\u00e4ndchen. Angetrieben von einem leistungsstarken 180-Watt-Verst\u00e4rker liefert er ein &hellip;<\/p>\n","protected":false},"featured_media":5329,"template":"","meta":[],"pwb-brand":[99],"product_brand":[95],"product_cat":[81,32],"product_tag":[],"class_list":{"0":"post-5330","1":"product","2":"type-product","3":"status-publish","4":"has-post-thumbnail","6":"pwb-brand-piega","7":"product_brand-piega","8":"product_cat-piega","9":"product_cat-hifi","11":"first","12":"outofstock","13":"shipping-taxable","14":"purchasable","15":"product-type-simple"},"jetpack_sharing_enabled":true,"brands":[{"id":99,"name":"Piega","slug":"piega"}],"_links":{"self":[{"href":"https:\/\/www.hofmann-rtv.ch\/index.php?rest_route=\/wp\/v2\/product\/5330","targetHints":{"allow":["GET"]}}],"collection":[{"href":"https:\/\/www.hofmann-rtv.ch\/index.php?rest_route=\/wp\/v2\/product"}],"about":[{"href":"https:\/\/www.hofmann-rtv.ch\/index.php?rest_route=\/wp\/v2\/types\/product"}],"wp:featuredmedia":[{"embeddable":true,"href":"https:\/\/www.hofmann-rtv.ch\/index.php?rest_route=\/wp\/v2\/media\/5329"}],"wp:attachment":[{"href":"https:\/\/www.hofmann-rtv.ch\/index.php?rest_route=%2Fwp%2Fv2%2Fmedia&parent=5330"}],"wp:term":[{"taxonomy":"pwb-brand","embeddable":true,"href":"https:\/\/www.hofmann-rtv.ch\/index.php?rest_route=%2Fwp%2Fv2%2Fpwb-brand&post=5330"},{"taxonomy":"product_brand","embeddable":true,"href":"https:\/\/www.hofmann-rtv.ch\/index.php?rest_route=%2Fwp%2Fv2%2Fproduct_brand&post=5330"},{"taxonomy":"product_cat","embeddable":true,"href":"https:\/\/www.hofmann-rtv.ch\/index.php?rest_route=%2Fwp%2Fv2%2Fproduct_cat&post=5330"},{"taxonomy":"product_tag","embeddable":true,"href":"https:\/\/www.hofmann-rtv.ch\/index.php?rest_route=%2Fwp%2Fv2%2Fproduct_tag&post=5330"}],"curies":[{"name":"wp","href":"https:\/\/api.w.org\/{rel}","templated":true}]}}