{"id":5332,"date":"2026-04-11T15:21:52","date_gmt":"2026-04-11T13:21:52","guid":{"rendered":"https:\/\/www.hofmann-rtv.ch\/?product=piega-premium-wireless-501"},"modified":"2026-04-12T11:42:27","modified_gmt":"2026-04-12T09:42:27","slug":"piega-premium-wireless-501","status":"publish","type":"product","link":"https:\/\/www.hofmann-rtv.ch\/?product=piega-premium-wireless-501","title":{"rendered":"Piega Premium Wireless 501&#8230;"},"content":{"rendered":"<p>Dieser schlanke und elegante 3-Wege-Standlautsprecher mit einer H\u00f6he von knapp einem Meter eignet sich hervorragend f\u00fcr kleine bis mittelgrosse R\u00e4ume. Die Kombination aus einem MDS-Mittelt\u00f6ner und vier MDS-Tieft\u00f6nern mit einem Durchmesser von 120 mm sowie das renommierte LDR-2642-MKII Hochtonb\u00e4ndchen werden von einem leistungsstarken 180-Watt-Verst\u00e4rker angetrieben. So entsteht ein harmonisches und detailreiches Klangbild mit beeindruckend r\u00e4umlicher Darstellung.<\/p>\n<p>**DSP Soundtuning**<br \/>\nEine Anpassung von Audiosignalen durch die digitale Signalverarbeitung erm\u00f6glicht eine optimierte Klangqualit\u00e4t und Lautst\u00e4rke.<\/p>\n<p>**3-Wege-System**<br \/>\nEin MDS-Mittelt\u00f6ner und vier MDS-Tieft\u00f6ner mit je 140 mm Durchmesser schaffen mit dem LDR-B\u00e4ndchenhocht\u00f6ner ein Zusammenspiel von tiefspielenden B\u00e4ssen und detailreichen H\u00f6hen.<\/p>\n<p>**Integrierte Streaming-Dienste**<br \/>\nKomfortable und schnelle Wiedergabe deiner Lieblingsmusik \u00fcber Apple AirPlay, Spotify Connect, Google Chromecast oder Roon.<\/p>\n<p>**Aluminium als Werkstoff**<br \/>\nExzellente akustische Eigenschaften und eine ansprechende Optik als idealer Werkstoff f\u00fcr Lautsprechergeh\u00e4use.<\/p>\n<p>**Loudness-Funktion**<br \/>\nAuch bei niedriger Lautst\u00e4rke wird ein satter Sound gew\u00e4hrleistet.<\/p>\n<p>**LDR-B\u00e4ndchenhocht\u00f6ner**<br \/>\nDer &#8222;Linear Drive Ribbon&#8220; wird in akribischer Handwerkskunst gefertigt, um eine un\u00fcbertroffene Detailgenauigkeit im Hochtonbereich zu erzielen.<\/p>\n<p>**Geschlossenes Lautsprechergeh\u00e4use**<br \/>\nF\u00fcr eine pr\u00e4zise und kontrollierte Basswiedergabe sowie eine verbesserte Impulstreue.<\/p>\n<p>**Zeitloses Design**<br \/>\nFormsch\u00f6ne \u00c4sthetik aus der Feder des Schweizer Designers Stephan H\u00fcrlemann.<\/p>\n<p>**Technische Daten**<br \/>\nBauprinzip 3-Wege-System Standlautsprecher (geschlossen)<br \/>\nFrequenzgang 30Hz -35 kHz<br \/>\nVerst\u00e4rkerleistung 180 Watt<br \/>\nAufl\u00f6sung Analoger Eingang 24Bit \/ 192kHz<br \/>\nLeistungsbedarf Standby 500mW \/ 1W<br \/>\nVersorgungsspannung AC100-120 \/ 220-240V ~50\/60Hz<br \/>\nBest\u00fcckung 4x 120 mm MDS Tieft\u00f6ner \/ 1x 120 mm MDS Mittelt\u00f6ner \/ 1x LDR 2642 MKII B\u00e4ndchen<br \/>\nMaximale Umgebungstemparatur 45\u00b0<br \/>\nPremium Bodenplatte inkl. Spikes im Lieferumfang<br \/>\nGewicht 22kg<br \/>\nAbmessungen 101 x 16 x 21 cm (HxBxT)<\/p>\n","protected":false},"excerpt":{"rendered":"<p>Dieser schlanke und elegante 3-Wege-Standlautsprecher mit einer H\u00f6he von knapp einem Meter eignet sich hervorragend f\u00fcr kleine bis mittelgrosse R\u00e4ume. Die Kombination aus einem MDS-Mittelt\u00f6ner und vier MDS-Tieft\u00f6nern mit einem Durchmesser von 120 mm sowie das renommierte LDR-2642-MKII Hochtonb\u00e4ndchen werden von einem leistungsstarken 180-Watt-Verst\u00e4rker angetrieben. So entsteht ein harmonisches und &hellip;<\/p>\n","protected":false},"featured_media":5331,"template":"","meta":[],"pwb-brand":[99],"product_brand":[95],"product_cat":[81,32],"product_tag":[],"class_list":{"0":"post-5332","1":"product","2":"type-product","3":"status-publish","4":"has-post-thumbnail","6":"pwb-brand-piega","7":"product_brand-piega","8":"product_cat-piega","9":"product_cat-hifi","11":"first","12":"outofstock","13":"shipping-taxable","14":"purchasable","15":"product-type-simple"},"jetpack_sharing_enabled":true,"brands":[{"id":99,"name":"Piega","slug":"piega"}],"_links":{"self":[{"href":"https:\/\/www.hofmann-rtv.ch\/index.php?rest_route=\/wp\/v2\/product\/5332","targetHints":{"allow":["GET"]}}],"collection":[{"href":"https:\/\/www.hofmann-rtv.ch\/index.php?rest_route=\/wp\/v2\/product"}],"about":[{"href":"https:\/\/www.hofmann-rtv.ch\/index.php?rest_route=\/wp\/v2\/types\/product"}],"wp:featuredmedia":[{"embeddable":true,"href":"https:\/\/www.hofmann-rtv.ch\/index.php?rest_route=\/wp\/v2\/media\/5331"}],"wp:attachment":[{"href":"https:\/\/www.hofmann-rtv.ch\/index.php?rest_route=%2Fwp%2Fv2%2Fmedia&parent=5332"}],"wp:term":[{"taxonomy":"pwb-brand","embeddable":true,"href":"https:\/\/www.hofmann-rtv.ch\/index.php?rest_route=%2Fwp%2Fv2%2Fpwb-brand&post=5332"},{"taxonomy":"product_brand","embeddable":true,"href":"https:\/\/www.hofmann-rtv.ch\/index.php?rest_route=%2Fwp%2Fv2%2Fproduct_brand&post=5332"},{"taxonomy":"product_cat","embeddable":true,"href":"https:\/\/www.hofmann-rtv.ch\/index.php?rest_route=%2Fwp%2Fv2%2Fproduct_cat&post=5332"},{"taxonomy":"product_tag","embeddable":true,"href":"https:\/\/www.hofmann-rtv.ch\/index.php?rest_route=%2Fwp%2Fv2%2Fproduct_tag&post=5332"}],"curies":[{"name":"wp","href":"https:\/\/api.w.org\/{rel}","templated":true}]}}