{"id":5375,"date":"2026-04-11T15:27:25","date_gmt":"2026-04-11T13:27:25","guid":{"rendered":"https:\/\/www.hofmann-rtv.ch\/?product=sonoro-grand-orchestra"},"modified":"2026-04-12T10:10:25","modified_gmt":"2026-04-12T08:10:25","slug":"sonoro-grand-orchestra","status":"publish","type":"product","link":"https:\/\/www.hofmann-rtv.ch\/?product=sonoro-grand-orchestra","title":{"rendered":"Sonoro Grand Orchestra"},"content":{"rendered":"<p>F\u00fcr die gro\u00dfe B\u00fchne im Wohnzimmer<\/p>\n<p>Der gro\u00dfe Bruder unseres beliebten ORCHESTRA Standlautsprechers. Abgerundete Geh\u00e4usekanten, hochwertige Oberfl\u00e4chen mit perfektem Finish und Lautsprechermembranen, die sich nahtlos und ohne sichtbare Verschraubungen in die Schallw\u00e4nde schmiegen, kreieren eine moderne \u00c4sthetik. Dabei verbirgt sich hinter der eleganten Optik ein wahres Kraftpaket mit zwei durch einen Doppelmagneten angetriebenen 6&#8243; Tieft\u00f6nern und einem Air Motion Transformer mit Neodym-Antrieb. Ein schlanker Premium-Standlautsprecher, der auch mit kleineren Verst\u00e4rkern und R\u00f6hren gut harmoniert sowie die feine Balance zwischen Eleganz und beindruckendem Klang meistert.<\/p>\n<p>Kraftvoller Bass, pr\u00e4zise Steuerung und klarer Klang<\/p>\n<p>Das Zweieinhalb-Wege-Konzept der GRAND ORCHESTRA erm\u00f6glicht ein homogenes Abstrahlverhalten bei gleichzeitig hoher Empfindlichkeit. Die nach hinten abfallende Schallwand, der versetzte Air Motion Transformer und die sorgf\u00e4ltig abgestimmte Frequenzweiche sorgen f\u00fcr ein verbessertes Timing, pr\u00e4zise Instrumentenortung und eine weitr\u00e4umige B\u00fchne. Sie werden den Standort jedes gespielten Instruments h\u00f6ren und f\u00fchlen.<\/p>\n<p>Verbindung aus Klang und Design<\/p>\n<p>Die sonoro GRAND ORCHESTRA sind ein echter Blickfang in jedem Wohnraum. Ihr handgeschliffenes Holzgeh\u00e4use wird mit einem hochwertigen matten Finish veredelt. Abgerundete Ecken und ausgew\u00e4hlte Details in schwarzem Aluminium runden das Design ab. Die Vermeidung von parallelen W\u00e4nden &#8211; au\u00dfer an den Geh\u00e4useseiten &#8212; reduziert stehende Wellen und verhindert Geh\u00e4useresonanzen. Die modern gestalteten und zeitlos eleganten GRAND ORCHESTRA f\u00fchlen sich in vielen Einrichtungsstilen zuhause.<\/p>\n<p>Das sonoro HiFi-Set<\/p>\n<p>Durch die elegante Formsprache und eine optimale klangliche Abstimmung l\u00e4sst sich das Lautsprecherpaar perfekt mit MAESTRO oder unserem PLATINUM kombinieren. Der smarte HiFi Receiver MAESTRO wurde f\u00fcr sein Design und seine Klangqualit\u00e4t mit renommierten Preisen und sehr guten Testergebnissen ausgezeichnet. Gleiches gilt f\u00fcr unseren PLATINUM Plattenspieler, den Tests, unter anderem Stiftung Warentest, nicht zuletzt aufgrund seiner Vielseitigkeit als einen der Besten seiner Preisklasse sehen.<\/p>\n<p>Deutsche Ingenieurskunst<\/p>\n<p>Wie alle unsere sonoro Musiksysteme wurde das Zweieinhalb-Wege-Lautsprecherpaar in Deutschland gestaltet und entwickelt. In guter sonoro Tradition haben wir bei den GRAND ORCHESTRA gr\u00f6\u00dften Wert darauf gelegt, die hohe Klangqualit\u00e4t mit einer klaren Designsprache zu vereinen. Wir finden: Das kann man sehen und h\u00f6ren.<\/p>\n<p>Technische Daten<\/p>\n<p>Technologie<\/p>\n<p>Tieft\u00f6ner 2x 6&#8243; PE-beschichteter Papiertreiber mit Druckgusskorb und Doppelmagnet<\/p>\n<p>Hocht\u00f6ner Air Motion Transformer mit Neodym-Antrieb, Membranfl\u00e4che circa 85 cm2<\/p>\n<p>Geh\u00e4use HDF (Hochdichte Faserplatten) mit Innenmatrix<\/p>\n<p>Empfohlene Verst\u00e4rkerleistung 50&#8211;170W<\/p>\n<p>Lastimpedanz 4 \u03a9<\/p>\n<p>Frequenzbereich 38Hz &#8212; 32KHz @ -6dB<\/p>\n<p>Empfindlichkeit 87,5dB SPL (2,83 V\/1m)<\/p>\n<p>Trennfrequenz 450Hz \/ 2800Hz<\/p>\n<p>Input \/ Output<\/p>\n<p>Hochwertiger Schraubanschluss f\u00fcr optimale Wiedergabe<\/p>\n<p>Design<\/p>\n<p>Handgeschliffenes Holzgeh\u00e4use mit abgerundeten Ecken, veredelt mit einem hochwertigen matten Finish<\/p>\n<p>Ausgew\u00e4hlte Details in Aluminium<\/p>\n<p>Au\u00dfer an den Seiten keine parallelen W\u00e4nde<\/p>\n<p>Gestaltet und entwickelt in Deutschland<\/p>\n<p>Lieferumfang<\/p>\n<p>Unsere ORCHESTRA Lautsprecher werden Ihnen inklusive folgendem Zubeh\u00f6r geliefert:<\/p>\n<p>Bedienungsanleitung<\/p>\n<p>Sicherheitshinweise<\/p>\n<p>Lautsprecherabdeckung: abnehmbar<\/p>\n<p>Schaumstoffstopfen f\u00fcr Bassreflexrohr<\/p>\n<p>montierbare Lautsprecherf\u00fc\u00dfe<\/p>\n<p>Lautsprecher-Spikes<\/p>\n<p>Gewicht<\/p>\n<p>ca. 24,8 kg je Lautsprecher<\/p>\n<p>Abmessungen<\/p>\n<p>ca. 210 x 989 x 349 mm<\/p>\n<p>ca. 280 x 1042 x 349 mm (inklusive Standf\u00fc\u00dfe)<\/p>\n","protected":false},"excerpt":{"rendered":"<p>F\u00fcr die gro\u00dfe B\u00fchne im Wohnzimmer Der gro\u00dfe Bruder unseres beliebten ORCHESTRA Standlautsprechers. Abgerundete Geh\u00e4usekanten, hochwertige Oberfl\u00e4chen mit perfektem Finish und Lautsprechermembranen, die sich nahtlos und ohne sichtbare Verschraubungen in die Schallw\u00e4nde schmiegen, kreieren eine moderne \u00c4sthetik. Dabei verbirgt sich hinter der eleganten Optik ein wahres Kraftpaket mit zwei durch &hellip;<\/p>\n","protected":false},"featured_media":5374,"template":"","meta":[],"pwb-brand":[96],"product_brand":[87],"product_cat":[84,32],"product_tag":[],"class_list":{"0":"post-5375","1":"product","2":"type-product","3":"status-publish","4":"has-post-thumbnail","6":"pwb-brand-german-audio-design","7":"product_brand-sonoro","8":"product_cat-sonoro","9":"product_cat-hifi","11":"first","12":"outofstock","13":"shipping-taxable","14":"purchasable","15":"product-type-simple"},"jetpack_sharing_enabled":true,"brands":[{"id":96,"name":"Sonoro","slug":"german-audio-design"}],"_links":{"self":[{"href":"https:\/\/www.hofmann-rtv.ch\/index.php?rest_route=\/wp\/v2\/product\/5375","targetHints":{"allow":["GET"]}}],"collection":[{"href":"https:\/\/www.hofmann-rtv.ch\/index.php?rest_route=\/wp\/v2\/product"}],"about":[{"href":"https:\/\/www.hofmann-rtv.ch\/index.php?rest_route=\/wp\/v2\/types\/product"}],"wp:featuredmedia":[{"embeddable":true,"href":"https:\/\/www.hofmann-rtv.ch\/index.php?rest_route=\/wp\/v2\/media\/5374"}],"wp:attachment":[{"href":"https:\/\/www.hofmann-rtv.ch\/index.php?rest_route=%2Fwp%2Fv2%2Fmedia&parent=5375"}],"wp:term":[{"taxonomy":"pwb-brand","embeddable":true,"href":"https:\/\/www.hofmann-rtv.ch\/index.php?rest_route=%2Fwp%2Fv2%2Fpwb-brand&post=5375"},{"taxonomy":"product_brand","embeddable":true,"href":"https:\/\/www.hofmann-rtv.ch\/index.php?rest_route=%2Fwp%2Fv2%2Fproduct_brand&post=5375"},{"taxonomy":"product_cat","embeddable":true,"href":"https:\/\/www.hofmann-rtv.ch\/index.php?rest_route=%2Fwp%2Fv2%2Fproduct_cat&post=5375"},{"taxonomy":"product_tag","embeddable":true,"href":"https:\/\/www.hofmann-rtv.ch\/index.php?rest_route=%2Fwp%2Fv2%2Fproduct_tag&post=5375"}],"curies":[{"name":"wp","href":"https:\/\/api.w.org\/{rel}","templated":true}]}}