{"id":5423,"date":"2026-04-12T12:00:24","date_gmt":"2026-04-12T10:00:24","guid":{"rendered":"https:\/\/www.hofmann-rtv.ch\/?post_type=product&#038;p=5423"},"modified":"2026-04-12T12:02:18","modified_gmt":"2026-04-12T10:02:18","slug":"canvas-solo","status":"publish","type":"product","link":"https:\/\/www.hofmann-rtv.ch\/?product=canvas-solo","title":{"rendered":"CANVAS SOLO"},"content":{"rendered":"<h1 class=\"item__title show-for-laptop\">Canvas CANVAS SOLO<\/h1>\n<h2 class=\"item__subtitle show-for-laptop\">Black matt<\/h2>\n<table class=\"item__matchcodes cell phablet-6\">\n<tbody>\n<tr>\n<th>Art-Nr<\/th>\n<td>963447<\/td>\n<\/tr>\n<tr>\n<th>EAN Code<\/th>\n<td>0792649634479<\/td>\n<\/tr>\n<tr>\n<th>Garantie<\/th>\n<td>3 Jahre Garantie<\/td>\n<\/tr>\n<\/tbody>\n<\/table>\n<p>Der CANVAS-Lautsprecher ist eine innovative L\u00f6sung f\u00fcr alle, die sowohl hochwertigen Stereo-Klang f\u00fcr den Fernseher oder als reine HiFi Anlage h\u00f6ren wollen. Die M\u00f6glichkeit, ihn sowohl an der Wand als auch auf dem Boden zu platzieren, bietet Flexibilit\u00e4t bei der Einrichtung. Die universelle TV-Halterung ist besonders praktisch, da sie mit den meisten g\u00e4ngigen Fernsehern kompatibel ist. Das patentierte Design zur b\u00fcndigen Ausrichtung des Lautsprechers und des Fernsehers sorgt sicherlich f\u00fcr ein elegantes Erscheinungsbild.<\/p>\n<p>Eine Auswahl von 13 individuellen Abdeckungen f\u00fcr den CANVAS-Lautsprecher ist ein grossartiges Merkmal, das es den Nutzern erm\u00f6glicht, das Design an ihren pers\u00f6nlichen Stil und die bestehende Inneneinrichtung anzupassen. Die Kombination aus klassischen Holz-Materialien wie heller Eiche, Mahagoni und Walnuss oder mit modernen Stoffen von Kvadrat bietet eine breite Palette an M\u00f6glichkeiten. Die Abdeckungen passen zu TV-Gr\u00f6ssen ab 55 bis 77zoll, sind austauschbar und magnetisch befestigt.<\/p>\n<p>BACCH 3D-Technologie klingt faszinierend und verbessert das H\u00f6rerlebniss enorm, indem sie ein realistisches 3D-Stereobild erzeugt. Das akustische Uebersprechen (crosstalk cancelation) wird so kanalisiert, dass der linke Lautsprecher auf das linke Ohr akustisch auftrifft und der rechte Lautsprecher nur auf der rechten Seite. So entsteht ein echtes 3D-Audio. Zus\u00e4tzlich kann die Raumakustik mithilfe eines Mikrofons angepasst werden, ein grosser Vorteil f\u00fcr Nutzer, die B\u00e4sse und Frequenzg\u00e4nge optimieren wollen.<\/p>\n<p>Die Konnektivit\u00e4tsoptionen sind ebenfalls sehr zeitgem\u00e4ss und erm\u00f6glichen es Nutzern, ihre Lieblingsmusik \u00fcber verschiedene Plattformen wie Tidal und Spotify zu streamen. Die Integration mit HDMI eARC ist ein weiteres Plus, da es die Nutzung des Lautsprechers mit dem Fernseher vereinfacht und Synchronisationsprobleme vermeidet.<\/p>\n<p>Schliesslich ist es beruhigend zu wissen, dass der CANVAS-Lautsprecher zukunftssicher ist und regelm\u00e4ssige Software-Updates sowie Hardware-Upgrades unterst\u00fctzt.<\/p>\n","protected":false},"excerpt":{"rendered":"<p>&nbsp;<\/p>\n<ul>\n<li>Konnektivit\u00e4t, Google Cast, AirPlay 2, Roon, Tidal, Spotify Connect<\/li>\n<li>Verst\u00e4rker 4-Kanal-HiFi Klasse D mit 250 Watt, sehr hoher Schalldruck<\/li>\n<li>DAC Burr-Brown 24 Bit \/ 192 kHz<\/li>\n<li>DSP BACHH 3D-Filter<\/li>\n<li>Raumkorrektur mit iOS, oder Zen Mic<\/li>\n<li>Frequenzgang 30 Hz &#8211; 20.000 Hz<\/li>\n<li>OTA, automatische Software upgrades<\/li>\n<li>Hardware-Elektronik aktualisierbar<\/li>\n<li>austauschbare Frontabdeckung<\/li>\n<li>inkl. Wandhalterung und Bodenst\u00e4nder<\/li>\n<\/ul>\n<p>&nbsp;<\/p>\n","protected":false},"featured_media":5424,"template":"","meta":[],"pwb-brand":[98],"product_brand":[92],"product_cat":[93,32],"product_tag":[],"class_list":{"0":"post-5423","1":"product","2":"type-product","3":"status-publish","4":"has-post-thumbnail","6":"pwb-brand-hifi-neu-erfunden","7":"product_brand-canvas","8":"product_cat-canvas","9":"product_cat-hifi","11":"first","12":"outofstock","13":"shipping-taxable","14":"purchasable","15":"product-type-simple"},"jetpack_sharing_enabled":true,"brands":[{"id":98,"name":"Canvas","slug":"hifi-neu-erfunden"}],"_links":{"self":[{"href":"https:\/\/www.hofmann-rtv.ch\/index.php?rest_route=\/wp\/v2\/product\/5423","targetHints":{"allow":["GET"]}}],"collection":[{"href":"https:\/\/www.hofmann-rtv.ch\/index.php?rest_route=\/wp\/v2\/product"}],"about":[{"href":"https:\/\/www.hofmann-rtv.ch\/index.php?rest_route=\/wp\/v2\/types\/product"}],"wp:featuredmedia":[{"embeddable":true,"href":"https:\/\/www.hofmann-rtv.ch\/index.php?rest_route=\/wp\/v2\/media\/5424"}],"wp:attachment":[{"href":"https:\/\/www.hofmann-rtv.ch\/index.php?rest_route=%2Fwp%2Fv2%2Fmedia&parent=5423"}],"wp:term":[{"taxonomy":"pwb-brand","embeddable":true,"href":"https:\/\/www.hofmann-rtv.ch\/index.php?rest_route=%2Fwp%2Fv2%2Fpwb-brand&post=5423"},{"taxonomy":"product_brand","embeddable":true,"href":"https:\/\/www.hofmann-rtv.ch\/index.php?rest_route=%2Fwp%2Fv2%2Fproduct_brand&post=5423"},{"taxonomy":"product_cat","embeddable":true,"href":"https:\/\/www.hofmann-rtv.ch\/index.php?rest_route=%2Fwp%2Fv2%2Fproduct_cat&post=5423"},{"taxonomy":"product_tag","embeddable":true,"href":"https:\/\/www.hofmann-rtv.ch\/index.php?rest_route=%2Fwp%2Fv2%2Fproduct_tag&post=5423"}],"curies":[{"name":"wp","href":"https:\/\/api.w.org\/{rel}","templated":true}]}}