{"id":5433,"date":"2026-04-12T12:18:33","date_gmt":"2026-04-12T10:18:33","guid":{"rendered":"https:\/\/www.hofmann-rtv.ch\/?post_type=product&#038;p=5433"},"modified":"2026-04-12T12:20:37","modified_gmt":"2026-04-12T10:20:37","slug":"canvas-front-55-fabric-structure-grey","status":"publish","type":"product","link":"https:\/\/www.hofmann-rtv.ch\/?product=canvas-front-55-fabric-structure-grey","title":{"rendered":"Canvas Front 55 Fabric Structure-Grey"},"content":{"rendered":"<h1 class=\"item__title show-for-laptop\">Canvas Front 55 Fabric Structure-Grey Lautsprecherabdeckung<\/h1>\n<table class=\"item__matchcodes cell phablet-6\">\n<tbody>\n<tr>\n<th><\/th>\n<td><\/td>\n<\/tr>\n<tr>\n<th><\/th>\n<td><\/td>\n<\/tr>\n<\/tbody>\n<\/table>\n<p>W\u00e4hlen Sie aus 12 individuellen Oberfl\u00e4chen, darunter Schwarz, Hellgrau, 8 verschiedene d\u00e4nische Kvadrat-Stoffe, helle Eiche, Mahagoni und Nussbaum. Mit unserem umfangreichen Angebot an Oberfl\u00e4chen k\u00f6nnen Sie ein Meisterwerk kreieren, das sich nahtlos in Ihre Inneneinrichtung einf\u00fcgt und Ihren Raum in eine bezaubernde Oase des Stils und der Raffinesse verwandelt. Erh\u00f6hen Sie Ihr \u00e4sthetisches Erlebnis mit CANVAS, wo die Kreativit\u00e4t keine Grenzen kennt und jedes Detail bis zur Perfektion ausgearbeitet ist.<\/p>\n<p>&nbsp;<\/p>\n","protected":false},"excerpt":{"rendered":"<p>Canvas Front 55 Fabric Structure-Grey Lautsprecherabdeckung W\u00e4hlen Sie aus 12 individuellen Oberfl\u00e4chen, darunter Schwarz, Hellgrau, 8 verschiedene d\u00e4nische Kvadrat-Stoffe, helle Eiche, Mahagoni und Nussbaum. Mit unserem umfangreichen Angebot an Oberfl\u00e4chen k\u00f6nnen Sie ein Meisterwerk kreieren, das sich nahtlos in Ihre Inneneinrichtung einf\u00fcgt und Ihren Raum in eine bezaubernde Oase des &hellip;<\/p>\n","protected":false},"featured_media":5434,"template":"","meta":[],"pwb-brand":[98],"product_brand":[92],"product_cat":[93],"product_tag":[],"class_list":{"0":"post-5433","1":"product","2":"type-product","3":"status-publish","4":"has-post-thumbnail","6":"pwb-brand-hifi-neu-erfunden","7":"product_brand-canvas","8":"product_cat-canvas","10":"first","11":"outofstock","12":"shipping-taxable","13":"purchasable","14":"product-type-simple"},"jetpack_sharing_enabled":true,"brands":[{"id":98,"name":"Canvas","slug":"hifi-neu-erfunden"}],"_links":{"self":[{"href":"https:\/\/www.hofmann-rtv.ch\/index.php?rest_route=\/wp\/v2\/product\/5433","targetHints":{"allow":["GET"]}}],"collection":[{"href":"https:\/\/www.hofmann-rtv.ch\/index.php?rest_route=\/wp\/v2\/product"}],"about":[{"href":"https:\/\/www.hofmann-rtv.ch\/index.php?rest_route=\/wp\/v2\/types\/product"}],"wp:featuredmedia":[{"embeddable":true,"href":"https:\/\/www.hofmann-rtv.ch\/index.php?rest_route=\/wp\/v2\/media\/5434"}],"wp:attachment":[{"href":"https:\/\/www.hofmann-rtv.ch\/index.php?rest_route=%2Fwp%2Fv2%2Fmedia&parent=5433"}],"wp:term":[{"taxonomy":"pwb-brand","embeddable":true,"href":"https:\/\/www.hofmann-rtv.ch\/index.php?rest_route=%2Fwp%2Fv2%2Fpwb-brand&post=5433"},{"taxonomy":"product_brand","embeddable":true,"href":"https:\/\/www.hofmann-rtv.ch\/index.php?rest_route=%2Fwp%2Fv2%2Fproduct_brand&post=5433"},{"taxonomy":"product_cat","embeddable":true,"href":"https:\/\/www.hofmann-rtv.ch\/index.php?rest_route=%2Fwp%2Fv2%2Fproduct_cat&post=5433"},{"taxonomy":"product_tag","embeddable":true,"href":"https:\/\/www.hofmann-rtv.ch\/index.php?rest_route=%2Fwp%2Fv2%2Fproduct_tag&post=5433"}],"curies":[{"name":"wp","href":"https:\/\/api.w.org\/{rel}","templated":true}]}}