{"id":5542,"date":"2026-04-15T17:30:57","date_gmt":"2026-04-15T15:30:57","guid":{"rendered":"https:\/\/www.hofmann-rtv.ch\/?post_type=product&#038;p=5542"},"modified":"2026-04-15T17:42:18","modified_gmt":"2026-04-15T15:42:18","slug":"loewe-iconic-bild-v-65-graphite-grey-demogeraet-2","status":"publish","type":"product","link":"https:\/\/www.hofmann-rtv.ch\/?product=loewe-iconic-bild-v-65-graphite-grey-demogeraet-2","title":{"rendered":"Loewe iconic bild V 65 graphite grey ( Demoger\u00e4t )"},"content":{"rendered":"<h1>Loewe iconic bild V 65 graphite grey ( Demoger\u00e4t )<\/h1>\n<p>164 cm OLED-Fernseher, 65 Zoll, Aufl\u00f6sung: 3.840&#215;2.160 Pixel, 4K Ultra HD, 4K Ultra HD Video Scaler, H.265 HEVC, High Dynamic Range (HDR 10), Hybrid Log Gamma (HLG), Dolby Vision, integrierte Festplatte, DVB-T2, DVB-T2 HD, DVB-S2, DVB-C, DVB-C2, Twin-Tuner f\u00fcr Aufnahme, Dolby Digital Plus, Remote App kompatibel f\u00fcr iPhone, Android, per App steuerbar, kompatibel mit Amazon Alexa, Internet-Radio, USB-Recording, USB-TimeShift, WEB-Browser, Bluetooth, Bluetooth Audio-Unterst\u00fctzung, Miracast (Drahtlose Bild\u00fcbertragung vom Smartphone oder Tablet auf den Fernseher), Screen Mirroring (einfache Verbindung mit Wi-Fi f\u00e4higen Ger\u00e4ten), WLAN, Energieeffizienzklasse F<\/p>\n<p>&nbsp;<\/p>\n<p data-start=\"105\" data-end=\"456\">Dieses Ger\u00e4t wurde zuvor als Ausstellungs- bzw. Demoger\u00e4t verwendet und war daher bereits in Betrieb. Es kann leichte bis sichtbare Gebrauchsspuren wie feine Kratzer, minimale Abnutzungen am Geh\u00e4use oder leichte Gebrauchsspuren am Display aufweisen. Technisch ist das Ger\u00e4t jedoch vollst\u00e4ndig gepr\u00fcft und funktioniert einwandfrei ohne Einschr\u00e4nkungen.<\/p>\n<p data-start=\"458\" data-end=\"551\">Im Lieferumfang ist s\u00e4mtliches notwendiges Zubeh\u00f6r enthalten (sofern nicht anders angegeben).<\/p>\n<p data-start=\"553\" data-end=\"725\">Zus\u00e4tzlich erhalten Sie eine <strong data-start=\"582\" data-end=\"614\">60-monatige Bring-in-Garantie<\/strong>. Das bedeutet, dass im Garantiefall das Ger\u00e4t vom K\u00e4ufer zur Reparatur eingesendet oder abgegeben werden muss.<\/p>\n<p>&nbsp;<\/p>\n<p>&nbsp;<\/p>\n","protected":false},"excerpt":{"rendered":"<h1>Loewe iconic bild V 65 graphite grey ( Demoger\u00e4t )<\/h1>\n<h2 class=\"header-with-line\"><\/h2>\n<div class=\"mb-2\">\n<p><strong>Modernste TV-Technologie. Bildqualit\u00e4t Made in Germany.<\/strong><\/p>\n<p>Eine beeindruckende Kombination aus Fernseher und nach vorne abstrahlender Soundbar in einer Aufstelll\u00f6sung, die neben exzellenter TV- und Audiotechnologie Made in Germany vor allem durch ihr einzigartiges Design besticht: Der Loewe iconic setzt mit seiner skulpturalen, koh\u00e4renten Formensprache starke Akzente und neue Massst\u00e4be f\u00fcr Home Entertainment der Luxus-Klasse. Die Aufstelll\u00f6sung des Loewe iconic wird aus dem Material Syno-Stone handgefertigt. Syno-Stone ist ein massiver Mineralwerkstoff, der robust und best\u00e4ndig ist und sich dabei schwer und k\u00fchl wie Stein anfasst. Erh\u00e4ltlich in den Farben Graphite Grey und Pure White oder auch individuell gestaltbar dank exklusiver Farbauswahlm\u00f6glichkeiten des Loewe iconic floor stand und der Lautsprecherabdeckung<\/p>\n<p><strong>Individuelle Designgestaltung. F\u00fcr das perfekte Wohnambiente.<\/strong><\/p>\n<p>Gestalten Sie mit der Loewe iconic collection Ihre pers\u00f6nliche TV-Designikone durch unsere exklusiven Farbauswahlm\u00f6glichkeiten. Die Farbgebung des Loewe iconic floor stand und die der Lautsprecherblende kann individuell angepasst werden, sodass sich Ihre TV-Designikone nahtlos in Ihrem Wohnraum integriert. Die zeitlose Design-Ikone pr\u00e4sentiert sich mit hochwertigsten OLED-Displays in der gr\u00f6sse 65&#8243;. Die kraftvolle Soundbar mit einer Gesamtmusikleistung von 360 Watt und integrierten Subwoofern ist formsch\u00f6n und dezent hinter einer hochwertigen Stoffblende eingearbeitet. Geniessen Sie eine kunstvoll arrangierte TV- und Audioqualit\u00e4t und damit ein ultra-realistisches, imposantes Bild- und Klangerlebnis.<\/p>\n<\/div>\n","protected":false},"featured_media":4871,"template":"","meta":[],"pwb-brand":[109,111],"product_brand":[37],"product_cat":[34,38],"product_tag":[],"class_list":{"0":"post-5542","1":"product","2":"type-product","3":"status-publish","4":"has-post-thumbnail","6":"pwb-brand-zeitloses-design-hoechste-fertigungsqualitaet-made-in-germany","7":"pwb-brand-hier-finden-sie-gepruefte-und-teils-revidierte-occasion-secondlife-und-demo-geraete","8":"product_brand-loewe","9":"product_cat-fernseher","10":"product_cat-loewe","12":"first","13":"outofstock","14":"sale","15":"featured","16":"shipping-taxable","17":"purchasable","18":"product-type-simple"},"jetpack_sharing_enabled":true,"brands":[{"id":109,"name":"Loewe","slug":"zeitloses-design-hoechste-fertigungsqualitaet-made-in-germany"},{"id":111,"name":"Occasion \/ Secondlife und Demo","slug":"hier-finden-sie-gepruefte-und-teils-revidierte-occasion-secondlife-und-demo-geraete"}],"_links":{"self":[{"href":"https:\/\/www.hofmann-rtv.ch\/index.php?rest_route=\/wp\/v2\/product\/5542","targetHints":{"allow":["GET"]}}],"collection":[{"href":"https:\/\/www.hofmann-rtv.ch\/index.php?rest_route=\/wp\/v2\/product"}],"about":[{"href":"https:\/\/www.hofmann-rtv.ch\/index.php?rest_route=\/wp\/v2\/types\/product"}],"wp:featuredmedia":[{"embeddable":true,"href":"https:\/\/www.hofmann-rtv.ch\/index.php?rest_route=\/wp\/v2\/media\/4871"}],"wp:attachment":[{"href":"https:\/\/www.hofmann-rtv.ch\/index.php?rest_route=%2Fwp%2Fv2%2Fmedia&parent=5542"}],"wp:term":[{"taxonomy":"pwb-brand","embeddable":true,"href":"https:\/\/www.hofmann-rtv.ch\/index.php?rest_route=%2Fwp%2Fv2%2Fpwb-brand&post=5542"},{"taxonomy":"product_brand","embeddable":true,"href":"https:\/\/www.hofmann-rtv.ch\/index.php?rest_route=%2Fwp%2Fv2%2Fproduct_brand&post=5542"},{"taxonomy":"product_cat","embeddable":true,"href":"https:\/\/www.hofmann-rtv.ch\/index.php?rest_route=%2Fwp%2Fv2%2Fproduct_cat&post=5542"},{"taxonomy":"product_tag","embeddable":true,"href":"https:\/\/www.hofmann-rtv.ch\/index.php?rest_route=%2Fwp%2Fv2%2Fproduct_tag&post=5542"}],"curies":[{"name":"wp","href":"https:\/\/api.w.org\/{rel}","templated":true}]}}