{"id":5543,"date":"2026-04-15T17:31:08","date_gmt":"2026-04-15T15:31:08","guid":{"rendered":"https:\/\/www.hofmann-rtv.ch\/?post_type=product&#038;p=5543"},"modified":"2026-04-15T17:41:05","modified_gmt":"2026-04-15T15:41:05","slug":"technics-vollverstaerker-su-c700-demogeraet","status":"publish","type":"product","link":"https:\/\/www.hofmann-rtv.ch\/?product=technics-vollverstaerker-su-c700-demogeraet","title":{"rendered":"Technics Vollverst\u00e4rker SU C700 ( Demoger\u00e4t )"},"content":{"rendered":"<p>&nbsp;<\/p>\n<p>&nbsp;<\/p>\n<p>&nbsp;<\/p>\n","protected":false},"excerpt":{"rendered":"<h1>Technics | Vollverst\u00e4rker | SU C700 \/ Demoger\u00e4t<\/h1>\n<p>6 Monate Bring in Garantie<\/p>\n<p>&nbsp;<\/p>\n<p data-start=\"105\" data-end=\"456\">Dieses Ger\u00e4t wurde zuvor als Ausstellungs- bzw. Demoger\u00e4t verwendet und war daher bereits in Betrieb. Es kann leichte bis sichtbare Gebrauchsspuren wie feine Kratzer, minimale Abnutzungen am Geh\u00e4use oder leichte Gebrauchsspuren am Display aufweisen. Technisch ist das Ger\u00e4t jedoch vollst\u00e4ndig gepr\u00fcft und funktioniert einwandfrei ohne Einschr\u00e4nkungen.<\/p>\n<p data-start=\"458\" data-end=\"551\">Im Lieferumfang ist s\u00e4mtliches notwendiges Zubeh\u00f6r enthalten (sofern nicht anders angegeben).<\/p>\n<p data-start=\"553\" data-end=\"725\">Zus\u00e4tzlich erhalten Sie eine <strong data-start=\"582\" data-end=\"614\">6-monatige Bring-in-Garantie<\/strong>. Das bedeutet, dass im Garantiefall das Ger\u00e4t vom K\u00e4ufer zur Reparatur eingesendet oder abgegeben werden muss.<\/p>\n<div class=\"speclist__item__data\">\n<div class=\"product-highlights--block block\">\n<div class=\"product-highlights left\">\n<ul class=\"list--unordered\">\n<li>JENO Engine (Jitter-Eliminierung und Rauschformungs- Optimierung)<\/li>\n<li>LAPC (Lastadaptive Phasen-Kalibrierung)<\/li>\n<li>Eing\u00e4nge: Phono-MM, Line-in, SPDIF koax. + opt., USB-B<\/li>\n<li>Ausgangsleistung: 2 x 45W (1kHz, T.H.D. 0.1%, 8\u03a9, 20kHz)<\/li>\n<li>Abmessungen (B x H x T): 340 x 132 x 325 mm<\/li>\n<\/ul>\n<\/div>\n<div class=\"product-highlights right\"><\/div>\n<\/div>\n<div class=\"product--description block\">Die vollst\u00e4ndig digitale Signalverarbeitung des Stereo-Vollverst\u00e4rkers SU-C700 garantiert die exakte Kontrolle der angeschlossenen Lautsprecher und erm\u00f6glicht ein beispielloses Musikerlebnis mit hoher Transparenz, gro\u00dfem Detailreichtum, viel Nat\u00fcrlichkeit und perfekter B\u00fchnenabbildung. Technics hat eine v\u00f6llig neue Jitter-Reduktionsschaltung entwickelt, um die durch digitalen Jitter entstehenden Einfl\u00fcsse auf das Musiksignal zu unterbinden. Diese Schaltung besteht aus einem Taktgenerator f\u00fcr das Noise Shaping zur Jitter-Reduzierung im unteren sowie einem hochpr\u00e4zisen Abtastraten-Konverter im hohen Frequenzbereich. Der SU-C700 taktet sowohl das Noise Shaping als auch die Leistungsendstufe doppelt so schnell wie ein konventioneller Digitalverst\u00e4rker. Dadurch leistet er eine hochpr\u00e4zise Verst\u00e4rkung mit extrem geringem Rauschen.<\/div>\n<div class=\"product--description block\">\n<div class=\"feature-table\">\n<div class=\"table-head\">Leistungseigenschaften<\/div>\n<div class=\"table-row\">\n<div class=\"table-attribut\">Anzahl Kan\u00e4le<\/div>\n<div class=\"table-attribut-value\">2<\/div>\n<\/div>\n<div class=\"table-row\">\n<div class=\"table-attribut\">Musikleistung 8 Ohm (W), pro Kanal<\/div>\n<div class=\"table-attribut-value\">45<\/div>\n<\/div>\n<div class=\"table-row\">\n<div class=\"table-attribut\">Signal-Rauschabstand, Line (dB)<\/div>\n<div class=\"table-attribut-value\">88<\/div>\n<\/div>\n<div class=\"table-row\">\n<div class=\"table-attribut\">Signal-Rauschabstand, Phono MM (dB)<\/div>\n<div class=\"table-attribut-value\">82<\/div>\n<\/div>\n<div class=\"table-row\">\n<div class=\"table-attribut\">Klirrfaktor (%)<\/div>\n<div class=\"table-attribut-value\">0.05<\/div>\n<\/div>\n<div class=\"table-row\">\n<div class=\"table-attribut\">Frequenzgang-Untergrenze, Line (Hz)<\/div>\n<div class=\"table-attribut-value\">20<\/div>\n<\/div>\n<div class=\"table-row\">\n<div class=\"table-attribut\">Frequenzgang-Obergrenze, Line (Hz)<\/div>\n<div class=\"table-attribut-value\">80000<\/div>\n<\/div>\n<div class=\"table-row\">\n<div class=\"table-attribut\">Eingangsempfindlichkeit, Phono MM (mV)<\/div>\n<div class=\"table-attribut-value\">2.5<\/div>\n<\/div>\n<div class=\"table-row\">\n<div class=\"table-attribut\">Eing.empf., Phono MM ermittelt an x KOhm<\/div>\n<div class=\"table-attribut-value\">47<\/div>\n<\/div>\n<div class=\"table-row\">\n<div class=\"table-attribut\">Eingangsempfindlichkeit, Line (mV)<\/div>\n<div class=\"table-attribut-value\">200<\/div>\n<\/div>\n<div class=\"table-row\">\n<div class=\"table-attribut\">Eingangsempf., Line, ermittelt an x KOhm<\/div>\n<div class=\"table-attribut-value\">22<\/div>\n<\/div>\n<div class=\"table-row\">\n<div class=\"table-attribut\">min. Impedanz (Ohm)<\/div>\n<div class=\"table-attribut-value\">4<\/div>\n<\/div>\n<div class=\"table-row\">\n<div class=\"table-attribut\">max. Impedanz (Ohm)<\/div>\n<div class=\"table-attribut-value\">16<\/div>\n<\/div>\n<\/div>\n<div class=\"feature-table\">\n<div class=\"table-head\">analoge Audio-Anschl\u00fcsse<\/div>\n<div class=\"table-row\">\n<div class=\"table-attribut\">Kopfh\u00f6rer-Anschluss<\/div>\n<div class=\"table-attribut-value\">ja<\/div>\n<\/div>\n<div class=\"table-row\">\n<div class=\"table-attribut\">Anzahl Phono MM-Cinch (IN)<\/div>\n<div class=\"table-attribut-value\">1<\/div>\n<\/div>\n<div class=\"table-row\">\n<div class=\"table-attribut\">Anzahl Audio (IN)<\/div>\n<div class=\"table-attribut-value\">1<\/div>\n<\/div>\n<\/div>\n<div class=\"feature-table\">\n<div class=\"table-head\">digitale Audio-Anschl\u00fcsse<\/div>\n<div class=\"table-row\">\n<div class=\"table-attribut\">Anzahl Digital-Optisch (IN)<\/div>\n<div class=\"table-attribut-value\">1<\/div>\n<\/div>\n<div class=\"table-row\">\n<div class=\"table-attribut\">Anzahl Digital-Koaxial (IN)<\/div>\n<div class=\"table-attribut-value\">3<\/div>\n<\/div>\n<div class=\"table-row\">\n<div class=\"table-attribut\">USB-Schnittstelle<\/div>\n<div class=\"table-attribut-value\">ja<\/div>\n<\/div>\n<\/div>\n<div class=\"feature-table\">\n<div class=\"table-head\">Leistungsaufnahme<\/div>\n<div class=\"table-row\">\n<div class=\"table-attribut\">Leistungsaufnahme, Betrieb (W)<\/div>\n<div class=\"table-attribut-value\">73<\/div>\n<\/div>\n<\/div>\n<div class=\"feature-table\">\n<div class=\"table-head\">Geh\u00e4use-Eigenschaften<\/div>\n<div class=\"table-row\">\n<div class=\"table-attribut\">Metall-Geh\u00e4use<\/div>\n<div class=\"table-attribut-value\">ja<\/div>\n<\/div>\n<div class=\"table-row\">\n<div class=\"table-attribut\">Breite (cm)<\/div>\n<div class=\"table-attribut-value\">34<\/div>\n<\/div>\n<div class=\"table-row\">\n<div class=\"table-attribut\">H\u00f6he (cm)<\/div>\n<div class=\"table-attribut-value\">13.2<\/div>\n<\/div>\n<div class=\"table-row\">\n<div class=\"table-attribut\">Tiefe (cm)<\/div>\n<div class=\"table-attribut-value\">32.5<\/div>\n<\/div>\n<div class=\"table-row\">\n<div class=\"table-attribut\">Gewicht (kg)<\/div>\n<div class=\"table-attribut-value\">8.3<\/div>\n<\/div>\n<\/div>\n<div class=\"feature-table\">\n<div class=\"table-head\">Farben<\/div>\n<div class=\"table-row\">\n<div class=\"table-attribut\">Geh\u00e4use-Farben<\/div>\n<div class=\"table-attribut-value\">silber<\/div>\n<\/div>\n<\/div>\n<\/div>\n<\/div>\n","protected":false},"featured_media":5546,"template":"","meta":[],"pwb-brand":[111],"product_brand":[],"product_cat":[32],"product_tag":[],"class_list":{"0":"post-5543","1":"product","2":"type-product","3":"status-publish","4":"has-post-thumbnail","6":"pwb-brand-hier-finden-sie-gepruefte-und-teils-revidierte-occasion-secondlife-und-demo-geraete","7":"product_cat-hifi","9":"first","10":"outofstock","11":"sale","12":"featured","13":"shipping-taxable","14":"purchasable","15":"product-type-simple"},"jetpack_sharing_enabled":true,"brands":[{"id":111,"name":"Occasion \/ Secondlife und Demo","slug":"hier-finden-sie-gepruefte-und-teils-revidierte-occasion-secondlife-und-demo-geraete"}],"_links":{"self":[{"href":"https:\/\/www.hofmann-rtv.ch\/index.php?rest_route=\/wp\/v2\/product\/5543","targetHints":{"allow":["GET"]}}],"collection":[{"href":"https:\/\/www.hofmann-rtv.ch\/index.php?rest_route=\/wp\/v2\/product"}],"about":[{"href":"https:\/\/www.hofmann-rtv.ch\/index.php?rest_route=\/wp\/v2\/types\/product"}],"wp:featuredmedia":[{"embeddable":true,"href":"https:\/\/www.hofmann-rtv.ch\/index.php?rest_route=\/wp\/v2\/media\/5546"}],"wp:attachment":[{"href":"https:\/\/www.hofmann-rtv.ch\/index.php?rest_route=%2Fwp%2Fv2%2Fmedia&parent=5543"}],"wp:term":[{"taxonomy":"pwb-brand","embeddable":true,"href":"https:\/\/www.hofmann-rtv.ch\/index.php?rest_route=%2Fwp%2Fv2%2Fpwb-brand&post=5543"},{"taxonomy":"product_brand","embeddable":true,"href":"https:\/\/www.hofmann-rtv.ch\/index.php?rest_route=%2Fwp%2Fv2%2Fproduct_brand&post=5543"},{"taxonomy":"product_cat","embeddable":true,"href":"https:\/\/www.hofmann-rtv.ch\/index.php?rest_route=%2Fwp%2Fv2%2Fproduct_cat&post=5543"},{"taxonomy":"product_tag","embeddable":true,"href":"https:\/\/www.hofmann-rtv.ch\/index.php?rest_route=%2Fwp%2Fv2%2Fproduct_tag&post=5543"}],"curies":[{"name":"wp","href":"https:\/\/api.w.org\/{rel}","templated":true}]}}