{"id":5556,"date":"2026-04-16T14:59:43","date_gmt":"2026-04-16T12:59:43","guid":{"rendered":"https:\/\/www.hofmann-rtv.ch\/?product=radio-r3"},"modified":"2026-04-16T15:01:02","modified_gmt":"2026-04-16T13:01:02","slug":"radio-r3","status":"publish","type":"product","link":"https:\/\/www.hofmann-rtv.ch\/?product=radio-r3","title":{"rendered":"Radio R3"},"content":{"rendered":"","protected":false},"excerpt":{"rendered":"<p>Kompaktes Design, grossz\u00fcgiger Klang. Aufbauend auf seiner bereits beeindruckenden Leistung f\u00fcr 2023 wurde R3 weiter verfeinert und tr\u00e4gt nun den Namen R3S. \u00c4usserlich beh\u00e4lt der R3S das gleiche sch\u00f6ne kompakte Design mit seinem akustisch abgestimmten, handgefertigten Geh\u00e4use und dem kontrastreichen O-LED-Display bei, aber im Inneren verf\u00fcgt der R3S \u00fcber einen leistungsstarken neuen Prozessor und \u00fcberarbeitete Schaltkreise, um eine bessere Leistung und einen noch ansprechenderen Klang zu liefern. Angetrieben wird das System von einem dynamischen High-Fidelity-Verst\u00e4rker in Kombination mit unseren massgeschneiderten NS+-Treibern. F\u00fcr den R3S haben wir jetzt die STEREO+-Klangverarbeitung integriert, die wir f\u00fcr unsere limitierte R5 Signature-Edition entwickelt haben. Dadurch entsteht eine breitere Klangb\u00fchne mit Tiefe und Realismus, die weit \u00fcber die kompakte Statur des R3S hinausgeht. Was auch immer Ihr Musikgeschmack ist, R3S wird die Bed\u00fcrfnisse selbst des anspruchsvollsten Zuh\u00f6rers erf\u00fcllen.<\/p>\n<p>Geeignet f\u00fcr den Wohnbereich.<br \/>\nMit Design.<br \/>\nEnergieversorgung durch Netzbetrieb.<br \/>\nQualit\u00e4ten: Kunststoff.<\/p>\n","protected":false},"featured_media":5555,"template":"","meta":[],"pwb-brand":[112],"product_brand":[],"product_cat":[94,32],"product_tag":[],"class_list":{"0":"post-5556","1":"product","2":"type-product","3":"status-publish","4":"has-post-thumbnail","6":"pwb-brand-ruark-audio-klangqualitaet-trifft-auf-einfache-bedienung","7":"product_cat-neu","8":"product_cat-hifi","10":"first","11":"outofstock","12":"shipping-taxable","13":"purchasable","14":"product-type-simple"},"jetpack_sharing_enabled":true,"brands":[{"id":112,"name":"Ruark","slug":"ruark-audio-klangqualitaet-trifft-auf-einfache-bedienung"}],"_links":{"self":[{"href":"https:\/\/www.hofmann-rtv.ch\/index.php?rest_route=\/wp\/v2\/product\/5556","targetHints":{"allow":["GET"]}}],"collection":[{"href":"https:\/\/www.hofmann-rtv.ch\/index.php?rest_route=\/wp\/v2\/product"}],"about":[{"href":"https:\/\/www.hofmann-rtv.ch\/index.php?rest_route=\/wp\/v2\/types\/product"}],"wp:featuredmedia":[{"embeddable":true,"href":"https:\/\/www.hofmann-rtv.ch\/index.php?rest_route=\/wp\/v2\/media\/5555"}],"wp:attachment":[{"href":"https:\/\/www.hofmann-rtv.ch\/index.php?rest_route=%2Fwp%2Fv2%2Fmedia&parent=5556"}],"wp:term":[{"taxonomy":"pwb-brand","embeddable":true,"href":"https:\/\/www.hofmann-rtv.ch\/index.php?rest_route=%2Fwp%2Fv2%2Fpwb-brand&post=5556"},{"taxonomy":"product_brand","embeddable":true,"href":"https:\/\/www.hofmann-rtv.ch\/index.php?rest_route=%2Fwp%2Fv2%2Fproduct_brand&post=5556"},{"taxonomy":"product_cat","embeddable":true,"href":"https:\/\/www.hofmann-rtv.ch\/index.php?rest_route=%2Fwp%2Fv2%2Fproduct_cat&post=5556"},{"taxonomy":"product_tag","embeddable":true,"href":"https:\/\/www.hofmann-rtv.ch\/index.php?rest_route=%2Fwp%2Fv2%2Fproduct_tag&post=5556"}],"curies":[{"name":"wp","href":"https:\/\/api.w.org\/{rel}","templated":true}]}}