{"id":5558,"date":"2026-04-16T14:59:43","date_gmt":"2026-04-16T12:59:43","guid":{"rendered":"https:\/\/www.hofmann-rtv.ch\/?product=radio"},"modified":"2026-04-16T15:01:02","modified_gmt":"2026-04-16T13:01:02","slug":"radio","status":"publish","type":"product","link":"https:\/\/www.hofmann-rtv.ch\/?product=radio","title":{"rendered":"Radio"},"content":{"rendered":"","protected":false},"excerpt":{"rendered":"<p>Aus jedem Blickwinkel sch\u00f6n: In Anlehnung an die neue Designsprache unseres R1 Mk4 erregt der R1S mit seinem makellosen Aussehen und Klang die Aufmerksamkeit. Mit seinen f\u00fchlbaren Kurven, der exklusiven mittelgrauen Oberfl\u00e4che und dem handgefertigten K\u00fchlergrill aus Verbundholz strahlt der R1S ein frisches, modernes Design aus. Das Gittermaterial wird aus nachhaltigen H\u00f6lzern hergestellt, die sorgf\u00e4ltig gespleisst, gef\u00e4rbt und neu zusammengesetzt werden, um die satten Farbt\u00f6ne langsam wachsender Harth\u00f6lzer m\u00f6glichst genau nachzuahmen, ohne die Umwelt zu beeintr\u00e4chtigen. Das Geh\u00e4use und das Gitter harmonieren perfekt mit dem charakteristischen RotoDial-Controller und dem neuen Farbdisplay und schaffen so ein Gef\u00fchl, das die technischen F\u00e4higkeiten des R1S widerspiegelt.<\/p>\n<p>Geeignet f\u00fcr den Wohnbereich.<br \/>\nEnergieversorgung durch Netzbetrieb.<br \/>\nQualit\u00e4ten: Kunststoff.<\/p>\n<p>Material:<br \/>\nHauptmaterial: Kunststoff 100%, Holz (Lignum) 100%<\/p>\n<p>Masse:<br \/>\nL\u00e4nge: 15 cm<br \/>\nBreite: 13 cm<br \/>\nH\u00f6he: 17.5 cm<\/p>\n","protected":false},"featured_media":5557,"template":"","meta":[],"pwb-brand":[112],"product_brand":[],"product_cat":[94,32],"product_tag":[],"class_list":{"0":"post-5558","1":"product","2":"type-product","3":"status-publish","4":"has-post-thumbnail","6":"pwb-brand-ruark-audio-klangqualitaet-trifft-auf-einfache-bedienung","7":"product_cat-neu","8":"product_cat-hifi","10":"first","11":"outofstock","12":"shipping-taxable","13":"purchasable","14":"product-type-simple"},"jetpack_sharing_enabled":true,"brands":[{"id":112,"name":"Ruark","slug":"ruark-audio-klangqualitaet-trifft-auf-einfache-bedienung"}],"_links":{"self":[{"href":"https:\/\/www.hofmann-rtv.ch\/index.php?rest_route=\/wp\/v2\/product\/5558","targetHints":{"allow":["GET"]}}],"collection":[{"href":"https:\/\/www.hofmann-rtv.ch\/index.php?rest_route=\/wp\/v2\/product"}],"about":[{"href":"https:\/\/www.hofmann-rtv.ch\/index.php?rest_route=\/wp\/v2\/types\/product"}],"wp:featuredmedia":[{"embeddable":true,"href":"https:\/\/www.hofmann-rtv.ch\/index.php?rest_route=\/wp\/v2\/media\/5557"}],"wp:attachment":[{"href":"https:\/\/www.hofmann-rtv.ch\/index.php?rest_route=%2Fwp%2Fv2%2Fmedia&parent=5558"}],"wp:term":[{"taxonomy":"pwb-brand","embeddable":true,"href":"https:\/\/www.hofmann-rtv.ch\/index.php?rest_route=%2Fwp%2Fv2%2Fpwb-brand&post=5558"},{"taxonomy":"product_brand","embeddable":true,"href":"https:\/\/www.hofmann-rtv.ch\/index.php?rest_route=%2Fwp%2Fv2%2Fproduct_brand&post=5558"},{"taxonomy":"product_cat","embeddable":true,"href":"https:\/\/www.hofmann-rtv.ch\/index.php?rest_route=%2Fwp%2Fv2%2Fproduct_cat&post=5558"},{"taxonomy":"product_tag","embeddable":true,"href":"https:\/\/www.hofmann-rtv.ch\/index.php?rest_route=%2Fwp%2Fv2%2Fproduct_tag&post=5558"}],"curies":[{"name":"wp","href":"https:\/\/api.w.org\/{rel}","templated":true}]}}