{"id":5560,"date":"2026-04-16T14:59:44","date_gmt":"2026-04-16T12:59:44","guid":{"rendered":"https:\/\/www.hofmann-rtv.ch\/?product=radio-r-cd100"},"modified":"2026-04-16T15:01:02","modified_gmt":"2026-04-16T13:01:02","slug":"radio-r-cd100","status":"publish","type":"product","link":"https:\/\/www.hofmann-rtv.ch\/?product=radio-r-cd100","title":{"rendered":"Radio R\u2011CD100"},"content":{"rendered":"","protected":false},"excerpt":{"rendered":"<p>Der Ruark R\u2011CD100 ist ein kompakter, hochwertiger USB\u2011CD\u2011Player, der speziell f\u00fcr die Ruark\u2011Modelle R410, R610 und R810 entwickelt wurde. Er nutzt ein pr\u00e4zises Slot\u2011Loading\u2011Laufwerk und ein akustisch isoliertes Geh\u00e4use, um fl\u00fcsterleise Wiedergabe und optimale Klangqualit\u00e4t zu gew\u00e4hrleisten. Die Verbindung erfolgt \u00fcber USB\u2011C per Plug\u2011and\u2011Play. Nach dem Anschliessen erscheint \u201eCD&#8220; automatisch als zus\u00e4tzliche Quelle im Ruark\u2011System, w\u00e4hrend die hochwertigen DACs der 100\u2011Series f\u00fcr erstklassigen Klang sorgen. Kompatibel mit CD\u2011DA, CD\u2011R und CD\u2011RW, bietet der R\u2011CD100 eine unkomprimierte, authentische Klangwiedergabe, ideal f\u00fcr Musikliebhaber, die das physische Medium weiterhin sch\u00e4tzen. Das elegante Design mit Fused\u2011Walnut\u2011Holzgeh\u00e4use und gefr\u00e4ster Aluminium\u2011Topplatte f\u00fcgt sich perfekt in die Ruark\u2011Produktlinie ein, w\u00e4hrend die pr\u00e4zise gefertigte Konstruktion Vibrationen minimiert und so die musikalische Performance weiter verbessert. Energieversorgung durch Netzbetrieb.<\/p>\n","protected":false},"featured_media":5559,"template":"","meta":[],"pwb-brand":[112],"product_brand":[],"product_cat":[94,32],"product_tag":[],"class_list":{"0":"post-5560","1":"product","2":"type-product","3":"status-publish","4":"has-post-thumbnail","6":"pwb-brand-ruark-audio-klangqualitaet-trifft-auf-einfache-bedienung","7":"product_cat-neu","8":"product_cat-hifi","10":"first","11":"outofstock","12":"shipping-taxable","13":"purchasable","14":"product-type-simple"},"jetpack_sharing_enabled":true,"brands":[{"id":112,"name":"Ruark","slug":"ruark-audio-klangqualitaet-trifft-auf-einfache-bedienung"}],"_links":{"self":[{"href":"https:\/\/www.hofmann-rtv.ch\/index.php?rest_route=\/wp\/v2\/product\/5560","targetHints":{"allow":["GET"]}}],"collection":[{"href":"https:\/\/www.hofmann-rtv.ch\/index.php?rest_route=\/wp\/v2\/product"}],"about":[{"href":"https:\/\/www.hofmann-rtv.ch\/index.php?rest_route=\/wp\/v2\/types\/product"}],"wp:featuredmedia":[{"embeddable":true,"href":"https:\/\/www.hofmann-rtv.ch\/index.php?rest_route=\/wp\/v2\/media\/5559"}],"wp:attachment":[{"href":"https:\/\/www.hofmann-rtv.ch\/index.php?rest_route=%2Fwp%2Fv2%2Fmedia&parent=5560"}],"wp:term":[{"taxonomy":"pwb-brand","embeddable":true,"href":"https:\/\/www.hofmann-rtv.ch\/index.php?rest_route=%2Fwp%2Fv2%2Fpwb-brand&post=5560"},{"taxonomy":"product_brand","embeddable":true,"href":"https:\/\/www.hofmann-rtv.ch\/index.php?rest_route=%2Fwp%2Fv2%2Fproduct_brand&post=5560"},{"taxonomy":"product_cat","embeddable":true,"href":"https:\/\/www.hofmann-rtv.ch\/index.php?rest_route=%2Fwp%2Fv2%2Fproduct_cat&post=5560"},{"taxonomy":"product_tag","embeddable":true,"href":"https:\/\/www.hofmann-rtv.ch\/index.php?rest_route=%2Fwp%2Fv2%2Fproduct_tag&post=5560"}],"curies":[{"name":"wp","href":"https:\/\/api.w.org\/{rel}","templated":true}]}}