{"id":5562,"date":"2026-04-16T14:59:45","date_gmt":"2026-04-16T12:59:45","guid":{"rendered":"https:\/\/www.hofmann-rtv.ch\/?product=musikkonsole-r610"},"modified":"2026-04-16T15:01:02","modified_gmt":"2026-04-16T13:01:02","slug":"musikkonsole-r610","status":"publish","type":"product","link":"https:\/\/www.hofmann-rtv.ch\/?product=musikkonsole-r610","title":{"rendered":"Musikkonsole R610"},"content":{"rendered":"","protected":false},"excerpt":{"rendered":"<p>Die Stereo-Musikzentren der 1970er Jahre haben die HiFi-Revolution eingeleitet und unsere neue R610-Musikkonsole bringt dieses \u00e4usserst beliebte Konzept zur\u00fcck und auf den neuesten Stand. Mit umfassenden Verbindungs- und Streaming-Funktionen wurde R610 f\u00fcr den Klang entwickelt und gefertigt, um den Menschen wieder Freude an der Musik zu bereiten. Die R610 Music Console bietet eine \u00c4sthetik, die man bei Hi-Fi-Komponenten selten findet, und diese Liebe zum Detail findet sich auch im Inneren wieder. Die Stromversorgung der R610 erfolgt \u00fcber ein modernes Schaltnetzteil, das optimierte Stromleitungen f\u00fcr die Hauptplatine des Systems und die digitalen Verst\u00e4rker der neuesten Generation bereitstellt. Mit durchgehend verwendeten Burr-Brown-DACs und Audiokomponenten in Audioqualit\u00e4t und einer Nennleistung von 75 Watt pro Kanal ist die R610 kontrolliert und dynamisch \u2013 aber am wichtigsten ist, dass sie einen wunderbar nat\u00fcrlichen Klang liefert, der Musik zu einem echten Vergn\u00fcgen macht.<\/p>\n<p>&#8211; Apple AirPlay und Google Cast<br \/>\n&#8211; Spotify Connect und TIDAL Connect integriert<br \/>\n&#8211; Apple Music, BBC Sounds, Deezer, Qobuz und mehr<br \/>\n&#8211; Unterst\u00fctzung f\u00fcr hochaufl\u00f6sende Musikdateien bis zu 32 Bit und 384 kHz<br \/>\n&#8211; Internet\/DAB\/DAB+ und FM-Tuner<br \/>\n&#8211; HDMI ARC\/eARC-Verbindung<br \/>\n&#8211; Energieversorgung durch Netzbetrieb<\/p>\n<p>Hinweise:<br \/>\nAudio:<br \/>\n&#8211; Verst\u00e4rker: 2 \u00d7 75 W pro Kanal, Klasse D<br \/>\n&#8211; Frequenzgang: 22Hz-22kHz +0\/-3dB<br \/>\n&#8211; Verbesserungen: Stereo+, B\u00e4sse, H\u00f6hen, Lautst\u00e4rke<br \/>\n&#8211; DAC: Bis zu 32-Bit\/384 kHz Aufl\u00f6sung<\/p>\n<p>Merkmale:<br \/>\n&#8211; Anzeige: Kontrastreiches 5-Zoll-Farb-TFT<br \/>\n&#8211; Auto-Standby: Automatischer Stromsparmodus<br \/>\n&#8211; Einstellbare Eingangspegel: Line-In, Phono-In, optisch und HDMI<br \/>\n&#8211; USB-Ladeanschluss: USB-C 5 V 1 A (5 W)<br \/>\n&#8211; Software-Updates: Over-the-Air und USB<br \/>\n&#8211; Regler: Ruark RotoDial-Steuerungssystem<br \/>\n&#8211; Fernbedienung: Wiederaufladbare Ruark RotoDial Bluetooth-Fernbedienung<br \/>\n&#8211; Voreinstellungen: 20 globale Voreinstellungen<br \/>\n&#8211; App-Steuerung: \u00dcber Spotify, BBC Sounds und mehr<br \/>\n&#8211; Sprachen der Benutzeroberfl\u00e4che: Mehrsprachig<\/p>\n<p>Konnektivit\u00e4t:<br \/>\n&#8211; Radio: Internetradio, DAB\/DAB+ und FM mit RDS (87,5&#8211;108 MHz)<br \/>\n&#8211; Multiroom-f\u00e4hig: \u00dcber Apple AirPlay und Google Cast<br \/>\n&#8211; W-LAN: 802.11 a\/b\/g\/n\/ac\/ax, WPS2, WEP, WPA, WPA2<br \/>\n&#8211; Streaming: Apple AirPlay und Google Cast<br \/>\n&#8211; Integrierte Musikdienste: Spotify Connect und TIDAL Connect<br \/>\n&#8211; Unterst\u00fctzte Musikdienste: Amazon Music, BBC Sounds, Deezer, Qobuz und mehr<br \/>\n&#8211; Bluetooth: 5.1, aptX HD, SBC, AAC, BLE, A2DP<br \/>\n&#8211; Ethernet: RJ45-Anschluss 10\/100 Mbit\/s<br \/>\n&#8211; DLNA: UPnP\u2122 DLNA-Medienserver-kompatibel<br \/>\n&#8211; CD-Unterst\u00fctzung: CD-Wiedergabe \u00fcber externes USB-CD-Laufwerk (optional)<br \/>\n&#8211; HDMI: ARC und eARC<br \/>\n&#8211; Line-Eingang: Stereo-Cinch-Eingang (bis zu 2,3 Vrms)<br \/>\n&#8211; Plattenspieler-Eingang: Stereo-Cinch-Eingang mit RIAA-MM-Phono-Verst\u00e4rkungsstufe (bis zu 8 mV)<br \/>\n&#8211; Line-Ausgang: W\u00e4hlbarer Line-Out\/Pre-Out \u00fcber Stereo-Cinch-Anschl\u00fcsse<br \/>\n&#8211; Subwoofer-Ausgang: Lautst\u00e4rkeabh\u00e4ngiger Vollfrequenz-Mono-Cinch-Anschluss<br \/>\n&#8211; Optischer Eingang: TOSLINK-Digitaleingang bis zu 24 Bit 192 kHz<br \/>\n&#8211; USB-C: Wiedergabeanschluss<br \/>\n&#8211; Antennenanschluss: 75\u03a9 F-Typ<\/p>\n<p>Unterst\u00fctzte Audioformate:<br \/>\n&#8211; FLAC, AIFF, ALAC und WAV: bis zu 32-bit 384kHz<br \/>\n&#8211; MP3: bis zu 48kHz 320kbps<br \/>\n&#8211; AAC\/AAC-LC\/HE-AAC\/HE-AAC v2: bis zu 96 kHz 320 kbps<\/p>\n<p>Allgemeine Spezifikationen:<br \/>\n&#8211; Standardausf\u00fchrungen: Furnier aus geschmolzenem Walnussholz oder Lack in Satin Anthrazit<\/p>\n<p>Produktabmessungen:<br \/>\n&#8211; H95 \u00d7 B300 \u00d7 T280 mm (Schrank)<br \/>\n&#8211; H107 \u00d7 B300 \u00d7 T280 mm (mit Rotodial-Bedienelementen)<br \/>\n&#8211; Produktgewicht: 4,1 kg<br \/>\n&#8211; Leistungsaufnahme des Produkts: 90 &#8212; 240 V Wechselstrom, 50 &#8212; 60 Hz, 2,5 A<br \/>\n&#8211; Stromverbrauch: 2,0 W Netzwerk-Standby, 8,0 W Leerlauf<\/p>\n","protected":false},"featured_media":5561,"template":"","meta":[],"pwb-brand":[112],"product_brand":[],"product_cat":[94,32],"product_tag":[],"class_list":{"0":"post-5562","1":"product","2":"type-product","3":"status-publish","4":"has-post-thumbnail","6":"pwb-brand-ruark-audio-klangqualitaet-trifft-auf-einfache-bedienung","7":"product_cat-neu","8":"product_cat-hifi","10":"first","11":"outofstock","12":"shipping-taxable","13":"purchasable","14":"product-type-simple"},"jetpack_sharing_enabled":true,"brands":[{"id":112,"name":"Ruark","slug":"ruark-audio-klangqualitaet-trifft-auf-einfache-bedienung"}],"_links":{"self":[{"href":"https:\/\/www.hofmann-rtv.ch\/index.php?rest_route=\/wp\/v2\/product\/5562","targetHints":{"allow":["GET"]}}],"collection":[{"href":"https:\/\/www.hofmann-rtv.ch\/index.php?rest_route=\/wp\/v2\/product"}],"about":[{"href":"https:\/\/www.hofmann-rtv.ch\/index.php?rest_route=\/wp\/v2\/types\/product"}],"wp:featuredmedia":[{"embeddable":true,"href":"https:\/\/www.hofmann-rtv.ch\/index.php?rest_route=\/wp\/v2\/media\/5561"}],"wp:attachment":[{"href":"https:\/\/www.hofmann-rtv.ch\/index.php?rest_route=%2Fwp%2Fv2%2Fmedia&parent=5562"}],"wp:term":[{"taxonomy":"pwb-brand","embeddable":true,"href":"https:\/\/www.hofmann-rtv.ch\/index.php?rest_route=%2Fwp%2Fv2%2Fpwb-brand&post=5562"},{"taxonomy":"product_brand","embeddable":true,"href":"https:\/\/www.hofmann-rtv.ch\/index.php?rest_route=%2Fwp%2Fv2%2Fproduct_brand&post=5562"},{"taxonomy":"product_cat","embeddable":true,"href":"https:\/\/www.hofmann-rtv.ch\/index.php?rest_route=%2Fwp%2Fv2%2Fproduct_cat&post=5562"},{"taxonomy":"product_tag","embeddable":true,"href":"https:\/\/www.hofmann-rtv.ch\/index.php?rest_route=%2Fwp%2Fv2%2Fproduct_tag&post=5562"}],"curies":[{"name":"wp","href":"https:\/\/api.w.org\/{rel}","templated":true}]}}