{"id":5564,"date":"2026-04-16T14:59:45","date_gmt":"2026-04-16T12:59:45","guid":{"rendered":"https:\/\/www.hofmann-rtv.ch\/?product=musikanlage-r810"},"modified":"2026-04-16T15:01:02","modified_gmt":"2026-04-16T13:01:02","slug":"musikanlage-r810","status":"publish","type":"product","link":"https:\/\/www.hofmann-rtv.ch\/?product=musikanlage-r810","title":{"rendered":"Musikanlage R810"},"content":{"rendered":"","protected":false},"excerpt":{"rendered":"<p>Nicht alle Instrumente sind gleich und die besten werden von Handwerkern gefertigt, die die Bedeutung von Materialien und Techniken bei der Herstellung von Instrumenten verstehen, die sch\u00f6n zu spielen und anzuh\u00f6ren sind. Der Genuss von Musik ist eine der gr\u00f6ssten Freuden des Lebens und wie die besten Instrumente wurde das R810 entwickelt und gefertigt, um einen atemberaubenden Klang zu liefern, der Sie der Musik, die Sie lieben, noch n\u00e4her bringt. Das Ger\u00e4t unterst\u00fctzt Spotify Connect, Tidal Connect und Qobuz sowie Apple AirPlay 2 und Google Chromecast. Es bietet Internetradio mit \u00fcber 50.000 Stationen, DAB+ und UKW-Radio sowie HD-Bluetooth mit aptX HD f\u00fcr Streaming in CD-Qualit\u00e4t. Hochaufl\u00f6sende Musikdateien bis 32-Bit\/384kHz werden unterst\u00fctzt. Ein 4&#8220; TFT-Farbdisplay und ein Equalizer erm\u00f6glichen Feineinstellungen. Es verf\u00fcgt \u00fcber HDMI mit ARC\/eARC, optischen Digitaleingang, USB-C, Phono-Line-In, Chinch-Line-In, LAN und WLAN. Ausgestattet ist es mit hochwertigen Hocht\u00f6nern, Mittelt\u00f6nern und einem Long-Throw-Subwoofer von Ruark Audio.<\/p>\n","protected":false},"featured_media":5563,"template":"","meta":[],"pwb-brand":[112],"product_brand":[],"product_cat":[94,32],"product_tag":[],"class_list":{"0":"post-5564","1":"product","2":"type-product","3":"status-publish","4":"has-post-thumbnail","6":"pwb-brand-ruark-audio-klangqualitaet-trifft-auf-einfache-bedienung","7":"product_cat-neu","8":"product_cat-hifi","10":"first","11":"outofstock","12":"shipping-taxable","13":"purchasable","14":"product-type-simple"},"jetpack_sharing_enabled":true,"brands":[{"id":112,"name":"Ruark","slug":"ruark-audio-klangqualitaet-trifft-auf-einfache-bedienung"}],"_links":{"self":[{"href":"https:\/\/www.hofmann-rtv.ch\/index.php?rest_route=\/wp\/v2\/product\/5564","targetHints":{"allow":["GET"]}}],"collection":[{"href":"https:\/\/www.hofmann-rtv.ch\/index.php?rest_route=\/wp\/v2\/product"}],"about":[{"href":"https:\/\/www.hofmann-rtv.ch\/index.php?rest_route=\/wp\/v2\/types\/product"}],"wp:featuredmedia":[{"embeddable":true,"href":"https:\/\/www.hofmann-rtv.ch\/index.php?rest_route=\/wp\/v2\/media\/5563"}],"wp:attachment":[{"href":"https:\/\/www.hofmann-rtv.ch\/index.php?rest_route=%2Fwp%2Fv2%2Fmedia&parent=5564"}],"wp:term":[{"taxonomy":"pwb-brand","embeddable":true,"href":"https:\/\/www.hofmann-rtv.ch\/index.php?rest_route=%2Fwp%2Fv2%2Fpwb-brand&post=5564"},{"taxonomy":"product_brand","embeddable":true,"href":"https:\/\/www.hofmann-rtv.ch\/index.php?rest_route=%2Fwp%2Fv2%2Fproduct_brand&post=5564"},{"taxonomy":"product_cat","embeddable":true,"href":"https:\/\/www.hofmann-rtv.ch\/index.php?rest_route=%2Fwp%2Fv2%2Fproduct_cat&post=5564"},{"taxonomy":"product_tag","embeddable":true,"href":"https:\/\/www.hofmann-rtv.ch\/index.php?rest_route=%2Fwp%2Fv2%2Fproduct_tag&post=5564"}],"curies":[{"name":"wp","href":"https:\/\/api.w.org\/{rel}","templated":true}]}}