{"id":5566,"date":"2026-04-16T14:59:46","date_gmt":"2026-04-16T12:59:46","guid":{"rendered":"https:\/\/www.hofmann-rtv.ch\/?product=musikkonsole-r610-2"},"modified":"2026-04-16T15:01:02","modified_gmt":"2026-04-16T13:01:02","slug":"musikkonsole-r610-2","status":"publish","type":"product","link":"https:\/\/www.hofmann-rtv.ch\/?product=musikkonsole-r610-2","title":{"rendered":"Musikkonsole R610"},"content":{"rendered":"","protected":false},"excerpt":{"rendered":"<p>Die Ruark Audio R610 Musikkonsole bringt das beliebte Konzept der Stereo-Musikzentren der 1970er Jahre auf den neuesten Stand. Sie bietet umfassende Verbindungs- und Streaming-Funktionen und wurde f\u00fcr einen hervorragenden Klang entwickelt, um die Freude an der Musik wiederzubeleben. Die R610 zeichnet sich durch eine \u00c4sthetik aus, die bei Hi-Fi-Komponenten selten zu finden ist, und diese Liebe zum Detail setzt sich im Inneren fort. Die Stromversorgung erfolgt \u00fcber ein modernes Schaltnetzteil, das optimierte Stromleitungen f\u00fcr die Hauptplatine des Systems und digitale Verst\u00e4rker der neuesten Generation bereitstellt. Mit durchgehend verwendeten Burr-Brown-DACs und Audiokomponenten in Audioqualit\u00e4t sowie einer Nennleistung von 75 Watt pro Kanal liefert die R610 einen kontrollierten, dynamischen und wunderbar nat\u00fcrlichen Klang.<\/p>\n<p>**Merkmale:**<br \/>\n* Apple AirPlay und Google Cast<br \/>\n* Spotify Connect und TIDAL Connect integriert<br \/>\n* Unterst\u00fctzung f\u00fcr Apple Music, BBC Sounds, Deezer, Qobuz und mehr<br \/>\n* Unterst\u00fctzung f\u00fcr hochaufl\u00f6sende Musikdateien bis zu 32 Bit und 384 kHz<br \/>\n* Internet\/DAB\/DAB+ und FM-Tuner<br \/>\n* HDMI ARC\/eARC-Verbindung<br \/>\n* Energieversorgung durch Netzbetrieb<br \/>\n* Kontrastreiches 5-Zoll-Farb-TFT-Display<br \/>\n* Automatischer Stromsparmodus (Auto-Standby)<br \/>\n* Einstellbare Eingangspegel f\u00fcr Line-In, Phono-In, optisch und HDMI<br \/>\n* USB-Ladeanschluss: USB-C 5 V 1 A (5 W)<br \/>\n* Software-Updates: Over-the-Air und USB<br \/>\n* Ruark RotoDial-Steuerungssystem<br \/>\n* Wiederaufladbare Ruark RotoDial Bluetooth-Fernbedienung<br \/>\n* 20 globale Voreinstellungen<br \/>\n* App-Steuerung \u00fcber Spotify, BBC Sounds und mehr<br \/>\n* Mehrsprachige Benutzeroberfl\u00e4che<\/p>\n<p>**Konnektivit\u00e4t:**<br \/>\n* Radio: Internetradio, DAB\/DAB+ und FM mit RDS (87,5\u2013108 MHz)<br \/>\n* Multiroom-f\u00e4hig: \u00dcber Apple AirPlay und Google Cast<br \/>\n* WLAN: 802.11 a\/b\/g\/n\/ac\/ax, WPS2, WEP, WPA, WPA2<br \/>\n* Streaming: Apple AirPlay und Google Cast<br \/>\n* Integrierte Musikdienste: Spotify Connect und TIDAL Connect<br \/>\n* Unterst\u00fctzte Musikdienste: Amazon Music, BBC Sounds, Deezer, Qobuz und mehr<br \/>\n* Bluetooth: 5.1, aptX HD, SBC, AAC, BLE, A2DP<br \/>\n* Ethernet: RJ45-Anschluss 10\/100 Mbit\/s<br \/>\n* DLNA: UPnP\u2122 DLNA-Medienserver-kompatibel<br \/>\n* CD-Unterst\u00fctzung: CD-Wiedergabe \u00fcber externes USB-CD-Laufwerk (optional)<br \/>\n* HDMI: ARC und eARC<br \/>\n* Line-Eingang: Stereo-Cinch-Eingang (bis zu 2,3 Vrms)<br \/>\n* Plattenspieler-Eingang: Stereo-Cinch-Eingang mit RIAA-MM-Phono-Verst\u00e4rkungsstufe (bis zu 8 mV)<br \/>\n* Line-Ausgang: W\u00e4hlbarer Line-Out\/Pre-Out \u00fcber Stereo-Cinch-Anschl\u00fcsse<br \/>\n* Subwoofer-Ausgang: Lautst\u00e4rkeabh\u00e4ngiger Vollfrequenz-Mono-Cinch-Anschluss<br \/>\n* Optischer Eingang: TOSLINK-Digitaleingang bis zu 24 Bit 192 kHz<br \/>\n* USB-C: Wiedergabeanschluss<br \/>\n* Antennenanschluss: 75\u03a9 F-Typ<\/p>\n<p>**Unterst\u00fctzte Audioformate:**<br \/>\n* FLAC, AIFF, ALAC und WAV: bis zu 32-bit 384kHz<br \/>\n* MP3: bis zu 48kHz 320kbps<br \/>\n* AAC\/AAC-LC\/HE-AAC\/HE-AAC v2: bis zu 96 kHz 320 kbps<\/p>\n<p>**Allgemeine Spezifikationen:**<br \/>\n* Standardausf\u00fchrungen: Furnier aus geschmolzenem Walnussholz oder Lack in Satin Anthrazit<br \/>\n* Produktabmessungen (Schrank): H95 \u00d7 B300 \u00d7 T280 mm<br \/>\n* Produktabmessungen (mit Rotodial-Bedienelementen): H107 \u00d7 B300 \u00d7 T280 mm<br \/>\n* Produktgewicht: 4,1 kg<br \/>\n* Leistungsaufnahme: 90 \u2013 240 V Wechselstrom, 50 \u2013 60 Hz, 2,5 A<br \/>\n* Stromverbrauch: 2,0 W Netzwerk-Standby, 8,0 W Leerlauf<\/p>\n","protected":false},"featured_media":5565,"template":"","meta":[],"pwb-brand":[112],"product_brand":[],"product_cat":[94,32],"product_tag":[],"class_list":{"0":"post-5566","1":"product","2":"type-product","3":"status-publish","4":"has-post-thumbnail","6":"pwb-brand-ruark-audio-klangqualitaet-trifft-auf-einfache-bedienung","7":"product_cat-neu","8":"product_cat-hifi","10":"first","11":"outofstock","12":"shipping-taxable","13":"purchasable","14":"product-type-simple"},"jetpack_sharing_enabled":true,"brands":[{"id":112,"name":"Ruark","slug":"ruark-audio-klangqualitaet-trifft-auf-einfache-bedienung"}],"_links":{"self":[{"href":"https:\/\/www.hofmann-rtv.ch\/index.php?rest_route=\/wp\/v2\/product\/5566","targetHints":{"allow":["GET"]}}],"collection":[{"href":"https:\/\/www.hofmann-rtv.ch\/index.php?rest_route=\/wp\/v2\/product"}],"about":[{"href":"https:\/\/www.hofmann-rtv.ch\/index.php?rest_route=\/wp\/v2\/types\/product"}],"wp:featuredmedia":[{"embeddable":true,"href":"https:\/\/www.hofmann-rtv.ch\/index.php?rest_route=\/wp\/v2\/media\/5565"}],"wp:attachment":[{"href":"https:\/\/www.hofmann-rtv.ch\/index.php?rest_route=%2Fwp%2Fv2%2Fmedia&parent=5566"}],"wp:term":[{"taxonomy":"pwb-brand","embeddable":true,"href":"https:\/\/www.hofmann-rtv.ch\/index.php?rest_route=%2Fwp%2Fv2%2Fpwb-brand&post=5566"},{"taxonomy":"product_brand","embeddable":true,"href":"https:\/\/www.hofmann-rtv.ch\/index.php?rest_route=%2Fwp%2Fv2%2Fproduct_brand&post=5566"},{"taxonomy":"product_cat","embeddable":true,"href":"https:\/\/www.hofmann-rtv.ch\/index.php?rest_route=%2Fwp%2Fv2%2Fproduct_cat&post=5566"},{"taxonomy":"product_tag","embeddable":true,"href":"https:\/\/www.hofmann-rtv.ch\/index.php?rest_route=%2Fwp%2Fv2%2Fproduct_tag&post=5566"}],"curies":[{"name":"wp","href":"https:\/\/api.w.org\/{rel}","templated":true}]}}