{"id":5570,"date":"2026-04-16T14:59:47","date_gmt":"2026-04-16T12:59:47","guid":{"rendered":"https:\/\/www.hofmann-rtv.ch\/?product=radio-r2-mk4"},"modified":"2026-04-16T15:01:02","modified_gmt":"2026-04-16T13:01:02","slug":"radio-r2-mk4","status":"publish","type":"product","link":"https:\/\/www.hofmann-rtv.ch\/?product=radio-r2-mk4","title":{"rendered":"Radio R2 MK4"},"content":{"rendered":"","protected":false},"excerpt":{"rendered":"<p>Der neue R2 bringt eines der am l\u00e4ngsten etablierten Modelle auf den neuesten Stand und beh\u00e4lt gleichzeitig die wichtigsten Funktionen bei, die den R2 seit seiner Einf\u00fchrung im Jahr 2007 zu einem so beliebten Musiksystem gemacht haben. Der auff\u00e4lligste Unterschied zu seinen Vorg\u00e4ngern ist die schlankere Stellfl\u00e4che. Dank der eleganten neuen Proportionen l\u00e4sst sich der R2 fast \u00fcberall im Haus platzieren und eignet sich perfekt f\u00fcr die Fensterbank oder das B\u00fccherregal.<\/p>\n<p>Erstklassiges Audio mit verbessertem Stereoklang<br \/>\nUmfassendes WLAN-Streaming<br \/>\nSpotify Connect und Unterst\u00fctzung f\u00fcr Deezer und Amazon Music<br \/>\nBluetooth 5-Empf\u00e4nger der neuesten Generation<br \/>\nSmartRadio-Tuner mit Internetradio \/DAB\/DAB+\/FM<br \/>\nUSB-C-Wiedergabe-\/Ladeanschluss<br \/>\nAusstattung: mit integriertem Bluetooth, USB-Anschluss<br \/>\nEnergieversorgung durch Netzbetrieb<\/p>\n","protected":false},"featured_media":5569,"template":"","meta":[],"pwb-brand":[112],"product_brand":[],"product_cat":[94,32],"product_tag":[],"class_list":{"0":"post-5570","1":"product","2":"type-product","3":"status-publish","4":"has-post-thumbnail","6":"pwb-brand-ruark-audio-klangqualitaet-trifft-auf-einfache-bedienung","7":"product_cat-neu","8":"product_cat-hifi","10":"first","11":"outofstock","12":"shipping-taxable","13":"purchasable","14":"product-type-simple"},"jetpack_sharing_enabled":true,"brands":[{"id":112,"name":"Ruark","slug":"ruark-audio-klangqualitaet-trifft-auf-einfache-bedienung"}],"_links":{"self":[{"href":"https:\/\/www.hofmann-rtv.ch\/index.php?rest_route=\/wp\/v2\/product\/5570","targetHints":{"allow":["GET"]}}],"collection":[{"href":"https:\/\/www.hofmann-rtv.ch\/index.php?rest_route=\/wp\/v2\/product"}],"about":[{"href":"https:\/\/www.hofmann-rtv.ch\/index.php?rest_route=\/wp\/v2\/types\/product"}],"wp:featuredmedia":[{"embeddable":true,"href":"https:\/\/www.hofmann-rtv.ch\/index.php?rest_route=\/wp\/v2\/media\/5569"}],"wp:attachment":[{"href":"https:\/\/www.hofmann-rtv.ch\/index.php?rest_route=%2Fwp%2Fv2%2Fmedia&parent=5570"}],"wp:term":[{"taxonomy":"pwb-brand","embeddable":true,"href":"https:\/\/www.hofmann-rtv.ch\/index.php?rest_route=%2Fwp%2Fv2%2Fpwb-brand&post=5570"},{"taxonomy":"product_brand","embeddable":true,"href":"https:\/\/www.hofmann-rtv.ch\/index.php?rest_route=%2Fwp%2Fv2%2Fproduct_brand&post=5570"},{"taxonomy":"product_cat","embeddable":true,"href":"https:\/\/www.hofmann-rtv.ch\/index.php?rest_route=%2Fwp%2Fv2%2Fproduct_cat&post=5570"},{"taxonomy":"product_tag","embeddable":true,"href":"https:\/\/www.hofmann-rtv.ch\/index.php?rest_route=%2Fwp%2Fv2%2Fproduct_tag&post=5570"}],"curies":[{"name":"wp","href":"https:\/\/api.w.org\/{rel}","templated":true}]}}