{"id":5574,"date":"2026-04-16T14:59:49","date_gmt":"2026-04-16T12:59:49","guid":{"rendered":"https:\/\/www.hofmann-rtv.ch\/?product=radio-r1-mk4"},"modified":"2026-04-16T15:01:02","modified_gmt":"2026-04-16T13:01:02","slug":"radio-r1-mk4","status":"publish","type":"product","link":"https:\/\/www.hofmann-rtv.ch\/?product=radio-r1-mk4","title":{"rendered":"Radio R1 MK4"},"content":{"rendered":"","protected":false},"excerpt":{"rendered":"<p>RUARK&#8217;s neuer R1 ist ideal f\u00fcr die K\u00fcche, perfekt im B\u00fcro und einfach wunderbar zum Aufwachen im Schlafzimmer. Er bringt Stil in jeden Raum und mit einem integrierten Bluetooth-Empf\u00e4nger k\u00f6nnen Sie drahtlos von Ihrem Telefon oder Computer auf R1 streamen. Vor allem, wenn Sie Musik lieben werden Sie das R1 Mk4 als Offenbarung empfinden.<\/p>\n<p>MODERNES, ZEITLOSES DESIGN<br \/>\nDie Weiterentwicklung im Design sowie auch in der Leistung zeugt von der fortschrittlicher \u00dcberarbeitung des Originals. Durch die akustische Behandlung ist das Geh\u00e4use robust und akustisch inert und bietet das ideale Geh\u00e4use f\u00fcr unsere Elektronik und den NS + -Treiber.<br \/>\nEin wundersch\u00f6nes handgefertigtes Lattenrost aus Holz wird das Design noch weiter verbessern. Dies bringt zus\u00e4tzliche Raffinesse und schafft eine zeitlose Eames-artige Atmosph\u00e4re, aber insgesamt ist das Design immer noch einzigartig und eindeutig Ruark.<\/p>\n<p>NEUER KLANG-STANDARD<br \/>\nInsbesondere der neueste Neodym-NS + -Treiber, wie er in RURAK&#8217;s R3- und R5-Modellen verwendet wird, bietet einen gleichm\u00e4ssigen und erweiterten Frequenzgang und im abgestimmten Geh\u00e4use des R1 Mk4 eine beeindruckende Bassleistung.<br \/>\nDas System wird von einem druckvollen Klasse-A \/ B-Linearverst\u00e4rker f\u00fcr aussergew\u00f6hnliche Dynamik angetrieben. Mit adaptiver Entzerrung wird bei allen Lautst\u00e4rkepegeln ein hervorragend h\u00f6rbarer Klang erzielt.<\/p>\n<p>FUNKTIONEN &#038; DETAILS<br \/>\n&#8211; DAB+ \/ UKW Digitalradio mit Bluetooth<br \/>\n&#8211; OLED Display mit Lichtsensor (Gross, kontrastreich, sehr gut lesbar)<br \/>\n&#8211; Inklusive Fernbedienung mit 4 Senderspeichern (Swiss Edition)<br \/>\n&#8211; Patentiertes intuitives Bedienrad &#8222;Roto Dial&#8220;<br \/>\n&#8211; USB-C Anschluss f\u00fcr Wiedergabe und Ladefunktion<br \/>\n&#8211; 2 Einfach bedienbare Alarme (mit vielen Einstellungsm\u00f6glichkeiten)<br \/>\n&#8211; Sleeptimer<br \/>\n&#8211; 1 x Kopfh\u00f6rerausgang (stereo)<br \/>\n&#8211; 20 Stationsspeicher (10 DAB+ \/ 10 UKW)<br \/>\n&#8211; Equalizer zum individuellen ver\u00e4ndern der H\u00f6hen und B\u00e4sse<br \/>\n&#8211; 1 x Line In: 3.5mm Eingang f\u00fcr z.B. Smartphone\/MP3\/CD<br \/>\n&#8211; 1 x 3.5&#8243; (9cm) Spezialangefertigter High-Fidelity Lautsprecher<br \/>\n&#8211; Stromverbrauch: 0,7 W Standby-Leistung; Normalbetrieb: ca 4-8W<br \/>\n&#8211; Automatischer Standby nach 20 Minuten.<br \/>\n&#8211; Weitere Informationen finden Sie in der Bedienungsanleitung<br \/>\n&#8211; Handgefertigter Frontgrill aus Holz<br \/>\n&#8211; Gewicht: 1,5 kg<br \/>\nEnergieversorgung durch Netzbetrieb<br \/>\nAnzahl Speicherpl\u00e4tze: 20<\/p>\n","protected":false},"featured_media":5573,"template":"","meta":[],"pwb-brand":[112],"product_brand":[],"product_cat":[94,32],"product_tag":[],"class_list":{"0":"post-5574","1":"product","2":"type-product","3":"status-publish","4":"has-post-thumbnail","6":"pwb-brand-ruark-audio-klangqualitaet-trifft-auf-einfache-bedienung","7":"product_cat-neu","8":"product_cat-hifi","10":"first","11":"outofstock","12":"shipping-taxable","13":"purchasable","14":"product-type-simple"},"jetpack_sharing_enabled":true,"brands":[{"id":112,"name":"Ruark","slug":"ruark-audio-klangqualitaet-trifft-auf-einfache-bedienung"}],"_links":{"self":[{"href":"https:\/\/www.hofmann-rtv.ch\/index.php?rest_route=\/wp\/v2\/product\/5574","targetHints":{"allow":["GET"]}}],"collection":[{"href":"https:\/\/www.hofmann-rtv.ch\/index.php?rest_route=\/wp\/v2\/product"}],"about":[{"href":"https:\/\/www.hofmann-rtv.ch\/index.php?rest_route=\/wp\/v2\/types\/product"}],"wp:featuredmedia":[{"embeddable":true,"href":"https:\/\/www.hofmann-rtv.ch\/index.php?rest_route=\/wp\/v2\/media\/5573"}],"wp:attachment":[{"href":"https:\/\/www.hofmann-rtv.ch\/index.php?rest_route=%2Fwp%2Fv2%2Fmedia&parent=5574"}],"wp:term":[{"taxonomy":"pwb-brand","embeddable":true,"href":"https:\/\/www.hofmann-rtv.ch\/index.php?rest_route=%2Fwp%2Fv2%2Fpwb-brand&post=5574"},{"taxonomy":"product_brand","embeddable":true,"href":"https:\/\/www.hofmann-rtv.ch\/index.php?rest_route=%2Fwp%2Fv2%2Fproduct_brand&post=5574"},{"taxonomy":"product_cat","embeddable":true,"href":"https:\/\/www.hofmann-rtv.ch\/index.php?rest_route=%2Fwp%2Fv2%2Fproduct_cat&post=5574"},{"taxonomy":"product_tag","embeddable":true,"href":"https:\/\/www.hofmann-rtv.ch\/index.php?rest_route=%2Fwp%2Fv2%2Fproduct_tag&post=5574"}],"curies":[{"name":"wp","href":"https:\/\/api.w.org\/{rel}","templated":true}]}}