{"id":5607,"date":"2026-04-16T15:35:55","date_gmt":"2026-04-16T13:35:55","guid":{"rendered":"https:\/\/www.hofmann-rtv.ch\/?product=piega-ace-30"},"modified":"2026-04-16T15:37:03","modified_gmt":"2026-04-16T13:37:03","slug":"piega-ace-30","status":"publish","type":"product","link":"https:\/\/www.hofmann-rtv.ch\/?product=piega-ace-30","title":{"rendered":"Piega Ace 30"},"content":{"rendered":"","protected":false},"excerpt":{"rendered":"<p>Die Ace 30 ist trotz ihrer kleinen Gr\u00f6sse ein wahres Kraftpaket. Sie besticht durch einen vollen, klaren Klang sowie eine beeindruckend konzentrierte Spielfreude. F\u00fcr grosse R\u00e4ume und h\u00f6here Pegel l\u00e4sst sich der Lautsprecher perfekt mit einem PIEGA Subwoofer kombinieren.<\/p>\n<p>Hoch-Mittelton<br \/>\nDer bew\u00e4hrte AMT-1 Hocht\u00f6ner und der 120 mm grosse, \u00fcberarbeitete MDS-Tiefmittelt\u00f6ner f\u00fchren zu einem beeindruckend klaren Klang.<\/p>\n<p>Design<br \/>\nDie charakteristische und neu \u00fcberarbeitete ovale Form stammt aus der Feder des Schweizer Designers Stephan H\u00fcrlemann.<\/p>\n<p>Klangvoll<br \/>\nDie Ace 30 harmonisiert perfekt mit feinsinnigem Jazz oder Klassik und scheut nicht davor zur\u00fcck, Bassattacken aus Pop und Rock rauszuhauen.<\/p>\n","protected":false},"featured_media":5606,"template":"","meta":[],"pwb-brand":[114,99],"product_brand":[95],"product_cat":[94,32],"product_tag":[],"class_list":{"0":"post-5607","1":"product","2":"type-product","3":"status-publish","4":"has-post-thumbnail","6":"pwb-brand-klangformat","7":"pwb-brand-piega","8":"product_brand-piega","9":"product_cat-neu","10":"product_cat-hifi","12":"first","13":"outofstock","14":"shipping-taxable","15":"purchasable","16":"product-type-simple"},"jetpack_sharing_enabled":true,"brands":[{"id":114,"name":"Klangformat","slug":"klangformat"},{"id":99,"name":"Piega","slug":"piega"}],"_links":{"self":[{"href":"https:\/\/www.hofmann-rtv.ch\/index.php?rest_route=\/wp\/v2\/product\/5607","targetHints":{"allow":["GET"]}}],"collection":[{"href":"https:\/\/www.hofmann-rtv.ch\/index.php?rest_route=\/wp\/v2\/product"}],"about":[{"href":"https:\/\/www.hofmann-rtv.ch\/index.php?rest_route=\/wp\/v2\/types\/product"}],"wp:featuredmedia":[{"embeddable":true,"href":"https:\/\/www.hofmann-rtv.ch\/index.php?rest_route=\/wp\/v2\/media\/5606"}],"wp:attachment":[{"href":"https:\/\/www.hofmann-rtv.ch\/index.php?rest_route=%2Fwp%2Fv2%2Fmedia&parent=5607"}],"wp:term":[{"taxonomy":"pwb-brand","embeddable":true,"href":"https:\/\/www.hofmann-rtv.ch\/index.php?rest_route=%2Fwp%2Fv2%2Fpwb-brand&post=5607"},{"taxonomy":"product_brand","embeddable":true,"href":"https:\/\/www.hofmann-rtv.ch\/index.php?rest_route=%2Fwp%2Fv2%2Fproduct_brand&post=5607"},{"taxonomy":"product_cat","embeddable":true,"href":"https:\/\/www.hofmann-rtv.ch\/index.php?rest_route=%2Fwp%2Fv2%2Fproduct_cat&post=5607"},{"taxonomy":"product_tag","embeddable":true,"href":"https:\/\/www.hofmann-rtv.ch\/index.php?rest_route=%2Fwp%2Fv2%2Fproduct_tag&post=5607"}],"curies":[{"name":"wp","href":"https:\/\/api.w.org\/{rel}","templated":true}]}}