{"id":5609,"date":"2026-04-16T15:35:55","date_gmt":"2026-04-16T13:35:55","guid":{"rendered":"https:\/\/www.hofmann-rtv.ch\/?product=piega-ace-50"},"modified":"2026-04-16T15:37:03","modified_gmt":"2026-04-16T13:37:03","slug":"piega-ace-50","status":"publish","type":"product","link":"https:\/\/www.hofmann-rtv.ch\/?product=piega-ace-50","title":{"rendered":"Piega Ace 50"},"content":{"rendered":"","protected":false},"excerpt":{"rendered":"<p>Trotz ihrer dezenten Erscheinung klingt die Ace 50 \u00fcberraschend kr\u00e4ftig. Das optimierte Tiefton-Chassis verleiht dem Lautsprecher eine enorme Schallleistung und l\u00e4sst das Bassfundament voll und trocken klingen. Geeignet f\u00fcr den t\u00e4glichen Musikgenuss in mittelgrossen R\u00e4umen.<\/p>\n<p>Hochton<br \/>\nDer bew\u00e4hrte AMT-1 Hocht\u00f6ner erzeugt ein r\u00e4umliches, freies und mitreissendes Klangbild.<\/p>\n<p>Design<br \/>\nDie charakteristische und neu \u00fcberarbeitete ovale Form stammt aus der Feder des Schweizer Designers Stephan H\u00fcrlemann.<\/p>\n<p>Tief- Mittelton<br \/>\nDie optimierten Tiefton-Chassis geben im Vergleich zu ihren Vorg\u00e4ngern beinahe doppelt so viel Bassleistung ab. Dadurch klingt das Bassfundament voll und trocken.<\/p>\n<p>Bodenplatte<br \/>\nDie runde Bodenplatte garantiert Standfestigkeit und verbindet sich optimal mit dem schlanken Geh\u00e4use.<\/p>\n","protected":false},"featured_media":5608,"template":"","meta":[],"pwb-brand":[114,99],"product_brand":[95],"product_cat":[94,32],"product_tag":[],"class_list":{"0":"post-5609","1":"product","2":"type-product","3":"status-publish","4":"has-post-thumbnail","6":"pwb-brand-klangformat","7":"pwb-brand-piega","8":"product_brand-piega","9":"product_cat-neu","10":"product_cat-hifi","12":"first","13":"outofstock","14":"shipping-taxable","15":"purchasable","16":"product-type-simple"},"jetpack_sharing_enabled":true,"brands":[{"id":114,"name":"Klangformat","slug":"klangformat"},{"id":99,"name":"Piega","slug":"piega"}],"_links":{"self":[{"href":"https:\/\/www.hofmann-rtv.ch\/index.php?rest_route=\/wp\/v2\/product\/5609","targetHints":{"allow":["GET"]}}],"collection":[{"href":"https:\/\/www.hofmann-rtv.ch\/index.php?rest_route=\/wp\/v2\/product"}],"about":[{"href":"https:\/\/www.hofmann-rtv.ch\/index.php?rest_route=\/wp\/v2\/types\/product"}],"wp:featuredmedia":[{"embeddable":true,"href":"https:\/\/www.hofmann-rtv.ch\/index.php?rest_route=\/wp\/v2\/media\/5608"}],"wp:attachment":[{"href":"https:\/\/www.hofmann-rtv.ch\/index.php?rest_route=%2Fwp%2Fv2%2Fmedia&parent=5609"}],"wp:term":[{"taxonomy":"pwb-brand","embeddable":true,"href":"https:\/\/www.hofmann-rtv.ch\/index.php?rest_route=%2Fwp%2Fv2%2Fpwb-brand&post=5609"},{"taxonomy":"product_brand","embeddable":true,"href":"https:\/\/www.hofmann-rtv.ch\/index.php?rest_route=%2Fwp%2Fv2%2Fproduct_brand&post=5609"},{"taxonomy":"product_cat","embeddable":true,"href":"https:\/\/www.hofmann-rtv.ch\/index.php?rest_route=%2Fwp%2Fv2%2Fproduct_cat&post=5609"},{"taxonomy":"product_tag","embeddable":true,"href":"https:\/\/www.hofmann-rtv.ch\/index.php?rest_route=%2Fwp%2Fv2%2Fproduct_tag&post=5609"}],"curies":[{"name":"wp","href":"https:\/\/api.w.org\/{rel}","templated":true}]}}