{"id":5611,"date":"2026-04-16T15:35:56","date_gmt":"2026-04-16T13:35:56","guid":{"rendered":"https:\/\/www.hofmann-rtv.ch\/?product=piega-ace-center"},"modified":"2026-04-16T15:37:03","modified_gmt":"2026-04-16T13:37:03","slug":"piega-ace-center","status":"publish","type":"product","link":"https:\/\/www.hofmann-rtv.ch\/?product=piega-ace-center","title":{"rendered":"Piega Ace Center"},"content":{"rendered":"","protected":false},"excerpt":{"rendered":"<p>Der Ace Center eignet sich hervorragend als klassischer Center Speaker oder als Surround-Lautsprecher f\u00fcr das eigene Heimkino. Die beiden \u00fcberarbeiteten Tiefmittelt\u00f6ner und der AMT-1 B\u00e4ndchenhocht\u00f6ner setzen Dialoge perfekt in Szene und sorgen f\u00fcr eine hervorragende Sprachverst\u00e4ndlichkeit bei jeder Lautst\u00e4rke. Einem klangvollen Filmabend steht somit nichts mehr im Weg.<\/p>\n<p>Hocht\u00f6ner<br \/>\nDie beiden \u00fcberarbeiteten 120 mm grossen MDS Tiefmittelt\u00f6ner und der AMT-1 B\u00e4ndchenhocht\u00f6ner geben Dialoge kristallklar wieder.<\/p>\n<p>Design<br \/>\nDie charakteristische und neu \u00fcberarbeitete ovale Form stammt aus der Feder des Schweizer Designers Stephan H\u00fcrlemann.<\/p>\n<p>Harmoniert<br \/>\nDer Center ist in seiner Optik und Soundqualit\u00e4t auf die Ace 30 und Ace 50 abgestimmt und verst\u00e4rkt in Kombination das harmonische Klangbild.<\/p>\n","protected":false},"featured_media":5610,"template":"","meta":[],"pwb-brand":[114,99],"product_brand":[95],"product_cat":[94,32],"product_tag":[],"class_list":{"0":"post-5611","1":"product","2":"type-product","3":"status-publish","4":"has-post-thumbnail","6":"pwb-brand-klangformat","7":"pwb-brand-piega","8":"product_brand-piega","9":"product_cat-neu","10":"product_cat-hifi","12":"first","13":"outofstock","14":"shipping-taxable","15":"purchasable","16":"product-type-simple"},"jetpack_sharing_enabled":true,"brands":[{"id":114,"name":"Klangformat","slug":"klangformat"},{"id":99,"name":"Piega","slug":"piega"}],"_links":{"self":[{"href":"https:\/\/www.hofmann-rtv.ch\/index.php?rest_route=\/wp\/v2\/product\/5611","targetHints":{"allow":["GET"]}}],"collection":[{"href":"https:\/\/www.hofmann-rtv.ch\/index.php?rest_route=\/wp\/v2\/product"}],"about":[{"href":"https:\/\/www.hofmann-rtv.ch\/index.php?rest_route=\/wp\/v2\/types\/product"}],"wp:featuredmedia":[{"embeddable":true,"href":"https:\/\/www.hofmann-rtv.ch\/index.php?rest_route=\/wp\/v2\/media\/5610"}],"wp:attachment":[{"href":"https:\/\/www.hofmann-rtv.ch\/index.php?rest_route=%2Fwp%2Fv2%2Fmedia&parent=5611"}],"wp:term":[{"taxonomy":"pwb-brand","embeddable":true,"href":"https:\/\/www.hofmann-rtv.ch\/index.php?rest_route=%2Fwp%2Fv2%2Fpwb-brand&post=5611"},{"taxonomy":"product_brand","embeddable":true,"href":"https:\/\/www.hofmann-rtv.ch\/index.php?rest_route=%2Fwp%2Fv2%2Fproduct_brand&post=5611"},{"taxonomy":"product_cat","embeddable":true,"href":"https:\/\/www.hofmann-rtv.ch\/index.php?rest_route=%2Fwp%2Fv2%2Fproduct_cat&post=5611"},{"taxonomy":"product_tag","embeddable":true,"href":"https:\/\/www.hofmann-rtv.ch\/index.php?rest_route=%2Fwp%2Fv2%2Fproduct_tag&post=5611"}],"curies":[{"name":"wp","href":"https:\/\/api.w.org\/{rel}","templated":true}]}}