{"id":5612,"date":"2026-04-16T15:35:56","date_gmt":"2026-04-16T13:35:56","guid":{"rendered":"https:\/\/www.hofmann-rtv.ch\/?product=piega-ace-50-wireless"},"modified":"2026-04-16T15:37:03","modified_gmt":"2026-04-16T13:37:03","slug":"piega-ace-50-wireless","status":"publish","type":"product","link":"https:\/\/www.hofmann-rtv.ch\/?product=piega-ace-50-wireless","title":{"rendered":"Piega Ace 50 Wireless"},"content":{"rendered":"","protected":false},"excerpt":{"rendered":"<p>Die PIEGA Ace 50 Wireless Lautsprecher stehen f\u00fcr ein stylishes All-In-One Hi-Fi-System, das mit hervorragendem PIEGA-Klang \u00fcberzeugt. Von Streaming \u00fcber Multiroom bis hin zur perfekten Erg\u00e4nzung f\u00fcr deinen TV \u2013 dieser Standlautsprecher bietet dir dank der integrierten Streaming-Clients und diversen TV-Integrationsm\u00f6glichkeiten vollste Flexibilit\u00e4t. Ein schlanker und dennoch enorm gross klingender Lautsprecher, der dein Zuhause optisch und klanglich bereichert.<\/p>\n<p>INCREDIBLE SOUND. INCREDIBLY WIRELESS.<\/p>\n<p>##### Connectivity<br \/>\nIntegrierte Streaming-Clients: Apple AirPlay 2, Spotify Connect (inkl. Spotify HiFi), Google Chromecast, Roon Ready<\/p>\n<p>##### Soundqualit\u00e4t<br \/>\nDie Ace 50 Wireless beruht auf einem klassischen 3-Wege-Design in einem geschlossenen Geh\u00e4use. Ein 120 mm Mittelt\u00f6ner arbeitet in einem separaten Geh\u00e4use. Im Bassbereich spielen gleich vier 120 mm MDS-Tiefmittelt\u00f6ner auf und sorgen f\u00fcr ein pr\u00e4zises Bassfundament. Dank der digitalen Signalprozessoren (DSP) garantieren wir dir unglaublich tiefe Frequenzg\u00e4nge und eine beeindruckende Bassperformance.<\/p>\n<p>##### Design<br \/>\nRundum stimmig. Die modernen Aluminiumgeh\u00e4use imponieren mit ihrer stylishen, sandgestrahlten Oberfl\u00e4che und sind in den Ausf\u00fchrungen Silber, Schwarz und Weiss erh\u00e4ltlich.<\/p>\n<p>##### AMT-B\u00e4ndchen<br \/>\nDas Air Motion Transformer (AMT)-B\u00e4ndchen von PIEGA sorgt f\u00fcr eine detaillierte, pr\u00e4zise Klangabstimmung.<\/p>\n<p>##### TV-Integration<br \/>\nSchliesse deine Ace 50 Wireless via HDMI eARC an, damit du von einer Audio Hi-Res \u00dcbertragungsqualit\u00e4t profitierst. Falls dein TV \u00fcber den WiSA Standard verf\u00fcgt, kannst du die Speaker sogar ganz kabellos verbinden. Alternativ geht&#8217;s ebenfalls mittels optischem oder koaxialem Anschluss.<\/p>\n","protected":false},"featured_media":5608,"template":"","meta":[],"pwb-brand":[114,99],"product_brand":[95],"product_cat":[94,32],"product_tag":[],"class_list":{"0":"post-5612","1":"product","2":"type-product","3":"status-publish","4":"has-post-thumbnail","6":"pwb-brand-klangformat","7":"pwb-brand-piega","8":"product_brand-piega","9":"product_cat-neu","10":"product_cat-hifi","12":"first","13":"outofstock","14":"shipping-taxable","15":"purchasable","16":"product-type-simple"},"jetpack_sharing_enabled":true,"brands":[{"id":114,"name":"Klangformat","slug":"klangformat"},{"id":99,"name":"Piega","slug":"piega"}],"_links":{"self":[{"href":"https:\/\/www.hofmann-rtv.ch\/index.php?rest_route=\/wp\/v2\/product\/5612","targetHints":{"allow":["GET"]}}],"collection":[{"href":"https:\/\/www.hofmann-rtv.ch\/index.php?rest_route=\/wp\/v2\/product"}],"about":[{"href":"https:\/\/www.hofmann-rtv.ch\/index.php?rest_route=\/wp\/v2\/types\/product"}],"wp:featuredmedia":[{"embeddable":true,"href":"https:\/\/www.hofmann-rtv.ch\/index.php?rest_route=\/wp\/v2\/media\/5608"}],"wp:attachment":[{"href":"https:\/\/www.hofmann-rtv.ch\/index.php?rest_route=%2Fwp%2Fv2%2Fmedia&parent=5612"}],"wp:term":[{"taxonomy":"pwb-brand","embeddable":true,"href":"https:\/\/www.hofmann-rtv.ch\/index.php?rest_route=%2Fwp%2Fv2%2Fpwb-brand&post=5612"},{"taxonomy":"product_brand","embeddable":true,"href":"https:\/\/www.hofmann-rtv.ch\/index.php?rest_route=%2Fwp%2Fv2%2Fproduct_brand&post=5612"},{"taxonomy":"product_cat","embeddable":true,"href":"https:\/\/www.hofmann-rtv.ch\/index.php?rest_route=%2Fwp%2Fv2%2Fproduct_cat&post=5612"},{"taxonomy":"product_tag","embeddable":true,"href":"https:\/\/www.hofmann-rtv.ch\/index.php?rest_route=%2Fwp%2Fv2%2Fproduct_tag&post=5612"}],"curies":[{"name":"wp","href":"https:\/\/api.w.org\/{rel}","templated":true}]}}