{"id":5613,"date":"2026-04-16T15:35:56","date_gmt":"2026-04-16T13:35:56","guid":{"rendered":"https:\/\/www.hofmann-rtv.ch\/?product=piega-ace-30-wireless"},"modified":"2026-04-16T15:37:03","modified_gmt":"2026-04-16T13:37:03","slug":"piega-ace-30-wireless","status":"publish","type":"product","link":"https:\/\/www.hofmann-rtv.ch\/?product=piega-ace-30-wireless","title":{"rendered":"Piega Ace 30 Wireless"},"content":{"rendered":"","protected":false},"excerpt":{"rendered":"<p>Der PIEGA Ace 30 Wireless Regallautsprecher ist das kleinste, gr\u00f6sste All-In-One-System, das mit hervorragendem PIEGA-Klang besticht. Du ben\u00f6tigst keine zus\u00e4tzlichen Ger\u00e4te mehr, denn dank der integrierten Streaming-Clients und einfacher TV-Integration bietet dir dieser kompakte Wireless Lautsprecher vollste Flexibilit\u00e4t. Ein kleiner, ganz gross klingender Lautsprecher, der mit einer enormen Bassleistung \u00fcberrascht und dein Zuhause mit perfektem Sound aufwertet.<\/p>\n<p>INCREDIBLE SOUND. INCREDIBLY WIRELESS.<\/p>\n<p>Connectivity<br \/>\nIntegrierte Streaming-Clients: Apple AirPlay 2, Spotify Connect (inkl. Spotify HiFi), Google Chromecast, Roon Ready<\/p>\n<p>TV-Integration<br \/>\nSchliesse deine Ace 30 Wireless via HDMI eARC an oder mittels opt\/koax Kabel. Falls dein TV \u00fcber den WiSA-Standard verf\u00fcgt, kannst du die Speaker sogar ganz kabellos mit dem TV koppeln.<\/p>\n<p>Design<br \/>\nRundum stimmig. Die modernen Aluminiumgeh\u00e4use imponieren mit ihrer modernen, sandgestrahlten Oberfl\u00e4che und sind in den Ausf\u00fchrungen Silber, Schwarz und Weiss erh\u00e4ltlich.<\/p>\n<p>Soundqualit\u00e4t<br \/>\nDas PIEGA AMT-B\u00e4ndchen sorgt f\u00fcr eine sch\u00f6ne, detaillierte Klangabstimmung. Ein 120 mm Tiefmittelton-Treiber versorgt diesen kleinen Speaker zudem mit verbl\u00fcffenden B\u00e4ssen. Dank der digitalen Signalprozessoren (DSP) garantieren wir dir unglaublich tiefe Frequenzg\u00e4nge und eine beeindruckende Bassperformance.<\/p>\n","protected":false},"featured_media":5606,"template":"","meta":[],"pwb-brand":[114,99],"product_brand":[95],"product_cat":[94,32],"product_tag":[],"class_list":{"0":"post-5613","1":"product","2":"type-product","3":"status-publish","4":"has-post-thumbnail","6":"pwb-brand-klangformat","7":"pwb-brand-piega","8":"product_brand-piega","9":"product_cat-neu","10":"product_cat-hifi","12":"first","13":"outofstock","14":"shipping-taxable","15":"purchasable","16":"product-type-simple"},"jetpack_sharing_enabled":true,"brands":[{"id":114,"name":"Klangformat","slug":"klangformat"},{"id":99,"name":"Piega","slug":"piega"}],"_links":{"self":[{"href":"https:\/\/www.hofmann-rtv.ch\/index.php?rest_route=\/wp\/v2\/product\/5613","targetHints":{"allow":["GET"]}}],"collection":[{"href":"https:\/\/www.hofmann-rtv.ch\/index.php?rest_route=\/wp\/v2\/product"}],"about":[{"href":"https:\/\/www.hofmann-rtv.ch\/index.php?rest_route=\/wp\/v2\/types\/product"}],"wp:featuredmedia":[{"embeddable":true,"href":"https:\/\/www.hofmann-rtv.ch\/index.php?rest_route=\/wp\/v2\/media\/5606"}],"wp:attachment":[{"href":"https:\/\/www.hofmann-rtv.ch\/index.php?rest_route=%2Fwp%2Fv2%2Fmedia&parent=5613"}],"wp:term":[{"taxonomy":"pwb-brand","embeddable":true,"href":"https:\/\/www.hofmann-rtv.ch\/index.php?rest_route=%2Fwp%2Fv2%2Fpwb-brand&post=5613"},{"taxonomy":"product_brand","embeddable":true,"href":"https:\/\/www.hofmann-rtv.ch\/index.php?rest_route=%2Fwp%2Fv2%2Fproduct_brand&post=5613"},{"taxonomy":"product_cat","embeddable":true,"href":"https:\/\/www.hofmann-rtv.ch\/index.php?rest_route=%2Fwp%2Fv2%2Fproduct_cat&post=5613"},{"taxonomy":"product_tag","embeddable":true,"href":"https:\/\/www.hofmann-rtv.ch\/index.php?rest_route=%2Fwp%2Fv2%2Fproduct_tag&post=5613"}],"curies":[{"name":"wp","href":"https:\/\/api.w.org\/{rel}","templated":true}]}}