{"id":5614,"date":"2026-04-16T15:35:56","date_gmt":"2026-04-16T13:35:56","guid":{"rendered":"https:\/\/www.hofmann-rtv.ch\/?product=piega-ace-center-wireless"},"modified":"2026-04-16T15:37:03","modified_gmt":"2026-04-16T13:37:03","slug":"piega-ace-center-wireless","status":"publish","type":"product","link":"https:\/\/www.hofmann-rtv.ch\/?product=piega-ace-center-wireless","title":{"rendered":"Piega Ace Center Wireless"},"content":{"rendered":"","protected":false},"excerpt":{"rendered":"<p>Der Ace Center Wireless sorgt mit seiner geballten Ladung an Power f\u00fcr unvergessliche Filmabende. Dialoge werden dank dem PIEGA AMT-Hocht\u00f6ner bei jeder Lautst\u00e4rke kristallklar wiedergegeben. Der Center eignet sich ebenfalls als Decken- oder Wandlautsprecher und bietet damit die optimale Erg\u00e4nzung f\u00fcr dein Heimkino.<\/p>\n<p>Design<br \/>\nMit seinem ovalen Design aus der Feder von Stephan H\u00fcrlemann und dem einzigartigen, beinahe fugenlosen Aluminium-Profil ist der Ace Center ein absoluter Hingucker. Dennoch f\u00fcgt er sich dezent in jeden Raum ein und passt dank seiner schlanken Abmessung perfekt unter einen TV.<\/p>\n<p>Sound<br \/>\nDer PIEGA AMT-Hocht\u00f6ner und die zwei 120 mm MDS-Tiefmittelton-Treiber sorgen f\u00fcr eine nahezu perfekte Wiedergabe von Dialogen.<\/p>\n<p>Connectivity<br \/>\nDer Ace Center ist die ideale Erg\u00e4nzung zu den Ace Wireless Lautsprechern mit diversen Optionen zur Integration eines TV-Ger\u00e4tes (HDMI eARC, WiSA) und dem Aufbau eines Wireless-Mehrkanalsystems (bis zu 7.1 m\u00f6glich).<\/p>\n<p>Unvergleichbare Harmonie<br \/>\nDer Center erg\u00e4nzt die Ace Wireless 30 sowie die Ace Wireless 50 optisch wie auch soundtechnisch optimal und vollendet das harmonische Klangbild.<\/p>\n","protected":false},"featured_media":5610,"template":"","meta":[],"pwb-brand":[114,99],"product_brand":[95],"product_cat":[94,32],"product_tag":[],"class_list":{"0":"post-5614","1":"product","2":"type-product","3":"status-publish","4":"has-post-thumbnail","6":"pwb-brand-klangformat","7":"pwb-brand-piega","8":"product_brand-piega","9":"product_cat-neu","10":"product_cat-hifi","12":"first","13":"outofstock","14":"shipping-taxable","15":"purchasable","16":"product-type-simple"},"jetpack_sharing_enabled":true,"brands":[{"id":114,"name":"Klangformat","slug":"klangformat"},{"id":99,"name":"Piega","slug":"piega"}],"_links":{"self":[{"href":"https:\/\/www.hofmann-rtv.ch\/index.php?rest_route=\/wp\/v2\/product\/5614","targetHints":{"allow":["GET"]}}],"collection":[{"href":"https:\/\/www.hofmann-rtv.ch\/index.php?rest_route=\/wp\/v2\/product"}],"about":[{"href":"https:\/\/www.hofmann-rtv.ch\/index.php?rest_route=\/wp\/v2\/types\/product"}],"wp:featuredmedia":[{"embeddable":true,"href":"https:\/\/www.hofmann-rtv.ch\/index.php?rest_route=\/wp\/v2\/media\/5610"}],"wp:attachment":[{"href":"https:\/\/www.hofmann-rtv.ch\/index.php?rest_route=%2Fwp%2Fv2%2Fmedia&parent=5614"}],"wp:term":[{"taxonomy":"pwb-brand","embeddable":true,"href":"https:\/\/www.hofmann-rtv.ch\/index.php?rest_route=%2Fwp%2Fv2%2Fpwb-brand&post=5614"},{"taxonomy":"product_brand","embeddable":true,"href":"https:\/\/www.hofmann-rtv.ch\/index.php?rest_route=%2Fwp%2Fv2%2Fproduct_brand&post=5614"},{"taxonomy":"product_cat","embeddable":true,"href":"https:\/\/www.hofmann-rtv.ch\/index.php?rest_route=%2Fwp%2Fv2%2Fproduct_cat&post=5614"},{"taxonomy":"product_tag","embeddable":true,"href":"https:\/\/www.hofmann-rtv.ch\/index.php?rest_route=%2Fwp%2Fv2%2Fproduct_tag&post=5614"}],"curies":[{"name":"wp","href":"https:\/\/api.w.org\/{rel}","templated":true}]}}