{"id":5618,"date":"2026-04-16T15:36:00","date_gmt":"2026-04-16T13:36:00","guid":{"rendered":"https:\/\/www.hofmann-rtv.ch\/?product=piega-sub-medium-wireless-4"},"modified":"2026-04-16T15:37:03","modified_gmt":"2026-04-16T13:37:03","slug":"piega-sub-medium-wireless-4","status":"publish","type":"product","link":"https:\/\/www.hofmann-rtv.ch\/?product=piega-sub-medium-wireless-4","title":{"rendered":"Piega Sub Medium Wireless"},"content":{"rendered":"","protected":false},"excerpt":{"rendered":"<p>Ob f\u00fcr dein Heimkino oder Stereosystem \u2013 der Sub Medium sorgt f\u00fcr druckvolle, abgrundtiefe B\u00e4sse, spannungsgeladene Momente und eine gewaltige Ladung an Emotionen. Dank des kompakten Aluminiumprofils und der geschlossenen Geh\u00e4usekonstruktion sowie zweier 8-Zoll-Treiber sorgt dieser Subwoofer f\u00fcr eine unglaublich pr\u00e4zise Basswiedergabe.<\/p>\n<p>Plug &#038; Play<br \/>\nDer Sub Medium ist die ideale Erg\u00e4nzung zu den Ace Wireless Lautsprechern. Er kann spielend leicht in ein bestehendes System integriert oder mit einem WiSA-f\u00e4higen Ger\u00e4t (Transmitter) verbunden werden. Nat\u00fcrlich kann der Sub Medium auch in jeder klassischen passiven Anlage via Kabel angeschlossen und auf diese Weise mit s\u00e4mtlichen PIEGA Lautsprechern kombiniert werden.<\/p>\n<p>Lineare Basswiedergabe<br \/>\nDie beiden eingebauten 8-Zoll-Treiber sind optimal auf das Geh\u00e4usevolumen des Subwoofers abgestimmt. Zudem werden dieselben digitalen Filter und Algorithmen wie f\u00fcr die Ace Wireless Serie verwendet. Dies erm\u00f6glicht eine lineare Basswiedergabe \u00fcber den gesamten Bereich. Der Sub Medium passt sich der gespielten Lautst\u00e4rke an (dynamische Loudness-Korrektur) und sorgt damit immer f\u00fcr satte B\u00e4sse.<\/p>\n<p>Design<br \/>\nBeim Sub Medium wird ein zu 100 % aus Aluminium bestehendes Geh\u00e4use verwendet. Das kompakte, runde Aluminiumprofil mit einem Durchmesser von lediglich 230 mm und die geschlossene Geh\u00e4usekonstruktion sorgen f\u00fcr eine unglaublich pr\u00e4zise Basswiedergabe. Mit seinem modernen Design und seiner edlen Verarbeitung ist der Sub Medium optisch ein echtes Highlight.<\/p>\n","protected":false},"featured_media":5617,"template":"","meta":[],"pwb-brand":[114,99],"product_brand":[95],"product_cat":[94,32],"product_tag":[],"class_list":{"0":"post-5618","1":"product","2":"type-product","3":"status-publish","4":"has-post-thumbnail","6":"pwb-brand-klangformat","7":"pwb-brand-piega","8":"product_brand-piega","9":"product_cat-neu","10":"product_cat-hifi","12":"first","13":"outofstock","14":"shipping-taxable","15":"purchasable","16":"product-type-simple"},"jetpack_sharing_enabled":true,"brands":[{"id":114,"name":"Klangformat","slug":"klangformat"},{"id":99,"name":"Piega","slug":"piega"}],"_links":{"self":[{"href":"https:\/\/www.hofmann-rtv.ch\/index.php?rest_route=\/wp\/v2\/product\/5618","targetHints":{"allow":["GET"]}}],"collection":[{"href":"https:\/\/www.hofmann-rtv.ch\/index.php?rest_route=\/wp\/v2\/product"}],"about":[{"href":"https:\/\/www.hofmann-rtv.ch\/index.php?rest_route=\/wp\/v2\/types\/product"}],"wp:featuredmedia":[{"embeddable":true,"href":"https:\/\/www.hofmann-rtv.ch\/index.php?rest_route=\/wp\/v2\/media\/5617"}],"wp:attachment":[{"href":"https:\/\/www.hofmann-rtv.ch\/index.php?rest_route=%2Fwp%2Fv2%2Fmedia&parent=5618"}],"wp:term":[{"taxonomy":"pwb-brand","embeddable":true,"href":"https:\/\/www.hofmann-rtv.ch\/index.php?rest_route=%2Fwp%2Fv2%2Fpwb-brand&post=5618"},{"taxonomy":"product_brand","embeddable":true,"href":"https:\/\/www.hofmann-rtv.ch\/index.php?rest_route=%2Fwp%2Fv2%2Fproduct_brand&post=5618"},{"taxonomy":"product_cat","embeddable":true,"href":"https:\/\/www.hofmann-rtv.ch\/index.php?rest_route=%2Fwp%2Fv2%2Fproduct_cat&post=5618"},{"taxonomy":"product_tag","embeddable":true,"href":"https:\/\/www.hofmann-rtv.ch\/index.php?rest_route=%2Fwp%2Fv2%2Fproduct_tag&post=5618"}],"curies":[{"name":"wp","href":"https:\/\/api.w.org\/{rel}","templated":true}]}}